{"id":12684,"date":"2023-09-21T18:04:15","date_gmt":"2023-09-21T16:04:15","guid":{"rendered":"https:\/\/galerie-artima.com\/frederique-tristant-biographie"},"modified":"2025-12-18T15:02:42","modified_gmt":"2025-12-18T14:02:42","slug":"frederique-tristant-biography","status":"publish","type":"page","link":"https:\/\/galerie-artima.com\/en\/frederique-tristant-biography","title":{"rendered":"Fr\u00e9d\u00e9rique TRISTANT &#8211; Biography"},"content":{"rendered":"<p><div class=\"fusion-fullwidth fullwidth-box fusion-builder-row-1 fusion-flex-container nonhundred-percent-fullwidth non-hundred-percent-height-scrolling\" style=\"--awb-border-radius-top-left:0px;--awb-border-radius-top-right:0px;--awb-border-radius-bottom-right:0px;--awb-border-radius-bottom-left:0px;--awb-padding-left:22px;--awb-padding-left-medium:0px;--awb-flex-wrap:wrap;\" ><div class=\"fusion-builder-row fusion-row fusion-flex-align-items-flex-start fusion-flex-content-wrap\" style=\"max-width:1248px;margin-left: calc(-4% \/ 2 );margin-right: calc(-4% \/ 2 );\"><div class=\"fusion-layout-column fusion_builder_column fusion-builder-column-0 fusion-flex-column\" style=\"--awb-bg-size:cover;--awb-width-large:auto;--awb-margin-top-large:0px;--awb-spacing-right-large:25px;--awb-margin-bottom-large:0px;--awb-spacing-left-large:2%;--awb-width-medium:auto;--awb-order-medium:0;--awb-spacing-right-medium:25px;--awb-spacing-left-medium:2%;--awb-width-small:auto;--awb-order-small:0;--awb-spacing-right-small:25px;--awb-spacing-left-small:2%;\"><div class=\"fusion-column-wrapper fusion-column-has-shadow fusion-flex-justify-content-center fusion-content-layout-column\"><div style=\"text-align:left;\"><a class=\"fusion-button button-flat button-medium button-custom fusion-button-default button-1 fusion-button-span-no fusion-has-button-gradient\" style=\"--button_accent_color:#607d8b;--button_border_color:#607d8b;--button_accent_hover_color:#000000;--button_border_hover_color:#000000;--button_border_width-top:1px;--button_border_width-right:1px;--button_border_width-bottom:1px;--button_border_width-left:1px;--button_gradient_top_color:rgba(0,0,0,0.03);--button_gradient_bottom_color:rgba(0,0,0,0);--button_gradient_top_color_hover:rgba(0,0,0,0);--button_gradient_bottom_color_hover:rgba(0,0,0,0);\" target=\"_self\" href=\"https:\/\/galerie-artima.com\/en\/frederique-tristant-works\"><span class=\"fusion-button-text awb-button__text awb-button__text--default\">Works<\/span><\/a><\/div><\/div><\/div><div class=\"fusion-layout-column fusion_builder_column fusion-builder-column-1 fusion-flex-column\" style=\"--awb-bg-size:cover;--awb-width-large:auto;--awb-margin-top-large:0px;--awb-spacing-right-large:2%;--awb-margin-bottom-large:0px;--awb-spacing-left-large:2%;--awb-width-medium:auto;--awb-order-medium:0;--awb-spacing-right-medium:2%;--awb-spacing-left-medium:2%;--awb-width-small:auto;--awb-order-small:0;--awb-spacing-right-small:2%;--awb-spacing-left-small:2%;\"><div class=\"fusion-column-wrapper fusion-column-has-shadow fusion-flex-justify-content-center fusion-content-layout-column\"><div style=\"text-align:left;\"><a class=\"fusion-button button-flat button-medium button-custom fusion-button-default button-2 fusion-button-span-no fusion-has-button-gradient\" style=\"--button_accent_color:#000000;--button_border_color:#000000;--button_accent_hover_color:#000000;--button_border_hover_color:#000000;--button_border_width-top:1px;--button_border_width-right:1px;--button_border_width-bottom:1px;--button_border_width-left:1px;--button_gradient_top_color:rgba(0,0,0,0.03);--button_gradient_bottom_color:rgba(0,0,0,0);--button_gradient_top_color_hover:rgba(0,0,0,0);--button_gradient_bottom_color_hover:rgba(0,0,0,0);\" target=\"_self\" href=\"#\"><span class=\"fusion-button-text awb-button__text awb-button__text--default\">Biography<\/span><\/a><\/div><\/div><\/div><\/div><\/div><div class=\"fusion-fullwidth fullwidth-box fusion-builder-row-2 fusion-flex-container nonhundred-percent-fullwidth non-hundred-percent-height-scrolling\" style=\"--awb-border-radius-top-left:0px;--awb-border-radius-top-right:0px;--awb-border-radius-bottom-right:0px;--awb-border-radius-bottom-left:0px;--awb-margin-bottom:25px;--awb-flex-wrap:wrap;\" ><div class=\"fusion-builder-row fusion-row fusion-flex-align-items-flex-start fusion-flex-content-wrap\" style=\"max-width:1248px;margin-left: calc(-4% \/ 2 );margin-right: calc(-4% \/ 2 );\"><div class=\"fusion-layout-column fusion_builder_column fusion-builder-column-2 fusion_builder_column_1_1 1_1 fusion-flex-column fusion-flex-align-self-center\" style=\"--awb-bg-size:cover;--awb-width-large:100%;--awb-margin-top-large:10px;--awb-spacing-right-large:1.92%;--awb-margin-bottom-large:10px;--awb-spacing-left-large:1.92%;--awb-width-medium:50%;--awb-order-medium:0;--awb-spacing-right-medium:3.84%;--awb-spacing-left-medium:3.84%;--awb-width-small:100%;--awb-order-small:0;--awb-spacing-right-small:1.92%;--awb-spacing-left-small:1.92%;\"><div class=\"fusion-column-wrapper fusion-column-has-shadow fusion-flex-justify-content-center fusion-content-layout-column\"><div class=\"fusion-separator fusion-full-width-sep\" style=\"align-self: center;margin-left: auto;margin-right: auto;width:100%;\"><div class=\"fusion-separator-border sep-single sep-solid\" style=\"--awb-height:20px;--awb-amount:20px;border-color:#e0dede;border-top-width:1px;\"><\/div><\/div><\/div><\/div><\/div><\/div><div class=\"fusion-fullwidth fullwidth-box fusion-builder-row-3 fusion-flex-container nonhundred-percent-fullwidth non-hundred-percent-height-scrolling\" style=\"--awb-border-radius-top-left:0px;--awb-border-radius-top-right:0px;--awb-border-radius-bottom-right:0px;--awb-border-radius-bottom-left:0px;--awb-flex-wrap:wrap;\" ><div class=\"fusion-builder-row fusion-row fusion-flex-align-items-flex-start fusion-flex-content-wrap\" style=\"max-width:1248px;margin-left: calc(-4% \/ 2 );margin-right: calc(-4% \/ 2 );\"><div class=\"fusion-layout-column fusion_builder_column fusion-builder-column-3 fusion_builder_column_1_6 1_6 fusion-flex-column\" style=\"--awb-bg-size:cover;--awb-width-large:16.666666666667%;--awb-margin-top-large:0px;--awb-spacing-right-large:11.52%;--awb-margin-bottom-large:0px;--awb-spacing-left-large:11.52%;--awb-width-medium:16.666666666667%;--awb-order-medium:0;--awb-spacing-right-medium:11.52%;--awb-spacing-left-medium:11.52%;--awb-width-small:16.666666666667%;--awb-order-small:0;--awb-spacing-right-small:11.52%;--awb-spacing-left-small:11.52%;\"><div class=\"fusion-column-wrapper fusion-column-has-shadow fusion-flex-justify-content-flex-start fusion-content-layout-column\"><div class=\"fusion-image-element \" style=\"--awb-caption-title-font-family:var(--h2_typography-font-family);--awb-caption-title-font-weight:var(--h2_typography-font-weight);--awb-caption-title-font-style:var(--h2_typography-font-style);--awb-caption-title-size:var(--h2_typography-font-size);--awb-caption-title-transform:var(--h2_typography-text-transform);--awb-caption-title-line-height:var(--h2_typography-line-height);--awb-caption-title-letter-spacing:var(--h2_typography-letter-spacing);\"><span class=\" fusion-imageframe imageframe-none imageframe-1 hover-type-none\"><img decoding=\"async\" width=\"2560\" height=\"2560\" title=\"Portrait Tristant\" src=\"https:\/\/galerie-artima.com\/wp-content\/uploads\/2025\/04\/Portrait-Tristant-scaled.jpg\" data-orig-src=\"https:\/\/galerie-artima.com\/wp-content\/uploads\/2025\/04\/Portrait-Tristant-scaled.jpg\" alt class=\"lazyload img-responsive wp-image-18093\" srcset=\"data:image\/svg+xml,%3Csvg%20xmlns%3D%27http%3A%2F%2Fwww.w3.org%2F2000%2Fsvg%27%20width%3D%272560%27%20height%3D%272560%27%20viewBox%3D%270%200%202560%202560%27%3E%3Crect%20width%3D%272560%27%20height%3D%272560%27%20fill-opacity%3D%220%22%2F%3E%3C%2Fsvg%3E\" data-srcset=\"https:\/\/galerie-artima.com\/wp-content\/uploads\/2025\/04\/Portrait-Tristant-200x200.jpg 200w, https:\/\/galerie-artima.com\/wp-content\/uploads\/2025\/04\/Portrait-Tristant-400x400.jpg 400w, https:\/\/galerie-artima.com\/wp-content\/uploads\/2025\/04\/Portrait-Tristant-600x600.jpg 600w, https:\/\/galerie-artima.com\/wp-content\/uploads\/2025\/04\/Portrait-Tristant-800x800.jpg 800w, https:\/\/galerie-artima.com\/wp-content\/uploads\/2025\/04\/Portrait-Tristant-1200x1200.jpg 1200w, https:\/\/galerie-artima.com\/wp-content\/uploads\/2025\/04\/Portrait-Tristant-scaled.jpg 2560w\" data-sizes=\"auto\" data-orig-sizes=\"200px\" \/><\/span><\/div><\/div><\/div><div class=\"fusion-layout-column fusion_builder_column fusion-builder-column-4 fusion_builder_column_5_6 5_6 fusion-flex-column\" style=\"--awb-bg-size:cover;--awb-width-large:83.333333333333%;--awb-margin-top-large:0px;--awb-spacing-right-large:2.304%;--awb-margin-bottom-large:0px;--awb-spacing-left-large:2.304%;--awb-width-medium:83.333333333333%;--awb-order-medium:0;--awb-spacing-right-medium:2.304%;--awb-spacing-left-medium:2.304%;--awb-width-small:83.333333333333%;--awb-order-small:0;--awb-spacing-right-small:2.304%;--awb-spacing-left-small:2.304%;\"><div class=\"fusion-column-wrapper fusion-column-has-shadow fusion-flex-justify-content-flex-start fusion-content-layout-column\"><div class=\"fusion-text fusion-text-1\" style=\"--awb-text-color:#222222;\"><p><strong>\u00a0<\/strong><\/p>\n<p><strong>Born in Vannes in 1971. Lives and works in Morbihan, Brittany.<\/strong><\/p>\n<p style=\"text-align: justify;\">Fr\u00e9d\u00e9rique Tristant is both a semiotician and a painter. This dual training permeates her work, which goes beyond graphics to include the tools of reproduction (photos, videos) and the results of scientific investigations (radiology, scans, MRI).<\/p>\n<p style=\"text-align: justify;\">Based on this reflection, the artist explores the boundaries and tension between the physical reality of the skin and the body, and the dreamlike vision offered by its representation. This reality is subtly recreated in a two-dimensional space and materialized by thinner layers. Her work features portraits of women, retouched in watercolor and acrylic, evoking memories on the surface of their skin.<\/p>\n<p style=\"text-align: justify;\">Fr\u00e9d\u00e9rique Tristant acquires the physiognomy and begins to modify it freely. She refines the mask, which tells the story of a woman like a diary of melancholy, absence and sensuality. The folds and wrinkles of tissue paper anchor his work in the vanitas genre, creating a clear transition between photographic evidence and painting. The motifs (flowers, trees, birds, stripes, liberty etc.) allow us to move from a photographed real person to a fictional one, ignoring the simple decorative aspects. Landscapes and urban architecture are also part of his personal narrative, recreating the geography of his childhood fantasies. The motif is Proust&#8217;s Madeleine, and his work makes a nostalgic, personal memory universal.<\/p>\n<p><strong>\u00a0<\/strong><\/p>\n<p><strong>Exhibitions: <\/strong><\/p>\n<p>2025<br \/>\n<em>Focus sur&#8230; Fr\u00e9d\u00e9rique Tristant<\/em> &#8211; Galerie Artima &#8211; Honfleur<br \/>\n<em>A Fleur d\u2019eau<\/em> &#8211; Solo show &#8211; Galerie Artima &#8211; Paris<br \/>\n<em>Her<\/em> &#8211; Lumi\u00e8re Contemporary Art Gallery &#8211; Chypre<\/p>\n<p>2024<br \/>\n<em>Art Forever<\/em> &#8211; Exposition collective &#8211; Galerie Eug\u00e8ne &#8211; Laval<br \/>\nAll the people &#8211; Group show &#8211; Galerie Eug\u00e8ne &#8211; Laval<br \/>\nGroup show &#8211; Deconamic &#8211; Antwerpen<br \/>\n<em>Signatures galerie<\/em> &#8211; Group show &#8211; Sainte Marine<br \/>\n<em>Jeunes filles en fleur<\/em> &#8211; Solo show &#8211; Galerie Artima &#8211; Paris<br \/>\n<em>Sublime<\/em> &#8211; Group show &#8211; Galerie Eug\u00e8ne &#8211; Laval<br \/>\nGroup show &#8211; Ars Essentia Gallery &#8211; Beaune<br \/>\n<em>Lumi\u00e8res du jour<\/em> &#8211; Group show &#8211; Galerie Eug\u00e8ne &#8211; Laval<\/p>\n<p>2023<br \/>\n<em>Les uns et les autres<\/em> &#8211; Group show &#8211; Galerie Eug\u00e8ne &#8211; Laval<br \/>\nAffordable Art Fair &#8211; London &#8211; Galerie Artima<br \/>\n<em>Arbres\u2026etc<\/em> &#8211; Group show &#8211; Galerie Eug\u00e8ne &#8211; Laval<br \/>\nSalons des Antiquit\u00e9s &#8211; Galerie Eug\u00e8ne &#8211; Ch\u00e2teau Gontier<br \/>\nGroup show &#8211; Ars Essentia Gallery &#8211; Beaune<br \/>\nGroup show &#8211; Galerie L\u2019\u0153il du Prince &#8211; Biarritz<br \/>\nGroup show &#8211; Galerie27 &#8211; Montauban<br \/>\n<em>Together\u2026la suite<\/em> &#8211; Group show &#8211; Galerie Eug\u00e8ne &#8211; Laval<\/p>\n<p>2022<br \/>\n<em>Together <\/em>&#8211; Group show &#8211; Galerie Eug\u00e8ne &#8211; Laval<br \/>\nGroup show &#8211; Galerie L&#8217;Oeil du Prince- Biarritz<br \/>\n<em>La vie en pop<\/em> &#8211; Group show &#8211; Galerie Eug\u00e8ne &#8211; Laval<br \/>\nGroup show &#8211; Art&#8217;Galerie &#8211; Soorts-Hossegor<br \/>\n<em>La beaut\u00e9 dans l\u2019art<\/em> &#8211; Group show &#8211; Galerie Eug\u00e8ne &#8211; Laval<br \/>\nGroup show &#8211; Galerie Val\u00e9rie Peter- Bordeaux<br \/>\n<em>Lignes et courbes<\/em> -Group show &#8211; Galerie Eug\u00e8ne &#8211; Laval<br \/>\nGroup show &#8211; Ars Essentia Gallery &#8211; Beaune<br \/>\nGroup show &#8211; Galerie Au-del\u00e0 des apparences &#8211; Annecy<br \/>\nSalon International des Beaux-arts &#8211; Luxembourg<\/p>\n<p>2021<br \/>\n<em>Sur-mesure<\/em> &#8211; Installation &#8211; Premi\u00e8res Assises de la Transition de Caux Seine agglo &#8211; Abbaye du Valasse<br \/>\nSalon d\u2019Automne &#8211; Grand Palais &#8211; Paris<br \/>\nFeeling ART Galerie &#8211; Trouville-sur-Mer<br \/>\nGalerie Eug\u00e8ne &#8211; Laval<\/p>\n<p>2020<br \/>\nGroup show &#8211; Galerie T\u00f4t ou t\u2019Art &#8211; Verdun<br \/>\nGroup show &#8211; Galerie Eug\u00e8ne &#8211; Laval<\/p>\n<p>2019<br \/>\n<em>Regardez-moi<\/em>\u00a0&#8211; Exhibition with Michele Landel &#8211; The Fibery Gallery &#8211; Paris<br \/>\n<em>Gisants<\/em> &#8211; Exposition Aquarelles grands formats &#8211; Galerie Ga\u00efa &#8211; Nantes<br \/>\nGroup show &#8211; Galerie Eug\u00e8ne &#8211; Laval<\/p>\n<p>2018<br \/>\nGroup show &#8211; Galerie Eug\u00e8ne &#8211; Laval<br \/>\n<strong>\u00a0<\/strong><\/p>\n<p><strong>Education\u00a0: <\/strong><\/p>\n<p>2009<br \/>\nCapes d\u2019Arts Plastiques &#8211; Universit\u00e9 de Haute-Bretagne Rennes II<\/p>\n<p>2002<br \/>\nDoctorate in Visual Semiotics &#8211; Universit\u00e9 Michel de Montaigne Bordeaux III<\/p>\n<\/div><\/div><\/div><\/div><\/div><\/p>\n","protected":false},"excerpt":{"rendered":"","protected":false},"author":1,"featured_media":0,"parent":0,"menu_order":65,"comment_status":"closed","ping_status":"closed","template":"","meta":{"footnotes":""},"class_list":["post-12684","page","type-page","status-publish","hentry"],"yoast_head":"<!-- This site is optimized with the Yoast SEO plugin v27.2 - https:\/\/yoast.com\/product\/yoast-seo-wordpress\/ -->\n<title>Fr\u00e9d\u00e9rique TRISTANT - Biography - Galerie Artima<\/title>\n<meta name=\"description\" content=\"FREDERIQUE TRISTANT - French painter - Watercolor and acrylic on paper - Female portraits\" \/>\n<meta name=\"robots\" content=\"index, follow, max-snippet:-1, max-image-preview:large, max-video-preview:-1\" \/>\n<link rel=\"canonical\" href=\"https:\/\/galerie-artima.com\/en\/frederique-tristant-biography\" \/>\n<meta property=\"og:locale\" content=\"en_US\" \/>\n<meta property=\"og:type\" content=\"article\" \/>\n<meta property=\"og:title\" content=\"Fr\u00e9d\u00e9rique TRISTANT - Biography - Galerie Artima\" \/>\n<meta property=\"og:description\" content=\"FREDERIQUE TRISTANT - French painter - Watercolor and acrylic on paper - Female portraits\" \/>\n<meta property=\"og:url\" content=\"https:\/\/galerie-artima.com\/en\/frederique-tristant-biography\" \/>\n<meta property=\"og:site_name\" content=\"Galerie Artima\" \/>\n<meta property=\"article:publisher\" content=\"https:\/\/www.facebook.com\/mulevosges\" \/>\n<meta property=\"article:modified_time\" content=\"2025-12-18T14:02:42+00:00\" \/>\n<meta name=\"twitter:card\" content=\"summary_large_image\" \/>\n<script type=\"application\/ld+json\" class=\"yoast-schema-graph\">{\"@context\":\"https:\/\/schema.org\",\"@graph\":[{\"@type\":\"WebPage\",\"@id\":\"https:\/\/galerie-artima.com\/en\/frederique-tristant-biography\",\"url\":\"https:\/\/galerie-artima.com\/en\/frederique-tristant-biography\",\"name\":\"Fr\u00e9d\u00e9rique TRISTANT - Biography - Galerie Artima\",\"isPartOf\":{\"@id\":\"https:\/\/galerie-artima.com\/#website\"},\"datePublished\":\"2023-09-21T16:04:15+00:00\",\"dateModified\":\"2025-12-18T14:02:42+00:00\",\"description\":\"FREDERIQUE TRISTANT - French painter - Watercolor and acrylic on paper - Female portraits\",\"breadcrumb\":{\"@id\":\"https:\/\/galerie-artima.com\/en\/frederique-tristant-biography#breadcrumb\"},\"inLanguage\":\"en-US\",\"potentialAction\":[{\"@type\":\"ReadAction\",\"target\":[\"https:\/\/galerie-artima.com\/en\/frederique-tristant-biography\"]}]},{\"@type\":\"BreadcrumbList\",\"@id\":\"https:\/\/galerie-artima.com\/en\/frederique-tristant-biography#breadcrumb\",\"itemListElement\":[{\"@type\":\"ListItem\",\"position\":1,\"name\":\"Accueil\",\"item\":\"https:\/\/galerie-artima.com\/en\"},{\"@type\":\"ListItem\",\"position\":2,\"name\":\"Fr\u00e9d\u00e9rique TRISTANT &#8211; Biography\"}]},{\"@type\":\"WebSite\",\"@id\":\"https:\/\/galerie-artima.com\/#website\",\"url\":\"https:\/\/galerie-artima.com\/\",\"name\":\"Galerie Artima\",\"description\":\"Galerie ARTIMA - Paris - Honfleur\",\"publisher\":{\"@id\":\"https:\/\/galerie-artima.com\/#organization\"},\"potentialAction\":[{\"@type\":\"SearchAction\",\"target\":{\"@type\":\"EntryPoint\",\"urlTemplate\":\"https:\/\/galerie-artima.com\/?s={search_term_string}\"},\"query-input\":{\"@type\":\"PropertyValueSpecification\",\"valueRequired\":true,\"valueName\":\"search_term_string\"}}],\"inLanguage\":\"en-US\"},{\"@type\":\"Organization\",\"@id\":\"https:\/\/galerie-artima.com\/#organization\",\"name\":\"Galerie ARTIMA\",\"url\":\"https:\/\/galerie-artima.com\/\",\"logo\":{\"@type\":\"ImageObject\",\"inLanguage\":\"en-US\",\"@id\":\"https:\/\/galerie-artima.com\/#\/schema\/logo\/image\/\",\"url\":\"https:\/\/galerie-artima.com\/wp-content\/uploads\/2022\/02\/LOGO-2022-copie.jpg\",\"contentUrl\":\"https:\/\/galerie-artima.com\/wp-content\/uploads\/2022\/02\/LOGO-2022-copie.jpg\",\"width\":2362,\"height\":654,\"caption\":\"Galerie ARTIMA\"},\"image\":{\"@id\":\"https:\/\/galerie-artima.com\/#\/schema\/logo\/image\/\"},\"sameAs\":[\"https:\/\/www.facebook.com\/mulevosges\",\"https:\/\/www.instagram.com\/galerie_artima\/\"]}]}<\/script>\n<!-- \/ Yoast SEO plugin. -->","yoast_head_json":{"title":"Fr\u00e9d\u00e9rique TRISTANT - Biography - Galerie Artima","description":"FREDERIQUE TRISTANT - French painter - Watercolor and acrylic on paper - Female portraits","robots":{"index":"index","follow":"follow","max-snippet":"max-snippet:-1","max-image-preview":"max-image-preview:large","max-video-preview":"max-video-preview:-1"},"canonical":"https:\/\/galerie-artima.com\/en\/frederique-tristant-biography","og_locale":"en_US","og_type":"article","og_title":"Fr\u00e9d\u00e9rique TRISTANT - Biography - Galerie Artima","og_description":"FREDERIQUE TRISTANT - French painter - Watercolor and acrylic on paper - Female portraits","og_url":"https:\/\/galerie-artima.com\/en\/frederique-tristant-biography","og_site_name":"Galerie Artima","article_publisher":"https:\/\/www.facebook.com\/mulevosges","article_modified_time":"2025-12-18T14:02:42+00:00","twitter_card":"summary_large_image","schema":{"@context":"https:\/\/schema.org","@graph":[{"@type":"WebPage","@id":"https:\/\/galerie-artima.com\/en\/frederique-tristant-biography","url":"https:\/\/galerie-artima.com\/en\/frederique-tristant-biography","name":"Fr\u00e9d\u00e9rique TRISTANT - Biography - Galerie Artima","isPartOf":{"@id":"https:\/\/galerie-artima.com\/#website"},"datePublished":"2023-09-21T16:04:15+00:00","dateModified":"2025-12-18T14:02:42+00:00","description":"FREDERIQUE TRISTANT - French painter - Watercolor and acrylic on paper - Female portraits","breadcrumb":{"@id":"https:\/\/galerie-artima.com\/en\/frederique-tristant-biography#breadcrumb"},"inLanguage":"en-US","potentialAction":[{"@type":"ReadAction","target":["https:\/\/galerie-artima.com\/en\/frederique-tristant-biography"]}]},{"@type":"BreadcrumbList","@id":"https:\/\/galerie-artima.com\/en\/frederique-tristant-biography#breadcrumb","itemListElement":[{"@type":"ListItem","position":1,"name":"Accueil","item":"https:\/\/galerie-artima.com\/en"},{"@type":"ListItem","position":2,"name":"Fr\u00e9d\u00e9rique TRISTANT &#8211; Biography"}]},{"@type":"WebSite","@id":"https:\/\/galerie-artima.com\/#website","url":"https:\/\/galerie-artima.com\/","name":"Galerie Artima","description":"Galerie ARTIMA - Paris - Honfleur","publisher":{"@id":"https:\/\/galerie-artima.com\/#organization"},"potentialAction":[{"@type":"SearchAction","target":{"@type":"EntryPoint","urlTemplate":"https:\/\/galerie-artima.com\/?s={search_term_string}"},"query-input":{"@type":"PropertyValueSpecification","valueRequired":true,"valueName":"search_term_string"}}],"inLanguage":"en-US"},{"@type":"Organization","@id":"https:\/\/galerie-artima.com\/#organization","name":"Galerie ARTIMA","url":"https:\/\/galerie-artima.com\/","logo":{"@type":"ImageObject","inLanguage":"en-US","@id":"https:\/\/galerie-artima.com\/#\/schema\/logo\/image\/","url":"https:\/\/galerie-artima.com\/wp-content\/uploads\/2022\/02\/LOGO-2022-copie.jpg","contentUrl":"https:\/\/galerie-artima.com\/wp-content\/uploads\/2022\/02\/LOGO-2022-copie.jpg","width":2362,"height":654,"caption":"Galerie ARTIMA"},"image":{"@id":"https:\/\/galerie-artima.com\/#\/schema\/logo\/image\/"},"sameAs":["https:\/\/www.facebook.com\/mulevosges","https:\/\/www.instagram.com\/galerie_artima\/"]}]}},"_links":{"self":[{"href":"https:\/\/galerie-artima.com\/en\/wp-json\/wp\/v2\/pages\/12684","targetHints":{"allow":["GET"]}}],"collection":[{"href":"https:\/\/galerie-artima.com\/en\/wp-json\/wp\/v2\/pages"}],"about":[{"href":"https:\/\/galerie-artima.com\/en\/wp-json\/wp\/v2\/types\/page"}],"author":[{"embeddable":true,"href":"https:\/\/galerie-artima.com\/en\/wp-json\/wp\/v2\/users\/1"}],"replies":[{"embeddable":true,"href":"https:\/\/galerie-artima.com\/en\/wp-json\/wp\/v2\/comments?post=12684"}],"version-history":[{"count":22,"href":"https:\/\/galerie-artima.com\/en\/wp-json\/wp\/v2\/pages\/12684\/revisions"}],"predecessor-version":[{"id":20942,"href":"https:\/\/galerie-artima.com\/en\/wp-json\/wp\/v2\/pages\/12684\/revisions\/20942"}],"wp:attachment":[{"href":"https:\/\/galerie-artima.com\/en\/wp-json\/wp\/v2\/media?parent=12684"}],"curies":[{"name":"wp","href":"https:\/\/api.w.org\/{rel}","templated":true}]}}