{"id":19721,"date":"2025-09-29T17:25:52","date_gmt":"2025-09-29T15:25:52","guid":{"rendered":"https:\/\/galerie-artima.com\/francois-bel-biography"},"modified":"2026-01-07T13:20:33","modified_gmt":"2026-01-07T12:20:33","slug":"francois-bel-biography","status":"publish","type":"page","link":"https:\/\/galerie-artima.com\/en\/francois-bel-biography","title":{"rendered":"Fran\u00e7ois BEL &#8211; Biography"},"content":{"rendered":"<p><div class=\"fusion-fullwidth fullwidth-box fusion-builder-row-1 fusion-flex-container nonhundred-percent-fullwidth non-hundred-percent-height-scrolling\" style=\"--awb-border-radius-top-left:0px;--awb-border-radius-top-right:0px;--awb-border-radius-bottom-right:0px;--awb-border-radius-bottom-left:0px;--awb-padding-left:22px;--awb-padding-left-medium:0px;--awb-flex-wrap:wrap;\" ><div class=\"fusion-builder-row fusion-row fusion-flex-align-items-flex-start fusion-flex-content-wrap\" style=\"max-width:1248px;margin-left: calc(-4% \/ 2 );margin-right: calc(-4% \/ 2 );\"><div class=\"fusion-layout-column fusion_builder_column fusion-builder-column-0 fusion-flex-column\" style=\"--awb-bg-size:cover;--awb-width-large:auto;--awb-margin-top-large:0px;--awb-spacing-right-large:25px;--awb-margin-bottom-large:0px;--awb-spacing-left-large:2%;--awb-width-medium:auto;--awb-order-medium:0;--awb-spacing-right-medium:25px;--awb-spacing-left-medium:2%;--awb-width-small:auto;--awb-order-small:0;--awb-spacing-right-small:25px;--awb-spacing-left-small:2%;\"><div class=\"fusion-column-wrapper fusion-column-has-shadow fusion-flex-justify-content-center fusion-content-layout-column\"><div style=\"text-align:left;\"><a class=\"fusion-button button-flat button-medium button-custom fusion-button-default button-1 fusion-button-span-no fusion-has-button-gradient\" style=\"--button_accent_color:#607d8b;--button_border_color:#607d8b;--button_accent_hover_color:#000000;--button_border_hover_color:#000000;--button_border_width-top:1px;--button_border_width-right:1px;--button_border_width-bottom:1px;--button_border_width-left:1px;--button_gradient_top_color:rgba(0,0,0,0.03);--button_gradient_bottom_color:rgba(0,0,0,0);--button_gradient_top_color_hover:rgba(0,0,0,0);--button_gradient_bottom_color_hover:rgba(0,0,0,0);\" target=\"_self\" href=\"https:\/\/galerie-artima.com\/en\/francois-bel-works\"><span class=\"fusion-button-text awb-button__text awb-button__text--default\">Works<\/span><\/a><\/div><\/div><\/div><div class=\"fusion-layout-column fusion_builder_column fusion-builder-column-1 fusion-flex-column\" style=\"--awb-bg-size:cover;--awb-width-large:auto;--awb-margin-top-large:0px;--awb-spacing-right-large:2%;--awb-margin-bottom-large:0px;--awb-spacing-left-large:2%;--awb-width-medium:auto;--awb-order-medium:0;--awb-spacing-right-medium:2%;--awb-spacing-left-medium:2%;--awb-width-small:auto;--awb-order-small:0;--awb-spacing-right-small:2%;--awb-spacing-left-small:2%;\"><div class=\"fusion-column-wrapper fusion-column-has-shadow fusion-flex-justify-content-center fusion-content-layout-column\"><div style=\"text-align:left;\"><a class=\"fusion-button button-flat button-medium button-custom fusion-button-default button-2 fusion-button-span-no fusion-has-button-gradient\" style=\"--button_accent_color:#000000;--button_border_color:#000000;--button_accent_hover_color:#000000;--button_border_hover_color:#000000;--button_border_width-top:1px;--button_border_width-right:1px;--button_border_width-bottom:1px;--button_border_width-left:1px;--button_gradient_top_color:rgba(0,0,0,0.03);--button_gradient_bottom_color:rgba(0,0,0,0);--button_gradient_top_color_hover:rgba(0,0,0,0);--button_gradient_bottom_color_hover:rgba(0,0,0,0);\" target=\"_self\" href=\"#\"><span class=\"fusion-button-text awb-button__text awb-button__text--default\">Biography<\/span><\/a><\/div><\/div><\/div><\/div><\/div><div class=\"fusion-fullwidth fullwidth-box fusion-builder-row-2 fusion-flex-container nonhundred-percent-fullwidth non-hundred-percent-height-scrolling\" style=\"--awb-border-radius-top-left:0px;--awb-border-radius-top-right:0px;--awb-border-radius-bottom-right:0px;--awb-border-radius-bottom-left:0px;--awb-margin-bottom:25px;--awb-flex-wrap:wrap;\" ><div class=\"fusion-builder-row fusion-row fusion-flex-align-items-flex-start fusion-flex-content-wrap\" style=\"max-width:1248px;margin-left: calc(-4% \/ 2 );margin-right: calc(-4% \/ 2 );\"><div class=\"fusion-layout-column fusion_builder_column fusion-builder-column-2 fusion_builder_column_1_1 1_1 fusion-flex-column fusion-flex-align-self-center\" style=\"--awb-bg-size:cover;--awb-width-large:100%;--awb-margin-top-large:10px;--awb-spacing-right-large:1.92%;--awb-margin-bottom-large:10px;--awb-spacing-left-large:1.92%;--awb-width-medium:50%;--awb-order-medium:0;--awb-spacing-right-medium:3.84%;--awb-spacing-left-medium:3.84%;--awb-width-small:100%;--awb-order-small:0;--awb-spacing-right-small:1.92%;--awb-spacing-left-small:1.92%;\"><div class=\"fusion-column-wrapper fusion-column-has-shadow fusion-flex-justify-content-center fusion-content-layout-column\"><div class=\"fusion-separator fusion-full-width-sep\" style=\"align-self: center;margin-left: auto;margin-right: auto;width:100%;\"><div class=\"fusion-separator-border sep-single sep-solid\" style=\"--awb-height:20px;--awb-amount:20px;border-color:#e0dede;border-top-width:1px;\"><\/div><\/div><\/div><\/div><\/div><\/div><div class=\"fusion-fullwidth fullwidth-box fusion-builder-row-3 fusion-flex-container nonhundred-percent-fullwidth non-hundred-percent-height-scrolling\" style=\"--awb-border-radius-top-left:0px;--awb-border-radius-top-right:0px;--awb-border-radius-bottom-right:0px;--awb-border-radius-bottom-left:0px;--awb-flex-wrap:wrap;\" ><div class=\"fusion-builder-row fusion-row fusion-flex-align-items-flex-start fusion-flex-content-wrap\" style=\"max-width:1248px;margin-left: calc(-4% \/ 2 );margin-right: calc(-4% \/ 2 );\"><div class=\"fusion-layout-column fusion_builder_column fusion-builder-column-3 fusion_builder_column_1_6 1_6 fusion-flex-column\" style=\"--awb-bg-size:cover;--awb-width-large:16.666666666667%;--awb-margin-top-large:0px;--awb-spacing-right-large:11.52%;--awb-margin-bottom-large:0px;--awb-spacing-left-large:11.52%;--awb-width-medium:16.666666666667%;--awb-order-medium:0;--awb-spacing-right-medium:11.52%;--awb-spacing-left-medium:11.52%;--awb-width-small:16.666666666667%;--awb-order-small:0;--awb-spacing-right-small:11.52%;--awb-spacing-left-small:11.52%;\"><div class=\"fusion-column-wrapper fusion-column-has-shadow fusion-flex-justify-content-flex-start fusion-content-layout-column\"><div class=\"fusion-image-element \" style=\"--awb-caption-title-font-family:var(--h2_typography-font-family);--awb-caption-title-font-weight:var(--h2_typography-font-weight);--awb-caption-title-font-style:var(--h2_typography-font-style);--awb-caption-title-size:var(--h2_typography-font-size);--awb-caption-title-transform:var(--h2_typography-text-transform);--awb-caption-title-line-height:var(--h2_typography-line-height);--awb-caption-title-letter-spacing:var(--h2_typography-letter-spacing);\"><span class=\" fusion-imageframe imageframe-none imageframe-1 hover-type-none\"><img decoding=\"async\" width=\"413\" height=\"375\" title=\"portrait Fran\u00e7ois Bel\" src=\"https:\/\/galerie-artima.com\/wp-content\/uploads\/2025\/09\/portrait-Francois-Bel.jpg\" data-orig-src=\"https:\/\/galerie-artima.com\/wp-content\/uploads\/2025\/09\/portrait-Francois-Bel.jpg\" alt class=\"lazyload img-responsive wp-image-19719\" srcset=\"data:image\/svg+xml,%3Csvg%20xmlns%3D%27http%3A%2F%2Fwww.w3.org%2F2000%2Fsvg%27%20width%3D%27413%27%20height%3D%27375%27%20viewBox%3D%270%200%20413%20375%27%3E%3Crect%20width%3D%27413%27%20height%3D%27375%27%20fill-opacity%3D%220%22%2F%3E%3C%2Fsvg%3E\" data-srcset=\"https:\/\/galerie-artima.com\/wp-content\/uploads\/2025\/09\/portrait-Francois-Bel-200x182.jpg 200w, https:\/\/galerie-artima.com\/wp-content\/uploads\/2025\/09\/portrait-Francois-Bel-400x363.jpg 400w, https:\/\/galerie-artima.com\/wp-content\/uploads\/2025\/09\/portrait-Francois-Bel.jpg 413w\" data-sizes=\"auto\" data-orig-sizes=\"200px\" \/><\/span><\/div><\/div><\/div><div class=\"fusion-layout-column fusion_builder_column fusion-builder-column-4 fusion_builder_column_5_6 5_6 fusion-flex-column\" style=\"--awb-bg-size:cover;--awb-width-large:83.333333333333%;--awb-margin-top-large:0px;--awb-spacing-right-large:2.304%;--awb-margin-bottom-large:0px;--awb-spacing-left-large:2.304%;--awb-width-medium:83.333333333333%;--awb-order-medium:0;--awb-spacing-right-medium:2.304%;--awb-spacing-left-medium:2.304%;--awb-width-small:83.333333333333%;--awb-order-small:0;--awb-spacing-right-small:2.304%;--awb-spacing-left-small:2.304%;\"><div class=\"fusion-column-wrapper fusion-column-has-shadow fusion-flex-justify-content-flex-start fusion-content-layout-column\"><div class=\"fusion-text fusion-text-1\" style=\"--awb-text-color:#222222;\"><p><strong>\u00a0<\/strong><br \/>\n<strong>Born in Lyon in 1977. Lives and works in Capbreton (Landes)<\/strong><\/p>\n<p style=\"text-align: justify;\">Fran\u00e7ois Bel is a multidisciplinary artist, equally at ease with painting, sculpture and installations. His work is as eclectic as his inspirations: influenced by Street Art, from which he borrows its system of repetition and variation, he is also interested in \u201cNew Realism\u201d movements, which particularly appeal to him, as do Dada and Pop Art, for the way they subvert daily objects in order to criticise today\u2019s consumer society, like Duchamp\u2019s ready-mades.<\/p>\n<p style=\"text-align: justify;\">Fran\u00e7ois Bel re-appropriates each material, working in turn with nylon cord for his suspensions and wire for his sculptures. He makes play with the idea of compartmentalisation, enclosing some of his sculptures in wire mesh, condemning contemporary society yet again for its individualism and materialism.<\/p>\n<p style=\"text-align: justify;\">In this way, each medium serves an approach that is both artistic and philosophical. His small \u201cBig Bangs\u201d set in synthetic crystal, as though frozen in the explosion\u2019s ultimate moment of grace, make us reflect on passing time which is frittered away and undeniably survives us. In a society where everything happens increasingly quickly and mankind controls a great many things; Fran\u00e7ois Bel crystallises every person\u2019s dream by stopping time for an instant in his works. A mixture of frustration and fascination, his sculptures mirror our civilisation, anger and rebellion, imprisoned and confined in economic, cultural, social and political contexts.<\/p>\n<p style=\"text-align: justify;\">Fran\u00e7ois Bel is exhibited and collected in France and Europe, Korea, China, Hong Kong and the USA.<\/p>\n<p>&nbsp;<\/p>\n<p><strong>Exhibitions and fairs:<\/strong><br \/>\n<em>\u00a0<\/em><\/p>\n<p>2025<br \/>\nGalerie Artima &#8211; Honfleur &#8211; FR<br \/>\nGalerie Sophie Le M\u00e9e &#8211; Ile de R\u00e9 &#8211; FR<br \/>\nAAF Stockholm &#8211; NO<br \/>\nGalerie Le Container &#8211; Aix-en-Provence &#8211; FR<br \/>\nAAF Wien &#8211; AU<br \/>\nAAF Berlin &#8211; D<br \/>\nAdelson Galleries &#8211; Palm Beach &#8211; USA<br \/>\nAAF Battersea &#8211; London &#8211; GB<br \/>\nAAF Brussels &#8211; BE<br \/>\nFresh Art Fair London &#8211; GB<\/p>\n<p>2024<br \/>\nArt Miami &#8211; Adelson Galleries &#8211; USA<br \/>\n<em>Exposed<\/em> &#8211; Solo show &#8211; Redsea gallery &#8211; Singapore &#8211; SG<br \/>\nLausanne Art Fair &#8211; CH<br \/>\nAAF Hampstead &#8211; London &#8211; GB<br \/>\n<em>Murmures des vagues<\/em> &#8211; Group show &#8211; Galerie Platini &#8211; Veyrier du Lac &#8211; FR<br \/>\nGalerie Le Container &#8211; Aix-en-Provence &#8211; FR<br \/>\n<em>Un \u00e9t\u00e9 enchant\u00e9<\/em> &#8211; Group show &#8211; Galerie Sophie Le M\u00e9e &#8211; Ile de R\u00e9 &#8211; FR<br \/>\nUrban Art Fair &#8211; Galerie Le Container &#8211; Paris &#8211; FR<br \/>\nLuxembourg Art Fair &#8211; LU<br \/>\nAAF Battersea &#8211; London &#8211; GB<br \/>\n<em>La vie est belle<\/em> -Group show &#8211; Galerie Sophie Le M\u00e9e &#8211; Ile de R\u00e9 6 FR<br \/>\nAAF Brussels &#8211; BE<br \/>\nBrussels Art Fair &#8211; BE<\/p>\n<p>2023<br \/>\nArt Miami &#8211; Adelson Galleries &#8211; USA<br \/>\n<em>Artistes en hiver<\/em> &#8211; Group show &#8211; Galerie Sophie Le M\u00e9e &#8211; Ile de R\u00e9<br \/>\nContemporary Art Fair Paris &#8211; FR<br \/>\nLausanne Art Fair &#8211; CH<br \/>\nAdelson galleries &#8211; NYC &#8211; USA<br \/>\nAAF Hampstead &#8211; London &#8211; GB<br \/>\nUrban Art Fair &#8211; Galerie Le Container &#8211; Paris &#8211; FR<br \/>\nLuxembourg Art Fair &#8211; LU<br \/>\nAAF Battersea &#8211; London &#8211; GB<\/p>\n<p>2022<br \/>\nDistrict 13 Art Fair &#8211; Paris<br \/>\nArt Market Hamptons &#8211; USA<br \/>\nVolta Basel &#8211; CH<br \/>\nAAF Hampstead &#8211; London &#8211; GB<br \/>\nMarkowicz Fine Art &#8211; Miami &#8211; USA<br \/>\nAAF NYC &#8211; USA<br \/>\nAAF Battersea &#8211; London &#8211; GB<br \/>\nContemporary Art Fair Paris &#8211; FR<\/p>\n<p>2021<br \/>\nContext Art Miami &#8211; USA<br \/>\nGalerie Artima &#8211; Group show &#8211; Paris &#8211; FR<br \/>\nLausanne Art Fair &#8211; CH<br \/>\nAAF Hamburg &#8211; D<br \/>\nAAF Battersea &#8211; GB<br \/>\n<em>Time stands still<\/em> &#8211; Solo show &#8211; Redsea Gallery &#8211; Singapore &#8211; SG<br \/>\nGalerie 337 &#8211; Meg\u00e8ve et Gen\u00e8ve &#8211; FR\/CH<br \/>\nAAF Brussels &#8211; BE<br \/>\nArt Contemporary Biarritz &#8211; FR<\/p>\n<p>2020<br \/>\nAAF Battersea &#8211; Galerie Virginie Barrou Planquart &#8211; GB<br \/>\nUrbanity Art Fair &#8211; Madrid &#8211; ES<\/p>\n<p>2019<br \/>\n<em>Design <\/em>&#8211; Galerie Artima &#8211; Paris &#8211; FR<br \/>\nContext &#8211; Miami &#8211; Galerie Virginie Barrou Planquart &#8211; USA<br \/>\nFotofever &#8211; Paris &#8211; FR<br \/>\nLille Art Up &#8211; FR<br \/>\nArte Madrid Feria &#8211; Galerie PrestaArt &#8211; ES<br \/>\nArt Wynwood &#8211; Markowicz Fine Art &#8211; Miami &#8211; USA<br \/>\nPalm Beach Modern and Contemporary Art Fair &#8211; USA<\/p>\n<p>2018<br \/>\n<em>Explosions <\/em>&#8211; Personal exhibition &#8211; Galerie Artima &#8211; Paris &#8211; FR<br \/>\nArt Market &#8211; Bridgehampton &#8211; NY &#8211; Galerie Virginie Barrou Planquart &#8211; USA<br \/>\nem&gt;Kings and Queens of Pop Art &#8211; Group show &#8211; NASSAU 42 Fine Arts &#8211; Anvers &#8211; BE<br \/>\nHong-Kong Art Fair<strong> &#8211; <\/strong>Galerie Virginie Barrou Planquart &#8211; HGK<br \/>\nAAF Brussels &#8211; Galerie Virginie Barrou Planquart &#8211; BE<br \/>\n<em>Design<\/em> &#8211; Group show &#8211; Galerie Artima \u2013 London &#8211; GB<\/p>\n<p>2017<br \/>\n<em>Mappa Mondo<\/em> &#8211; Group exhibition &#8211; Galerie Artima &#8211; Paris &#8211; FR<br \/>\nArt Miami \u2013 Galerie Olivier Waltman &#8211; USA<br \/>\nYIA Basel &#8211; Galerie Virginie Barrou Planquart &#8211; CH<br \/>\nGalerie Artima &#8211; London &#8211; UK<br \/>\nHong-Kong Art Fair &#8211; Galerie Virginie Barrou Planquart &#8211; HGK<\/p>\n<p>2016<br \/>\nScope Miami &#8211; Galerie Virginie Barrou Planquart &#8211; USA<br \/>\nPartnership with the Gamba Group \u2013 Toulouse &#8211; FR<br \/>\nArt Southampton &#8211; New York &#8211; Galerie Virginie Barrou Planquart &#8211; USA<br \/>\nScope Basel &#8211; Galerie Virginie Barrou Planquart &#8211; CH<br \/>\nAAF New-York &#8211; Galerie Virginie Barrou Planquart &#8211; USA<br \/>\nAAF Bruxelles &#8211; galerie Sophie Le M\u00e9e &#8211; BE<\/p>\n<p>2015<br \/>\nPartnership with the Swiss watches\u2019 manufacturer Corum. Exhibition at the Printemps Haussmann \u2013 Paris &#8211; FR<br \/>\nGalerie Next &#8211; Toulouse &#8211; FR<br \/>\nGalerie Sophie Le M\u00e9e &#8211; Ile de R\u00e9 &#8211; FR<br \/>\nCity Hall &#8211; Seoul &#8211; Galerie BDMC &#8211; KR<br \/>\nEspace Roguet &#8211; Toulouse &#8211; FR<br \/>\nGalerie Marie Ricco &#8211; Calvi &#8211; FR<br \/>\nYang Hong Art Space Center &#8211; Galerie BDMC Beijing &#8211; CN<br \/>\n<em>Le fil \u00e0 retordre <\/em>&#8211; Centre Culturel des Mazades &#8211; Toulouse &#8211; FR<\/p>\n<p>2014<br \/>\nGalerie Kunstraub &#8211; K\u00f6ln &#8211; Galerie BDMC &#8211; D<br \/>\n<em>Mister Freeze, Street Art<\/em>: Group show with Miss Van, Oko, Legz, Gris1, Katre\u2026 &#8211; Toulouse &#8211; FR<br \/>\nGMAC &#8211; Grand March\u00e9 d\u2019art contemporain de Bastille &#8211; Paris &#8211; FR<br \/>\nOpen of the Artists of Monaco &#8211; Group exhibition &#8211; Galerie L\u2019Entrep\u00f4t \u2013 Monaco &#8211; MC<\/p>\n<p>2013<br \/>\nGuest of honor at Aucamville Arts Week &#8211; FR<br \/>\nGalerie Ingres &#8211; CRDP &#8211; Toulouse &#8211; FR<br \/>\nGalerie Espacio 8\/Findeskul &#8211; Madrid &#8211; ES<br \/>\nGroup show Mister Freeze &#8211; Toulouse: Di Rosa, Chamizo, Costa, L\u2019Atlas, Tilt, Mist, Gris 1\u2026 &#8211; FR<\/p>\n<p>2012<br \/>\nCow Parade &#8211; Toulouse &#8211; Auction and edition of a catalogue &#8211; FR<br \/>\nExhibition and artist residency in the gallery Is\u2019Art &#8211; Antananarivo \u2013 Madagascar &#8211; MG<br \/>\n<em>Les Sens de l\u2019Art<\/em> &#8211; A\u00e9roport de Blagnac &#8211; Toulouse &#8211; FR<\/p>\n<p>2010<br \/>\nGalerie Mandy\u2019Art &#8211; Toulouse &#8211; FR<\/p>\n<\/div><\/div><\/div><\/div><\/div><\/p>\n","protected":false},"excerpt":{"rendered":"","protected":false},"author":1,"featured_media":0,"parent":0,"menu_order":6,"comment_status":"closed","ping_status":"closed","template":"","meta":{"footnotes":""},"class_list":["post-19721","page","type-page","status-publish","hentry"],"yoast_head":"<!-- This site is optimized with the Yoast SEO plugin v27.2 - https:\/\/yoast.com\/product\/yoast-seo-wordpress\/ -->\n<title>Fran\u00e7ois BEL - Biography - Galerie Artima<\/title>\n<meta name=\"description\" content=\"FRANCOIS BEL - French artist born in 1977 - Sculptures - Big Bang in acrylic glass - Inspired by Pop Art and Ready Made\" \/>\n<meta name=\"robots\" content=\"index, follow, max-snippet:-1, max-image-preview:large, max-video-preview:-1\" \/>\n<link rel=\"canonical\" href=\"https:\/\/galerie-artima.com\/en\/francois-bel-biography\" \/>\n<meta property=\"og:locale\" content=\"en_US\" \/>\n<meta property=\"og:type\" content=\"article\" \/>\n<meta property=\"og:title\" content=\"Fran\u00e7ois BEL - Biography - Galerie Artima\" \/>\n<meta property=\"og:description\" content=\"FRANCOIS BEL - French artist born in 1977 - Sculptures - Big Bang in acrylic glass - Inspired by Pop Art and Ready Made\" \/>\n<meta property=\"og:url\" content=\"https:\/\/galerie-artima.com\/en\/francois-bel-biography\" \/>\n<meta property=\"og:site_name\" content=\"Galerie Artima\" \/>\n<meta property=\"article:publisher\" content=\"https:\/\/www.facebook.com\/mulevosges\" \/>\n<meta property=\"article:modified_time\" content=\"2026-01-07T12:20:33+00:00\" \/>\n<meta name=\"twitter:card\" content=\"summary_large_image\" \/>\n<script type=\"application\/ld+json\" class=\"yoast-schema-graph\">{\"@context\":\"https:\/\/schema.org\",\"@graph\":[{\"@type\":\"WebPage\",\"@id\":\"https:\/\/galerie-artima.com\/en\/francois-bel-biography\",\"url\":\"https:\/\/galerie-artima.com\/en\/francois-bel-biography\",\"name\":\"Fran\u00e7ois BEL - Biography - Galerie Artima\",\"isPartOf\":{\"@id\":\"https:\/\/galerie-artima.com\/#website\"},\"datePublished\":\"2025-09-29T15:25:52+00:00\",\"dateModified\":\"2026-01-07T12:20:33+00:00\",\"description\":\"FRANCOIS BEL - French artist born in 1977 - Sculptures - Big Bang in acrylic glass - Inspired by Pop Art and Ready Made\",\"breadcrumb\":{\"@id\":\"https:\/\/galerie-artima.com\/en\/francois-bel-biography#breadcrumb\"},\"inLanguage\":\"en-US\",\"potentialAction\":[{\"@type\":\"ReadAction\",\"target\":[\"https:\/\/galerie-artima.com\/en\/francois-bel-biography\"]}]},{\"@type\":\"BreadcrumbList\",\"@id\":\"https:\/\/galerie-artima.com\/en\/francois-bel-biography#breadcrumb\",\"itemListElement\":[{\"@type\":\"ListItem\",\"position\":1,\"name\":\"Accueil\",\"item\":\"https:\/\/galerie-artima.com\/en\"},{\"@type\":\"ListItem\",\"position\":2,\"name\":\"Fran\u00e7ois BEL &#8211; Biography\"}]},{\"@type\":\"WebSite\",\"@id\":\"https:\/\/galerie-artima.com\/#website\",\"url\":\"https:\/\/galerie-artima.com\/\",\"name\":\"Galerie Artima\",\"description\":\"Galerie ARTIMA - Paris - Honfleur\",\"publisher\":{\"@id\":\"https:\/\/galerie-artima.com\/#organization\"},\"potentialAction\":[{\"@type\":\"SearchAction\",\"target\":{\"@type\":\"EntryPoint\",\"urlTemplate\":\"https:\/\/galerie-artima.com\/?s={search_term_string}\"},\"query-input\":{\"@type\":\"PropertyValueSpecification\",\"valueRequired\":true,\"valueName\":\"search_term_string\"}}],\"inLanguage\":\"en-US\"},{\"@type\":\"Organization\",\"@id\":\"https:\/\/galerie-artima.com\/#organization\",\"name\":\"Galerie ARTIMA\",\"url\":\"https:\/\/galerie-artima.com\/\",\"logo\":{\"@type\":\"ImageObject\",\"inLanguage\":\"en-US\",\"@id\":\"https:\/\/galerie-artima.com\/#\/schema\/logo\/image\/\",\"url\":\"https:\/\/galerie-artima.com\/wp-content\/uploads\/2022\/02\/LOGO-2022-copie.jpg\",\"contentUrl\":\"https:\/\/galerie-artima.com\/wp-content\/uploads\/2022\/02\/LOGO-2022-copie.jpg\",\"width\":2362,\"height\":654,\"caption\":\"Galerie ARTIMA\"},\"image\":{\"@id\":\"https:\/\/galerie-artima.com\/#\/schema\/logo\/image\/\"},\"sameAs\":[\"https:\/\/www.facebook.com\/mulevosges\",\"https:\/\/www.instagram.com\/galerie_artima\/\"]}]}<\/script>\n<!-- \/ Yoast SEO plugin. -->","yoast_head_json":{"title":"Fran\u00e7ois BEL - Biography - Galerie Artima","description":"FRANCOIS BEL - French artist born in 1977 - Sculptures - Big Bang in acrylic glass - Inspired by Pop Art and Ready Made","robots":{"index":"index","follow":"follow","max-snippet":"max-snippet:-1","max-image-preview":"max-image-preview:large","max-video-preview":"max-video-preview:-1"},"canonical":"https:\/\/galerie-artima.com\/en\/francois-bel-biography","og_locale":"en_US","og_type":"article","og_title":"Fran\u00e7ois BEL - Biography - Galerie Artima","og_description":"FRANCOIS BEL - French artist born in 1977 - Sculptures - Big Bang in acrylic glass - Inspired by Pop Art and Ready Made","og_url":"https:\/\/galerie-artima.com\/en\/francois-bel-biography","og_site_name":"Galerie Artima","article_publisher":"https:\/\/www.facebook.com\/mulevosges","article_modified_time":"2026-01-07T12:20:33+00:00","twitter_card":"summary_large_image","schema":{"@context":"https:\/\/schema.org","@graph":[{"@type":"WebPage","@id":"https:\/\/galerie-artima.com\/en\/francois-bel-biography","url":"https:\/\/galerie-artima.com\/en\/francois-bel-biography","name":"Fran\u00e7ois BEL - Biography - Galerie Artima","isPartOf":{"@id":"https:\/\/galerie-artima.com\/#website"},"datePublished":"2025-09-29T15:25:52+00:00","dateModified":"2026-01-07T12:20:33+00:00","description":"FRANCOIS BEL - French artist born in 1977 - Sculptures - Big Bang in acrylic glass - Inspired by Pop Art and Ready Made","breadcrumb":{"@id":"https:\/\/galerie-artima.com\/en\/francois-bel-biography#breadcrumb"},"inLanguage":"en-US","potentialAction":[{"@type":"ReadAction","target":["https:\/\/galerie-artima.com\/en\/francois-bel-biography"]}]},{"@type":"BreadcrumbList","@id":"https:\/\/galerie-artima.com\/en\/francois-bel-biography#breadcrumb","itemListElement":[{"@type":"ListItem","position":1,"name":"Accueil","item":"https:\/\/galerie-artima.com\/en"},{"@type":"ListItem","position":2,"name":"Fran\u00e7ois BEL &#8211; Biography"}]},{"@type":"WebSite","@id":"https:\/\/galerie-artima.com\/#website","url":"https:\/\/galerie-artima.com\/","name":"Galerie Artima","description":"Galerie ARTIMA - Paris - Honfleur","publisher":{"@id":"https:\/\/galerie-artima.com\/#organization"},"potentialAction":[{"@type":"SearchAction","target":{"@type":"EntryPoint","urlTemplate":"https:\/\/galerie-artima.com\/?s={search_term_string}"},"query-input":{"@type":"PropertyValueSpecification","valueRequired":true,"valueName":"search_term_string"}}],"inLanguage":"en-US"},{"@type":"Organization","@id":"https:\/\/galerie-artima.com\/#organization","name":"Galerie ARTIMA","url":"https:\/\/galerie-artima.com\/","logo":{"@type":"ImageObject","inLanguage":"en-US","@id":"https:\/\/galerie-artima.com\/#\/schema\/logo\/image\/","url":"https:\/\/galerie-artima.com\/wp-content\/uploads\/2022\/02\/LOGO-2022-copie.jpg","contentUrl":"https:\/\/galerie-artima.com\/wp-content\/uploads\/2022\/02\/LOGO-2022-copie.jpg","width":2362,"height":654,"caption":"Galerie ARTIMA"},"image":{"@id":"https:\/\/galerie-artima.com\/#\/schema\/logo\/image\/"},"sameAs":["https:\/\/www.facebook.com\/mulevosges","https:\/\/www.instagram.com\/galerie_artima\/"]}]}},"_links":{"self":[{"href":"https:\/\/galerie-artima.com\/en\/wp-json\/wp\/v2\/pages\/19721","targetHints":{"allow":["GET"]}}],"collection":[{"href":"https:\/\/galerie-artima.com\/en\/wp-json\/wp\/v2\/pages"}],"about":[{"href":"https:\/\/galerie-artima.com\/en\/wp-json\/wp\/v2\/types\/page"}],"author":[{"embeddable":true,"href":"https:\/\/galerie-artima.com\/en\/wp-json\/wp\/v2\/users\/1"}],"replies":[{"embeddable":true,"href":"https:\/\/galerie-artima.com\/en\/wp-json\/wp\/v2\/comments?post=19721"}],"version-history":[{"count":12,"href":"https:\/\/galerie-artima.com\/en\/wp-json\/wp\/v2\/pages\/19721\/revisions"}],"predecessor-version":[{"id":19777,"href":"https:\/\/galerie-artima.com\/en\/wp-json\/wp\/v2\/pages\/19721\/revisions\/19777"}],"wp:attachment":[{"href":"https:\/\/galerie-artima.com\/en\/wp-json\/wp\/v2\/media?parent=19721"}],"curies":[{"name":"wp","href":"https:\/\/api.w.org\/{rel}","templated":true}]}}