{"id":2329,"date":"2021-11-14T22:50:52","date_gmt":"2021-11-14T21:50:52","guid":{"rendered":"http:\/\/galerieartima.fr\/charles-fazzino-biography"},"modified":"2025-12-18T17:19:08","modified_gmt":"2025-12-18T16:19:08","slug":"charles-fazzino-biography","status":"publish","type":"page","link":"https:\/\/galerie-artima.com\/en\/charles-fazzino-biography","title":{"rendered":"Charles FAZZINO- Biography"},"content":{"rendered":"<p><div class=\"fusion-fullwidth fullwidth-box fusion-builder-row-1 fusion-flex-container nonhundred-percent-fullwidth non-hundred-percent-height-scrolling\" style=\"--awb-border-radius-top-left:0px;--awb-border-radius-top-right:0px;--awb-border-radius-bottom-right:0px;--awb-border-radius-bottom-left:0px;--awb-padding-left:22px;--awb-padding-left-medium:0px;--awb-flex-wrap:wrap;\" ><div class=\"fusion-builder-row fusion-row fusion-flex-align-items-flex-start fusion-flex-content-wrap\" style=\"max-width:1248px;margin-left: calc(-4% \/ 2 );margin-right: calc(-4% \/ 2 );\"><div class=\"fusion-layout-column fusion_builder_column fusion-builder-column-0 fusion-flex-column\" style=\"--awb-bg-size:cover;--awb-width-large:auto;--awb-margin-top-large:0px;--awb-spacing-right-large:25px;--awb-margin-bottom-large:0px;--awb-spacing-left-large:2%;--awb-width-medium:auto;--awb-order-medium:0;--awb-spacing-right-medium:25px;--awb-spacing-left-medium:2%;--awb-width-small:auto;--awb-order-small:0;--awb-spacing-right-small:25px;--awb-spacing-left-small:2%;\"><div class=\"fusion-column-wrapper fusion-column-has-shadow fusion-flex-justify-content-center fusion-content-layout-column\"><div style=\"text-align:left;\"><a class=\"fusion-button button-flat button-medium button-custom fusion-button-default button-1 fusion-button-span-no fusion-has-button-gradient\" style=\"--button_accent_color:#607d8b;--button_border_color:#607d8b;--button_accent_hover_color:#000000;--button_border_hover_color:#000000;--button_border_width-top:1px;--button_border_width-right:1px;--button_border_width-bottom:1px;--button_border_width-left:1px;--button_gradient_top_color:rgba(0,0,0,0.03);--button_gradient_bottom_color:rgba(0,0,0,0);--button_gradient_top_color_hover:rgba(0,0,0,0);--button_gradient_bottom_color_hover:rgba(0,0,0,0);\" target=\"_self\" href=\"charles-fazzino-works\"><span class=\"fusion-button-text awb-button__text awb-button__text--default\">Works<\/span><\/a><\/div><\/div><\/div><div class=\"fusion-layout-column fusion_builder_column fusion-builder-column-1 fusion-flex-column\" style=\"--awb-bg-size:cover;--awb-width-large:auto;--awb-margin-top-large:0px;--awb-spacing-right-large:2%;--awb-margin-bottom-large:0px;--awb-spacing-left-large:2%;--awb-width-medium:auto;--awb-order-medium:0;--awb-spacing-right-medium:2%;--awb-spacing-left-medium:2%;--awb-width-small:auto;--awb-order-small:0;--awb-spacing-right-small:2%;--awb-spacing-left-small:2%;\"><div class=\"fusion-column-wrapper fusion-column-has-shadow fusion-flex-justify-content-center fusion-content-layout-column\"><div style=\"text-align:left;\"><a class=\"fusion-button button-flat button-medium button-custom fusion-button-default button-2 fusion-button-span-no fusion-has-button-gradient\" style=\"--button_accent_color:#000000;--button_border_color:#000000;--button_accent_hover_color:#000000;--button_border_hover_color:#000000;--button_border_width-top:1px;--button_border_width-right:1px;--button_border_width-bottom:1px;--button_border_width-left:1px;--button_gradient_top_color:rgba(0,0,0,0.03);--button_gradient_bottom_color:rgba(0,0,0,0);--button_gradient_top_color_hover:rgba(0,0,0,0);--button_gradient_bottom_color_hover:rgba(0,0,0,0);\" target=\"_self\" href=\"#\"><span class=\"fusion-button-text awb-button__text awb-button__text--default\">Biography<\/span><\/a><\/div><\/div><\/div><\/div><\/div><div class=\"fusion-fullwidth fullwidth-box fusion-builder-row-2 fusion-flex-container nonhundred-percent-fullwidth non-hundred-percent-height-scrolling\" style=\"--awb-border-radius-top-left:0px;--awb-border-radius-top-right:0px;--awb-border-radius-bottom-right:0px;--awb-border-radius-bottom-left:0px;--awb-margin-bottom:25px;--awb-flex-wrap:wrap;\" ><div class=\"fusion-builder-row fusion-row fusion-flex-align-items-flex-start fusion-flex-content-wrap\" style=\"max-width:1248px;margin-left: calc(-4% \/ 2 );margin-right: calc(-4% \/ 2 );\"><div class=\"fusion-layout-column fusion_builder_column fusion-builder-column-2 fusion_builder_column_1_1 1_1 fusion-flex-column fusion-flex-align-self-center\" style=\"--awb-bg-size:cover;--awb-width-large:100%;--awb-margin-top-large:10px;--awb-spacing-right-large:1.92%;--awb-margin-bottom-large:10px;--awb-spacing-left-large:1.92%;--awb-width-medium:50%;--awb-order-medium:0;--awb-spacing-right-medium:3.84%;--awb-spacing-left-medium:3.84%;--awb-width-small:100%;--awb-order-small:0;--awb-spacing-right-small:1.92%;--awb-spacing-left-small:1.92%;\"><div class=\"fusion-column-wrapper fusion-column-has-shadow fusion-flex-justify-content-center fusion-content-layout-column\"><div class=\"fusion-separator fusion-full-width-sep\" style=\"align-self: center;margin-left: auto;margin-right: auto;width:100%;\"><div class=\"fusion-separator-border sep-single sep-solid\" style=\"--awb-height:20px;--awb-amount:20px;border-color:#e0dede;border-top-width:1px;\"><\/div><\/div><\/div><\/div><\/div><\/div><div class=\"fusion-fullwidth fullwidth-box fusion-builder-row-3 fusion-flex-container nonhundred-percent-fullwidth non-hundred-percent-height-scrolling\" style=\"--awb-border-radius-top-left:0px;--awb-border-radius-top-right:0px;--awb-border-radius-bottom-right:0px;--awb-border-radius-bottom-left:0px;--awb-flex-wrap:wrap;\" ><div class=\"fusion-builder-row fusion-row fusion-flex-align-items-flex-start fusion-flex-content-wrap\" style=\"max-width:1248px;margin-left: calc(-4% \/ 2 );margin-right: calc(-4% \/ 2 );\"><div class=\"fusion-layout-column fusion_builder_column fusion-builder-column-3 fusion_builder_column_1_6 1_6 fusion-flex-column\" style=\"--awb-bg-size:cover;--awb-width-large:16.666666666667%;--awb-margin-top-large:0px;--awb-spacing-right-large:11.52%;--awb-margin-bottom-large:0px;--awb-spacing-left-large:11.52%;--awb-width-medium:16.666666666667%;--awb-order-medium:0;--awb-spacing-right-medium:11.52%;--awb-spacing-left-medium:11.52%;--awb-width-small:16.666666666667%;--awb-order-small:0;--awb-spacing-right-small:11.52%;--awb-spacing-left-small:11.52%;\"><div class=\"fusion-column-wrapper fusion-column-has-shadow fusion-flex-justify-content-flex-start fusion-content-layout-column\"><div class=\"fusion-image-element \" style=\"text-align:center;--awb-max-width:300px;--awb-caption-title-font-family:var(--h2_typography-font-family);--awb-caption-title-font-weight:var(--h2_typography-font-weight);--awb-caption-title-font-style:var(--h2_typography-font-style);--awb-caption-title-size:var(--h2_typography-font-size);--awb-caption-title-transform:var(--h2_typography-text-transform);--awb-caption-title-line-height:var(--h2_typography-line-height);--awb-caption-title-letter-spacing:var(--h2_typography-letter-spacing);\"><span class=\" fusion-imageframe imageframe-none imageframe-1 hover-type-none\"><img decoding=\"async\" width=\"1200\" height=\"1200\" title=\"Portrait Charles 05 2025 copie\" src=\"https:\/\/galerie-artima.com\/wp-content\/uploads\/2025\/12\/Portrait-Charles-05-2025-copie.jpg\" data-orig-src=\"https:\/\/galerie-artima.com\/wp-content\/uploads\/2025\/12\/Portrait-Charles-05-2025-copie.jpg\" alt class=\"lazyload img-responsive wp-image-20962\" srcset=\"data:image\/svg+xml,%3Csvg%20xmlns%3D%27http%3A%2F%2Fwww.w3.org%2F2000%2Fsvg%27%20width%3D%271200%27%20height%3D%271200%27%20viewBox%3D%270%200%201200%201200%27%3E%3Crect%20width%3D%271200%27%20height%3D%271200%27%20fill-opacity%3D%220%22%2F%3E%3C%2Fsvg%3E\" data-srcset=\"https:\/\/galerie-artima.com\/wp-content\/uploads\/2025\/12\/Portrait-Charles-05-2025-copie-200x200.jpg 200w, https:\/\/galerie-artima.com\/wp-content\/uploads\/2025\/12\/Portrait-Charles-05-2025-copie-400x400.jpg 400w, https:\/\/galerie-artima.com\/wp-content\/uploads\/2025\/12\/Portrait-Charles-05-2025-copie-600x600.jpg 600w, https:\/\/galerie-artima.com\/wp-content\/uploads\/2025\/12\/Portrait-Charles-05-2025-copie-800x800.jpg 800w, https:\/\/galerie-artima.com\/wp-content\/uploads\/2025\/12\/Portrait-Charles-05-2025-copie.jpg 1200w\" data-sizes=\"auto\" data-orig-sizes=\"200px\" \/><\/span><\/div><\/div><\/div><div class=\"fusion-layout-column fusion_builder_column fusion-builder-column-4 fusion_builder_column_5_6 5_6 fusion-flex-column\" style=\"--awb-bg-size:cover;--awb-width-large:83.333333333333%;--awb-margin-top-large:0px;--awb-spacing-right-large:2.304%;--awb-margin-bottom-large:0px;--awb-spacing-left-large:2.304%;--awb-width-medium:83.333333333333%;--awb-order-medium:0;--awb-spacing-right-medium:2.304%;--awb-spacing-left-medium:2.304%;--awb-width-small:83.333333333333%;--awb-order-small:0;--awb-spacing-right-small:2.304%;--awb-spacing-left-small:2.304%;\"><div class=\"fusion-column-wrapper fusion-column-has-shadow fusion-flex-justify-content-flex-start fusion-content-layout-column\"><div class=\"fusion-text fusion-text-1\" style=\"--awb-text-color:#222222;\"><p style=\"text-align: justify;\"><strong>Born in New York in 1955. Lives and works in New York<\/strong><\/p>\n<p style=\"text-align: justify;\">Charles Fazzino, graduate of the School of Visual Arts in New York City is one of the most popular and highly-collected pop artists of all time. During his more-than-thirty years as a pop artist, he has inserted his unique, detailed, vibrant, and three-dimensional style of artwork into the very fabric of popular culture.<\/p>\n<p style=\"text-align: justify;\"><strong>Fazzino\u2019s artworks are exhibited in hundreds of museums and galleries in more than twenty different countries.<\/strong> He has received many private and important commissions and has been selected as the official artist for festivals and events all over the world. Charles is often referred to as a pop culture historian because of the breadth of his work and the way it touches his collectors and captures the best parts of their contemporary lives. His legacy will mark him as part of the next generation of famous pop artists as he follows the paths originally forged by pop art pioneers such as Andy Warhol, Keith Haring, Red Grooms, and Roy Lichtenstein.<\/p>\n<p style=\"text-align: justify;\">He is exhibited in Paris at the gallery Artima in Paris for more than 25 years now.<\/p>\n<p>&nbsp;<\/p>\n<p><strong>Public collection and partnership:<\/strong><\/p>\n<p>Super Bowls XXXV &#8211; LVII<br \/>\n2003-2025 Major League Baseball All-Star Games<br \/>\n2000\u20132025 United States Olympic Committee<br \/>\n2021 National 9-11 Memorial &amp; Museum, NYC<br \/>\n2021 SM Tower\/KPOP Museum &#8211; Seoul &#8211; Korea<br \/>\n2019 Samjung Mall &#8211; Busan Korea Public Sculpture<br \/>\n2018 NY Langone Hassenfeld Children\u2019s Hospital<br \/>\nFC Koln (Germany Bundasliga)<br \/>\nBorussia Dortmund (Bundasliga)<br \/>\nThe City of Stamford &#8211; CT (public installations)<br \/>\nThe City of New Rochelle &#8211; NY (public installations)<br \/>\nArlington Museum of Art<br \/>\nOlympic Museum Lausanne &#8211; Switzerland<br \/>\nCoral Springs Museum of Art<br \/>\nThe World of Little League Museum<br \/>\nThe Holocaust Memorial &#8211; Tolerance Center and Museum of Nassau County<br \/>\n2014 USA Sevens Rugby Tournament<br \/>\n2013 Mus\u00e9e du Mont Saint Michel \u2013 Scriptorial d\u2019Avranches<br \/>\n2013 National Jefferson Awards<br \/>\n2012 American School in London<br \/>\nNational Football League<br \/>\nMuseum of Art &#8211; Fort Lauderdale<br \/>\n2010 Fort Lauderdale Centennial Celebration<br \/>\n2009 New York Drama Desk Nomination for The FAZZINO RIDE Tourist Attraction<br \/>\nAmerican Airlines JFK Terminal permanent installations<br \/>\nNorman Rockwell Museum<br \/>\nBaseball Hall of Fame and Museum<br \/>\nNational Art Museum of Sport<br \/>\n2009 Ellis Island \u2013 Medal of Honor<br \/>\n2009 Pori Jazz Festival<br \/>\n2008 Andy Roddick Foundation2008-2010 President&#8217;s Council on Physical Fitness<br \/>\n2006-2011 Daytime Emmy Awards<br \/>\n2006 &#8211; 2010 &#8211; 2016 Winterfest Boat Parade<br \/>\n2005-2007 The Belmont Stakes<br \/>\n2005-2006 CMA\u00a0Awards &#8211; Country Music Association<br \/>\n2004 Indy 500<br \/>\n2004 Grammy\u00a0Awards<br \/>\n2001-2003-2004 Association Enfance et Partage (France)<br \/>\nSwitzerland S\u00e4chsil\u00fc\u00fcte Festival (Z\u00fcrich)<br \/>\nDisneyland Studios<br \/>\nWarner Bros. Studios (50th Anniversary of James Dean)<br \/>\nAmerican Theatre and Producers league of the Metropolitan Opera (NYC)<br \/>\nNBC&#8217;s &#8220;Today Show&#8221;<br \/>\nRosie O&#8217;Donnell&#8217;s For All Kids Foundation<br \/>\nInternational Red Cross<br \/>\nThe Muscular Dystrophy Association<br \/>\nAtlanta city &#8211; Georgia<br \/>\n2000 New York Mayor Rudy Giuliani&#8217;s NYC Committee<br \/>\nJapan&#8217;s Mt. Fuji Museum<\/p>\n<p><strong>Private collection:<\/strong><\/p>\n<p>Rosie O&#8217;Donnell, Michael Eisner, Hillary Clinton, Presidents Bill Clinton and George Bush, Paul McCartney, Michael Jackson, Phil Collins, Roger Clemens, Michael Jordan, Ronde Barber, Justin Tuck, Donald Trump, Levar Burton, Derek Jeter, Joe Torre, Mariano Rivera, Keith Urban, Michael Eisner, Morgan Freeman, Tony Stewart, Whoopi Goldberg, Marlo Thomas, Ellen Degeneres, President Halonen (Finland), Eli Manning, Roger Clemens, Jim Brown, Rod Gilbert, Katie Couric, Dick Vitale, Roger Staubach, Aki Ashiro, Eiji Okuda, Lawrence Taylor, Petra Nemcova, George Steinbrenner, Drew Carey, Jonathan Winters, Kristin Chenoweth, Prince Albert of Monaco, Richard Petty, David Winfield, Angel Cordero, Jr.Tom Brady, Alexandra Kamp, Julia Roberts, Eva Longoria, Michael Jordan, Warren Buffet, Reggie Jackson, Elie Wiesel, Chris Wallace&#8230;<\/p>\n<p><strong>Education:<\/strong><\/p>\n<p>1977 Graduate of the School of Visual Arts in New York City &#8211; USA<\/p>\n<\/div><\/div><\/div><\/div><\/div><div class=\"fusion-fullwidth fullwidth-box fusion-builder-row-4 fusion-flex-container nonhundred-percent-fullwidth non-hundred-percent-height-scrolling\" style=\"--awb-border-radius-top-left:0px;--awb-border-radius-top-right:0px;--awb-border-radius-bottom-right:0px;--awb-border-radius-bottom-left:0px;--awb-flex-wrap:wrap;\" ><div class=\"fusion-builder-row fusion-row fusion-flex-align-items-flex-start fusion-flex-content-wrap\" style=\"max-width:1248px;margin-left: calc(-4% \/ 2 );margin-right: calc(-4% \/ 2 );\"><\/div><\/div><\/p>\n","protected":false},"excerpt":{"rendered":"","protected":false},"author":1,"featured_media":0,"parent":0,"menu_order":53,"comment_status":"closed","ping_status":"closed","template":"","meta":{"footnotes":""},"class_list":["post-2329","page","type-page","status-publish","hentry"],"yoast_head":"<!-- This site is optimized with the Yoast SEO plugin v27.2 - https:\/\/yoast.com\/product\/yoast-seo-wordpress\/ -->\n<title>Charles FAZZINO- Biography - Galerie Artima<\/title>\n<meta name=\"description\" content=\"CHARLES FAZZINO - American artist born in 1955 in NYC - Creator of 3D pop art - Represented for 25 years by Galerie Artima. His hometown of New York remains an inexhaustible source of inspiration, but he also takes us on journeys around the world.\" \/>\n<meta name=\"robots\" content=\"index, follow, max-snippet:-1, max-image-preview:large, max-video-preview:-1\" \/>\n<link rel=\"canonical\" href=\"https:\/\/galerie-artima.com\/en\/charles-fazzino-biography\" \/>\n<meta property=\"og:locale\" content=\"en_US\" \/>\n<meta property=\"og:type\" content=\"article\" \/>\n<meta property=\"og:title\" content=\"Charles FAZZINO- Biography - Galerie Artima\" \/>\n<meta property=\"og:description\" content=\"CHARLES FAZZINO - American artist born in 1955 in NYC - Creator of 3D pop art - Represented for 25 years by Galerie Artima. His hometown of New York remains an inexhaustible source of inspiration, but he also takes us on journeys around the world.\" \/>\n<meta property=\"og:url\" content=\"https:\/\/galerie-artima.com\/en\/charles-fazzino-biography\" \/>\n<meta property=\"og:site_name\" content=\"Galerie Artima\" \/>\n<meta property=\"article:publisher\" content=\"https:\/\/www.facebook.com\/mulevosges\" \/>\n<meta property=\"article:modified_time\" content=\"2025-12-18T16:19:08+00:00\" \/>\n<meta name=\"twitter:card\" content=\"summary_large_image\" \/>\n<script type=\"application\/ld+json\" class=\"yoast-schema-graph\">{\"@context\":\"https:\/\/schema.org\",\"@graph\":[{\"@type\":\"WebPage\",\"@id\":\"https:\/\/galerie-artima.com\/en\/charles-fazzino-biography\",\"url\":\"https:\/\/galerie-artima.com\/en\/charles-fazzino-biography\",\"name\":\"Charles FAZZINO- Biography - Galerie Artima\",\"isPartOf\":{\"@id\":\"https:\/\/galerie-artima.com\/#website\"},\"datePublished\":\"2021-11-14T21:50:52+00:00\",\"dateModified\":\"2025-12-18T16:19:08+00:00\",\"description\":\"CHARLES FAZZINO - American artist born in 1955 in NYC - Creator of 3D pop art - Represented for 25 years by Galerie Artima. His hometown of New York remains an inexhaustible source of inspiration, but he also takes us on journeys around the world.\",\"breadcrumb\":{\"@id\":\"https:\/\/galerie-artima.com\/en\/charles-fazzino-biography#breadcrumb\"},\"inLanguage\":\"en-US\",\"potentialAction\":[{\"@type\":\"ReadAction\",\"target\":[\"https:\/\/galerie-artima.com\/en\/charles-fazzino-biography\"]}]},{\"@type\":\"BreadcrumbList\",\"@id\":\"https:\/\/galerie-artima.com\/en\/charles-fazzino-biography#breadcrumb\",\"itemListElement\":[{\"@type\":\"ListItem\",\"position\":1,\"name\":\"Accueil\",\"item\":\"https:\/\/galerie-artima.com\/en\"},{\"@type\":\"ListItem\",\"position\":2,\"name\":\"Charles FAZZINO- Biography\"}]},{\"@type\":\"WebSite\",\"@id\":\"https:\/\/galerie-artima.com\/#website\",\"url\":\"https:\/\/galerie-artima.com\/\",\"name\":\"Galerie Artima\",\"description\":\"Galerie ARTIMA - Paris - Honfleur\",\"publisher\":{\"@id\":\"https:\/\/galerie-artima.com\/#organization\"},\"potentialAction\":[{\"@type\":\"SearchAction\",\"target\":{\"@type\":\"EntryPoint\",\"urlTemplate\":\"https:\/\/galerie-artima.com\/?s={search_term_string}\"},\"query-input\":{\"@type\":\"PropertyValueSpecification\",\"valueRequired\":true,\"valueName\":\"search_term_string\"}}],\"inLanguage\":\"en-US\"},{\"@type\":\"Organization\",\"@id\":\"https:\/\/galerie-artima.com\/#organization\",\"name\":\"Galerie ARTIMA\",\"url\":\"https:\/\/galerie-artima.com\/\",\"logo\":{\"@type\":\"ImageObject\",\"inLanguage\":\"en-US\",\"@id\":\"https:\/\/galerie-artima.com\/#\/schema\/logo\/image\/\",\"url\":\"https:\/\/galerie-artima.com\/wp-content\/uploads\/2022\/02\/LOGO-2022-copie.jpg\",\"contentUrl\":\"https:\/\/galerie-artima.com\/wp-content\/uploads\/2022\/02\/LOGO-2022-copie.jpg\",\"width\":2362,\"height\":654,\"caption\":\"Galerie ARTIMA\"},\"image\":{\"@id\":\"https:\/\/galerie-artima.com\/#\/schema\/logo\/image\/\"},\"sameAs\":[\"https:\/\/www.facebook.com\/mulevosges\",\"https:\/\/www.instagram.com\/galerie_artima\/\"]}]}<\/script>\n<!-- \/ Yoast SEO plugin. -->","yoast_head_json":{"title":"Charles FAZZINO- Biography - Galerie Artima","description":"CHARLES FAZZINO - American artist born in 1955 in NYC - Creator of 3D pop art - Represented for 25 years by Galerie Artima. His hometown of New York remains an inexhaustible source of inspiration, but he also takes us on journeys around the world.","robots":{"index":"index","follow":"follow","max-snippet":"max-snippet:-1","max-image-preview":"max-image-preview:large","max-video-preview":"max-video-preview:-1"},"canonical":"https:\/\/galerie-artima.com\/en\/charles-fazzino-biography","og_locale":"en_US","og_type":"article","og_title":"Charles FAZZINO- Biography - Galerie Artima","og_description":"CHARLES FAZZINO - American artist born in 1955 in NYC - Creator of 3D pop art - Represented for 25 years by Galerie Artima. His hometown of New York remains an inexhaustible source of inspiration, but he also takes us on journeys around the world.","og_url":"https:\/\/galerie-artima.com\/en\/charles-fazzino-biography","og_site_name":"Galerie Artima","article_publisher":"https:\/\/www.facebook.com\/mulevosges","article_modified_time":"2025-12-18T16:19:08+00:00","twitter_card":"summary_large_image","schema":{"@context":"https:\/\/schema.org","@graph":[{"@type":"WebPage","@id":"https:\/\/galerie-artima.com\/en\/charles-fazzino-biography","url":"https:\/\/galerie-artima.com\/en\/charles-fazzino-biography","name":"Charles FAZZINO- Biography - Galerie Artima","isPartOf":{"@id":"https:\/\/galerie-artima.com\/#website"},"datePublished":"2021-11-14T21:50:52+00:00","dateModified":"2025-12-18T16:19:08+00:00","description":"CHARLES FAZZINO - American artist born in 1955 in NYC - Creator of 3D pop art - Represented for 25 years by Galerie Artima. His hometown of New York remains an inexhaustible source of inspiration, but he also takes us on journeys around the world.","breadcrumb":{"@id":"https:\/\/galerie-artima.com\/en\/charles-fazzino-biography#breadcrumb"},"inLanguage":"en-US","potentialAction":[{"@type":"ReadAction","target":["https:\/\/galerie-artima.com\/en\/charles-fazzino-biography"]}]},{"@type":"BreadcrumbList","@id":"https:\/\/galerie-artima.com\/en\/charles-fazzino-biography#breadcrumb","itemListElement":[{"@type":"ListItem","position":1,"name":"Accueil","item":"https:\/\/galerie-artima.com\/en"},{"@type":"ListItem","position":2,"name":"Charles FAZZINO- Biography"}]},{"@type":"WebSite","@id":"https:\/\/galerie-artima.com\/#website","url":"https:\/\/galerie-artima.com\/","name":"Galerie Artima","description":"Galerie ARTIMA - Paris - Honfleur","publisher":{"@id":"https:\/\/galerie-artima.com\/#organization"},"potentialAction":[{"@type":"SearchAction","target":{"@type":"EntryPoint","urlTemplate":"https:\/\/galerie-artima.com\/?s={search_term_string}"},"query-input":{"@type":"PropertyValueSpecification","valueRequired":true,"valueName":"search_term_string"}}],"inLanguage":"en-US"},{"@type":"Organization","@id":"https:\/\/galerie-artima.com\/#organization","name":"Galerie ARTIMA","url":"https:\/\/galerie-artima.com\/","logo":{"@type":"ImageObject","inLanguage":"en-US","@id":"https:\/\/galerie-artima.com\/#\/schema\/logo\/image\/","url":"https:\/\/galerie-artima.com\/wp-content\/uploads\/2022\/02\/LOGO-2022-copie.jpg","contentUrl":"https:\/\/galerie-artima.com\/wp-content\/uploads\/2022\/02\/LOGO-2022-copie.jpg","width":2362,"height":654,"caption":"Galerie ARTIMA"},"image":{"@id":"https:\/\/galerie-artima.com\/#\/schema\/logo\/image\/"},"sameAs":["https:\/\/www.facebook.com\/mulevosges","https:\/\/www.instagram.com\/galerie_artima\/"]}]}},"_links":{"self":[{"href":"https:\/\/galerie-artima.com\/en\/wp-json\/wp\/v2\/pages\/2329","targetHints":{"allow":["GET"]}}],"collection":[{"href":"https:\/\/galerie-artima.com\/en\/wp-json\/wp\/v2\/pages"}],"about":[{"href":"https:\/\/galerie-artima.com\/en\/wp-json\/wp\/v2\/types\/page"}],"author":[{"embeddable":true,"href":"https:\/\/galerie-artima.com\/en\/wp-json\/wp\/v2\/users\/1"}],"replies":[{"embeddable":true,"href":"https:\/\/galerie-artima.com\/en\/wp-json\/wp\/v2\/comments?post=2329"}],"version-history":[{"count":17,"href":"https:\/\/galerie-artima.com\/en\/wp-json\/wp\/v2\/pages\/2329\/revisions"}],"predecessor-version":[{"id":20965,"href":"https:\/\/galerie-artima.com\/en\/wp-json\/wp\/v2\/pages\/2329\/revisions\/20965"}],"wp:attachment":[{"href":"https:\/\/galerie-artima.com\/en\/wp-json\/wp\/v2\/media?parent=2329"}],"curies":[{"name":"wp","href":"https:\/\/api.w.org\/{rel}","templated":true}]}}