{"id":2355,"date":"2021-11-16T14:27:33","date_gmt":"2021-11-16T13:27:33","guid":{"rendered":"http:\/\/galerieartima.fr\/alain-le-boucher-biography"},"modified":"2026-02-04T22:12:34","modified_gmt":"2026-02-04T21:12:34","slug":"alain-le-boucher-biography","status":"publish","type":"page","link":"https:\/\/galerie-artima.com\/en\/alain-le-boucher-biography","title":{"rendered":"Alain LE BOUCHER &#8211; Biography"},"content":{"rendered":"<p><div class=\"fusion-fullwidth fullwidth-box fusion-builder-row-1 fusion-flex-container nonhundred-percent-fullwidth non-hundred-percent-height-scrolling\" style=\"--awb-border-radius-top-left:0px;--awb-border-radius-top-right:0px;--awb-border-radius-bottom-right:0px;--awb-border-radius-bottom-left:0px;--awb-padding-left:22px;--awb-padding-left-medium:0px;--awb-flex-wrap:wrap;\" ><div class=\"fusion-builder-row fusion-row fusion-flex-align-items-flex-start fusion-flex-content-wrap\" style=\"max-width:1248px;margin-left: calc(-4% \/ 2 );margin-right: calc(-4% \/ 2 );\"><div class=\"fusion-layout-column fusion_builder_column fusion-builder-column-0 fusion-flex-column\" style=\"--awb-bg-size:cover;--awb-width-large:auto;--awb-margin-top-large:0px;--awb-spacing-right-large:25px;--awb-margin-bottom-large:0px;--awb-spacing-left-large:2%;--awb-width-medium:auto;--awb-order-medium:0;--awb-spacing-right-medium:25px;--awb-spacing-left-medium:2%;--awb-width-small:auto;--awb-order-small:0;--awb-spacing-right-small:25px;--awb-spacing-left-small:2%;\"><div class=\"fusion-column-wrapper fusion-column-has-shadow fusion-flex-justify-content-center fusion-content-layout-column\"><div style=\"text-align:left;\"><a class=\"fusion-button button-flat button-medium button-custom fusion-button-default button-1 fusion-button-span-no fusion-has-button-gradient\" style=\"--button_accent_color:#607d8b;--button_border_color:#607d8b;--button_accent_hover_color:#000000;--button_border_hover_color:#000000;--button_border_width-top:1px;--button_border_width-right:1px;--button_border_width-bottom:1px;--button_border_width-left:1px;--button_gradient_top_color:rgba(0,0,0,0.03);--button_gradient_bottom_color:rgba(0,0,0,0);--button_gradient_top_color_hover:rgba(0,0,0,0);--button_gradient_bottom_color_hover:rgba(0,0,0,0);\" target=\"_self\" href=\"alain-le-boucher-works\"><span class=\"fusion-button-text awb-button__text awb-button__text--default\">Works<\/span><\/a><\/div><\/div><\/div><div class=\"fusion-layout-column fusion_builder_column fusion-builder-column-1 fusion-flex-column\" style=\"--awb-bg-size:cover;--awb-width-large:auto;--awb-margin-top-large:0px;--awb-spacing-right-large:2%;--awb-margin-bottom-large:0px;--awb-spacing-left-large:2%;--awb-width-medium:auto;--awb-order-medium:0;--awb-spacing-right-medium:2%;--awb-spacing-left-medium:2%;--awb-width-small:auto;--awb-order-small:0;--awb-spacing-right-small:2%;--awb-spacing-left-small:2%;\"><div class=\"fusion-column-wrapper fusion-column-has-shadow fusion-flex-justify-content-center fusion-content-layout-column\"><div style=\"text-align:left;\"><a class=\"fusion-button button-flat button-medium button-custom fusion-button-default button-2 fusion-button-span-no fusion-has-button-gradient\" style=\"--button_accent_color:#000000;--button_border_color:#000000;--button_accent_hover_color:#000000;--button_border_hover_color:#000000;--button_border_width-top:1px;--button_border_width-right:1px;--button_border_width-bottom:1px;--button_border_width-left:1px;--button_gradient_top_color:rgba(0,0,0,0.03);--button_gradient_bottom_color:rgba(0,0,0,0);--button_gradient_top_color_hover:rgba(0,0,0,0);--button_gradient_bottom_color_hover:rgba(0,0,0,0);\" target=\"_self\" href=\"#\"><span class=\"fusion-button-text awb-button__text awb-button__text--default\">Biography<\/span><\/a><\/div><\/div><\/div><\/div><\/div><div class=\"fusion-fullwidth fullwidth-box fusion-builder-row-2 fusion-flex-container nonhundred-percent-fullwidth non-hundred-percent-height-scrolling\" style=\"--awb-border-radius-top-left:0px;--awb-border-radius-top-right:0px;--awb-border-radius-bottom-right:0px;--awb-border-radius-bottom-left:0px;--awb-margin-bottom:25px;--awb-flex-wrap:wrap;\" ><div class=\"fusion-builder-row fusion-row fusion-flex-align-items-flex-start fusion-flex-content-wrap\" style=\"max-width:1248px;margin-left: calc(-4% \/ 2 );margin-right: calc(-4% \/ 2 );\"><div class=\"fusion-layout-column fusion_builder_column fusion-builder-column-2 fusion_builder_column_1_1 1_1 fusion-flex-column fusion-flex-align-self-center\" style=\"--awb-bg-size:cover;--awb-width-large:100%;--awb-margin-top-large:10px;--awb-spacing-right-large:1.92%;--awb-margin-bottom-large:10px;--awb-spacing-left-large:1.92%;--awb-width-medium:50%;--awb-order-medium:0;--awb-spacing-right-medium:3.84%;--awb-spacing-left-medium:3.84%;--awb-width-small:100%;--awb-order-small:0;--awb-spacing-right-small:1.92%;--awb-spacing-left-small:1.92%;\"><div class=\"fusion-column-wrapper fusion-column-has-shadow fusion-flex-justify-content-center fusion-content-layout-column\"><div class=\"fusion-separator fusion-full-width-sep\" style=\"align-self: center;margin-left: auto;margin-right: auto;width:100%;\"><div class=\"fusion-separator-border sep-single sep-solid\" style=\"--awb-height:20px;--awb-amount:20px;border-color:#e0dede;border-top-width:1px;\"><\/div><\/div><\/div><\/div><\/div><\/div><div class=\"fusion-fullwidth fullwidth-box fusion-builder-row-3 fusion-flex-container nonhundred-percent-fullwidth non-hundred-percent-height-scrolling\" style=\"--awb-border-radius-top-left:0px;--awb-border-radius-top-right:0px;--awb-border-radius-bottom-right:0px;--awb-border-radius-bottom-left:0px;--awb-flex-wrap:wrap;\" ><div class=\"fusion-builder-row fusion-row fusion-flex-align-items-flex-start fusion-flex-content-wrap\" style=\"max-width:1248px;margin-left: calc(-4% \/ 2 );margin-right: calc(-4% \/ 2 );\"><div class=\"fusion-layout-column fusion_builder_column fusion-builder-column-3 fusion_builder_column_1_6 1_6 fusion-flex-column\" style=\"--awb-bg-size:cover;--awb-width-large:16.666666666667%;--awb-margin-top-large:0px;--awb-spacing-right-large:11.52%;--awb-margin-bottom-large:0px;--awb-spacing-left-large:11.52%;--awb-width-medium:16.666666666667%;--awb-order-medium:0;--awb-spacing-right-medium:11.52%;--awb-spacing-left-medium:11.52%;--awb-width-small:16.666666666667%;--awb-order-small:0;--awb-spacing-right-small:11.52%;--awb-spacing-left-small:11.52%;\"><div class=\"fusion-column-wrapper fusion-column-has-shadow fusion-flex-justify-content-flex-start fusion-content-layout-column\"><div class=\"fusion-image-element \" style=\"text-align:center;--awb-max-width:300px;--awb-caption-title-font-family:var(--h2_typography-font-family);--awb-caption-title-font-weight:var(--h2_typography-font-weight);--awb-caption-title-font-style:var(--h2_typography-font-style);--awb-caption-title-size:var(--h2_typography-font-size);--awb-caption-title-transform:var(--h2_typography-text-transform);--awb-caption-title-line-height:var(--h2_typography-line-height);--awb-caption-title-letter-spacing:var(--h2_typography-letter-spacing);\"><span class=\" fusion-imageframe imageframe-none imageframe-1 hover-type-none\"><img decoding=\"async\" width=\"411\" height=\"342\" title=\"Portrait Alain Le Boucher\" src=\"https:\/\/galerie-artima.com\/wp-content\/uploads\/2021\/08\/Portrait-Alain-Le-Boucher.jpg\" data-orig-src=\"https:\/\/galerie-artima.com\/wp-content\/uploads\/2021\/08\/Portrait-Alain-Le-Boucher.jpg\" alt class=\"lazyload img-responsive wp-image-2042\" srcset=\"data:image\/svg+xml,%3Csvg%20xmlns%3D%27http%3A%2F%2Fwww.w3.org%2F2000%2Fsvg%27%20width%3D%27411%27%20height%3D%27342%27%20viewBox%3D%270%200%20411%20342%27%3E%3Crect%20width%3D%27411%27%20height%3D%27342%27%20fill-opacity%3D%220%22%2F%3E%3C%2Fsvg%3E\" data-srcset=\"https:\/\/galerie-artima.com\/wp-content\/uploads\/2021\/08\/Portrait-Alain-Le-Boucher-200x166.jpg 200w, https:\/\/galerie-artima.com\/wp-content\/uploads\/2021\/08\/Portrait-Alain-Le-Boucher-400x333.jpg 400w, https:\/\/galerie-artima.com\/wp-content\/uploads\/2021\/08\/Portrait-Alain-Le-Boucher.jpg 411w\" data-sizes=\"auto\" data-orig-sizes=\"200px\" \/><\/span><\/div><\/div><\/div><div class=\"fusion-layout-column fusion_builder_column fusion-builder-column-4 fusion_builder_column_5_6 5_6 fusion-flex-column\" style=\"--awb-bg-size:cover;--awb-width-large:83.333333333333%;--awb-margin-top-large:0px;--awb-spacing-right-large:2.304%;--awb-margin-bottom-large:0px;--awb-spacing-left-large:2.304%;--awb-width-medium:83.333333333333%;--awb-order-medium:0;--awb-spacing-right-medium:2.304%;--awb-spacing-left-medium:2.304%;--awb-width-small:83.333333333333%;--awb-order-small:0;--awb-spacing-right-small:2.304%;--awb-spacing-left-small:2.304%;\"><div class=\"fusion-column-wrapper fusion-column-has-shadow fusion-flex-justify-content-flex-start fusion-content-layout-column\"><div class=\"fusion-text fusion-text-1\" style=\"--awb-text-transform:none;--awb-text-color:#222222;\"><p style=\"text-align: justify;\"><strong>Born in 1950 in Paimpol. Lives and works in Normandy.<\/strong><\/p>\n<p style=\"text-align: justify;\">&#8220;One of my great discoveries was the possibility of working with light as one works with stone or metal, by giving it form. Each sculpture of light by Alain Le Boucher is a meeting between a material form, a transparent construction of metallic wires and a rhythmic composition, a play of light in movement which makes the sculpture alive.<\/p>\n<p style=\"text-align: justify;\">Alain Le Boucher, trained as an engineer, discovered one day that it was possible to work with light as one works with stone or metal, by giving it form.<\/p>\n<p style=\"text-align: justify;\">He always starts with a sketch on paper, then creates a luminous score using electronic components and LEDs, as he would compose a piece of music.<\/p>\n<p style=\"text-align: justify;\">Alain Le Boucher has exhibited in France, Germany, Belgium, Great Britain, the USA, Hong Kong and at the Artima Gallery since 2014.<\/p>\n<p><strong>Exhibitions (selection):<\/strong><\/p>\n<p>2025<br \/>\nModerne Art Fair &#8211; Galerie Artima &#8211; Paris<br \/>\n<em>Alain le Boucher I Fabien Chalon<\/em> &#8211; Galerie Olivier Waltman &#8211; Paris<br \/>\nGalerie Artima &#8211; Honfleur<br \/>\nGalerie Leila Mordoch &#8211; Paris<br \/>\n&nbsp;<\/p>\n<p>2024<br \/>\nModerne Art Fair &#8211; Galerie Artima &#8211; Paris<br \/>\n<em>All in!<\/em> &#8211; Galerie Petra Kern &#8211; Mannheim<br \/>\n<em>Olympiade <\/em>&#8211; Galerie Leila Mordoch &#8211; Paris<br \/>\n<em>Opening show<\/em> &#8211; Galerie Artima &#8211; Honfleur<br \/>\nPetra Kern &#8211; Heidelberg<br \/>\n&nbsp;<\/p>\n<p>2023<br \/>\n<em>Conrad Stevens, Alain Le Boucher und Adventkalender &#8211;<\/em> Galerie Petra Kern &#8211; Heidelberg<br \/>\nGalerie Leila Mordoch &#8211; Paris<br \/>\n&nbsp;<\/p>\n<p>2022<br \/>\n<em>Summer exhibition &#8211; <\/em>Galerie Olivier Waltman &#8211; Paris<br \/>\nLondon Art Fair &#8211; Galerie Olivier Waltman<br \/>\nPetra Kern &#8211; Heidelberg<br \/>\n&nbsp;<\/p>\n<p>2020<br \/>\nGroup show avec Claire Fanjul &#8211; Galerie Artima &#8211; Paris<br \/>\nArt Wynwood &#8211; Waltman Ortega Fine Arts &#8211; Miami<br \/>\n&nbsp;<\/p>\n<p>2019<br \/>\nArt Miami<br \/>\n<em>Design <\/em>\u2013 Galerie Artima &#8211; Paris<br \/>\n<em>\u0152uvres choisies 1+1 &#8211; <\/em>Galerie Olivier Waltman &#8211; Paris<\/p>\n<p>2018<br \/>\nGalerie Daniel Vignal &#8211; Toulouse<br \/>\n<em>De la M\u00e9ditation au Cosmos<\/em> \u2013 exhibition with H\u00e9l\u00e8ne Darcq &#8211; Galerie Begramoff &#8211; Bruxelles<br \/>\n<em>Design\u00a0!<\/em> &#8211; Galerie Artima \u2013 London<br \/>\n<em>Luchrones <\/em>&#8211; Galerie L\u00e9lia Mordoch &#8211; Paris<br \/>\n<em>Contrepoint<\/em>s &#8211; Galerie Wagner &#8211; Le Touquet &#8211; France<br \/>\nGalerie Olivier Waltman &#8211; Paris<br \/>\nGalerie Nery Marino &#8211; Paris<\/p>\n<p>2017<br \/>\n<em>Mappa Mondo<\/em> \u2013 group show &#8211; Galerie Artima \u2013 Paris<br \/>\n<em>Harmonies Instables<\/em> \u2013 Galerie Nery Marino &#8211; Paris<br \/>\n<em>Black &amp; White<\/em> \u2013 group show &#8211; Galerie Artima \u2013 Paris<br \/>\nYIA Art Fair \u2013 Bruxelles \u2013 Galerie Begramoff<br \/>\nGalerie Begramoff \u2013 group show with Corinne H\u00e9raud \u2013 Galerie Begramoff \u2013 Bruxelles<br \/>\nGalerie Olivier Waltman &#8211; Paris<\/p>\n<p>2016<br \/>\nGalerie Artima &#8211; Paris<br \/>\nArt Up\u00a0! Lille &#8211; Galerie Olivier Waltman<br \/>\n<em>Remix &#8211; <\/em>Galerie Olivier Waltman &#8211; Paris<br \/>\nArt Miami New York &#8211; Waltman Ortega Fine Art<br \/>\nArt Paris Art Fair &#8211; Galerie Olivier Waltman<\/p>\n<p>2015<br \/>\nArt Elys\u00e9es &#8211; Galerie Olivier Waltman<br \/>\n<em>Regards Crois\u00e9s &#8211; <\/em>Galerie Lierhmann &#8211; Li\u00e8ge<br \/>\nArt Miami New York &#8211; Waltman Ortega Fine Art<br \/>\nGalerie Artima &#8211; Paris<br \/>\nArt Paris Art Fair &#8211; Galerie Olivier Waltman<\/p>\n<p>2014<br \/>\nArt Paris<br \/>\nS\u00e9quences lumi\u00e8res et cin\u00e9tiques &#8211; Galerie Olivier Waltman &#8211; Paris<br \/>\nL\u2019art de l\u2019infini &#8211; Galerie Lelia Murdoch &#8211; Paris<br \/>\n<em>Lumi\u00e8res m\u00e9talliques<\/em> \u2013 Group show &#8211; Galerie Artima &#8211; Paris<\/p>\n<p>2013<br \/>\nLights &#8211; Galerie Olivier Waltman &#8211; Paris<br \/>\nGalerie Lelia Mordoch &#8211; Paris | Miami<br \/>\nArt Wynwood &#8211; Miami<br \/>\nArt Elys\u00e9es<\/p>\n<p>2012<br \/>\n<em>Lumi\u00e8re et G\u00e9om\u00e9trie<\/em> &#8211; Galerie L\u00e9lia Mordoch \u2013 Paris<br \/>\nArt Paris &#8211; Galerie L\u00e9lia Mordoch<\/p>\n<p>2011<br \/>\nGalerie Garden &#8211; Bruxelles<br \/>\nMaison des Comtes de Provence &#8211; Brignoles<br \/>\nArt Paris &#8211; Galerie L\u00e9lia Mordoch<br \/>\nGalerie Acabas &#8211; Paris<br \/>\nBiennale de sculpture &#8211; Bois Guilbert<\/p>\n<p>2010<br \/>\nGalerie Acabas &#8211; Paris<br \/>\nGalerie Roggwiller &#8211; Bruxelles<\/p>\n<p>2009<br \/>\nGalerie 138 &#8211; Honfleur<\/p>\n<p>2008<br \/>\nGalerie Sparts &#8211; Paris<\/p>\n<p>2007<br \/>\nTour des Templiers &#8211; Hy\u00e8res<br \/>\nGalerie Ardital &#8211; Aix en Provence<\/p>\n<p>2005<br \/>\nGalerie Lydia Harroch &#8211; Paris<br \/>\nH\u00f4tel Sofitel S\u00e8vres &#8211; Paris<\/p>\n<p>2004<br \/>\nArtist &amp; Life &#8211; La Grande Arche &#8211; La D\u00e9fense<br \/>\n2003<br \/>\nLa maison des Arts &#8211; Carc\u00e8s<\/p>\n<p>1999<br \/>\nTh\u00e9\u00e2tre des Chalands &#8211; Val de Reuil<\/p>\n<p>1997<br \/>\nH\u00f4tel de Ville &#8211; Ritterhude &#8211; Allemagne<\/p>\n<p>1996<br \/>\nNouvelle M\u00e9diath\u00e8que &#8211; Argentan<\/p>\n<p>1988<br \/>\nLes artistes et la lumi\u00e8re &#8211; CNAT &#8211; Reims<br \/>\nMaison de la Culture &#8211; Amiens<\/p>\n<p>1987<br \/>\nGalerie Roggwiller &#8211; Paris<\/p>\n<p>1986<br \/>\nBonlieu &#8211; Annecy<br \/>\nH\u00f4tel de Ville &#8211; Drancy<\/p>\n<p>1985<br \/>\nMaison de la Culture &#8211; Bourges<\/p>\n<p>1984<br \/>\nMaison des Sciences de l&#8217;Homme &#8211; Paris<\/p>\n<p><strong>Collections :<\/strong><br \/>\n1982<br \/>\nPremi\u00e8res sculptures de lumi\u00e8re &#8211; les Luchrones<\/p>\n<p>&nbsp;<\/p>\n<p><strong>Monumental works: <\/strong><\/p>\n<p>2004<br \/>\nNouveau Charlie &#8211; Place de la Gare &#8211; Bourges<\/p>\n<p>2003<br \/>\nLe Zodiaque &#8211; Corsair &#8211; Rungis<\/p>\n<p>1999<br \/>\nSoulever le Monde &#8211; Ville de Ritterhude &#8211; Allemagne<\/p>\n<p>1997<br \/>\nLa Terre temps r\u00e9el &#8211; Si\u00e8ge social compagnie Corsair &#8211; Rungis<\/p>\n<p>1996<br \/>\nAstrolabe &#8211; Place Dupleix &#8211; Paris<\/p>\n<p>1994<br \/>\nLa Voile &#8211; Rond point des plages &#8211; Argel\u00e8s-sur-Mer<\/p>\n<p>1990<br \/>\nAstrolabe temps r\u00e9el &#8211; Place de la Poste &#8211; Val-de-Reuil<\/p>\n<p>1989<br \/>\nLa Coquille &#8211; Place des Victoires &#8211; Reims<\/p>\n<p>1986<br \/>\nCharlie &#8211; Place Andr\u00e9 Malraux &#8211; Bourges<\/p>\n<\/div><\/div><\/div><\/div><\/div><\/p>\n","protected":false},"excerpt":{"rendered":"","protected":false},"author":1,"featured_media":0,"parent":0,"menu_order":20,"comment_status":"closed","ping_status":"closed","template":"","meta":{"footnotes":""},"class_list":["post-2355","page","type-page","status-publish","hentry"],"yoast_head":"<!-- This site is optimized with the Yoast SEO plugin v27.2 - https:\/\/yoast.com\/product\/yoast-seo-wordpress\/ -->\n<title>Alain LE BOUCHER - Biography - Galerie Artima<\/title>\n<meta name=\"description\" content=\"ALAIN LE BOUCHER - Born in 1950 - French sculptor of light - Delicate, transparent constructions of wire, movement and light\" \/>\n<meta name=\"robots\" content=\"index, follow, max-snippet:-1, max-image-preview:large, max-video-preview:-1\" \/>\n<link rel=\"canonical\" href=\"https:\/\/galerie-artima.com\/en\/alain-le-boucher-biography\" \/>\n<meta property=\"og:locale\" content=\"en_US\" \/>\n<meta property=\"og:type\" content=\"article\" \/>\n<meta property=\"og:title\" content=\"Alain LE BOUCHER - Biography - Galerie Artima\" \/>\n<meta property=\"og:description\" content=\"ALAIN LE BOUCHER - Born in 1950 - French sculptor of light - Delicate, transparent constructions of wire, movement and light\" \/>\n<meta property=\"og:url\" content=\"https:\/\/galerie-artima.com\/en\/alain-le-boucher-biography\" \/>\n<meta property=\"og:site_name\" content=\"Galerie Artima\" \/>\n<meta property=\"article:publisher\" content=\"https:\/\/www.facebook.com\/mulevosges\" \/>\n<meta property=\"article:modified_time\" content=\"2026-02-04T21:12:34+00:00\" \/>\n<meta name=\"twitter:card\" content=\"summary_large_image\" \/>\n<script type=\"application\/ld+json\" class=\"yoast-schema-graph\">{\"@context\":\"https:\/\/schema.org\",\"@graph\":[{\"@type\":\"WebPage\",\"@id\":\"https:\/\/galerie-artima.com\/en\/alain-le-boucher-biography\",\"url\":\"https:\/\/galerie-artima.com\/en\/alain-le-boucher-biography\",\"name\":\"Alain LE BOUCHER - Biography - Galerie Artima\",\"isPartOf\":{\"@id\":\"https:\/\/galerie-artima.com\/#website\"},\"datePublished\":\"2021-11-16T13:27:33+00:00\",\"dateModified\":\"2026-02-04T21:12:34+00:00\",\"description\":\"ALAIN LE BOUCHER - Born in 1950 - French sculptor of light - Delicate, transparent constructions of wire, movement and light\",\"breadcrumb\":{\"@id\":\"https:\/\/galerie-artima.com\/en\/alain-le-boucher-biography#breadcrumb\"},\"inLanguage\":\"en-US\",\"potentialAction\":[{\"@type\":\"ReadAction\",\"target\":[\"https:\/\/galerie-artima.com\/en\/alain-le-boucher-biography\"]}]},{\"@type\":\"BreadcrumbList\",\"@id\":\"https:\/\/galerie-artima.com\/en\/alain-le-boucher-biography#breadcrumb\",\"itemListElement\":[{\"@type\":\"ListItem\",\"position\":1,\"name\":\"Accueil\",\"item\":\"https:\/\/galerie-artima.com\/en\"},{\"@type\":\"ListItem\",\"position\":2,\"name\":\"Alain LE BOUCHER &#8211; Biography\"}]},{\"@type\":\"WebSite\",\"@id\":\"https:\/\/galerie-artima.com\/#website\",\"url\":\"https:\/\/galerie-artima.com\/\",\"name\":\"Galerie Artima\",\"description\":\"Galerie ARTIMA - Paris - Honfleur\",\"publisher\":{\"@id\":\"https:\/\/galerie-artima.com\/#organization\"},\"potentialAction\":[{\"@type\":\"SearchAction\",\"target\":{\"@type\":\"EntryPoint\",\"urlTemplate\":\"https:\/\/galerie-artima.com\/?s={search_term_string}\"},\"query-input\":{\"@type\":\"PropertyValueSpecification\",\"valueRequired\":true,\"valueName\":\"search_term_string\"}}],\"inLanguage\":\"en-US\"},{\"@type\":\"Organization\",\"@id\":\"https:\/\/galerie-artima.com\/#organization\",\"name\":\"Galerie ARTIMA\",\"url\":\"https:\/\/galerie-artima.com\/\",\"logo\":{\"@type\":\"ImageObject\",\"inLanguage\":\"en-US\",\"@id\":\"https:\/\/galerie-artima.com\/#\/schema\/logo\/image\/\",\"url\":\"https:\/\/galerie-artima.com\/wp-content\/uploads\/2022\/02\/LOGO-2022-copie.jpg\",\"contentUrl\":\"https:\/\/galerie-artima.com\/wp-content\/uploads\/2022\/02\/LOGO-2022-copie.jpg\",\"width\":2362,\"height\":654,\"caption\":\"Galerie ARTIMA\"},\"image\":{\"@id\":\"https:\/\/galerie-artima.com\/#\/schema\/logo\/image\/\"},\"sameAs\":[\"https:\/\/www.facebook.com\/mulevosges\",\"https:\/\/www.instagram.com\/galerie_artima\/\"]}]}<\/script>\n<!-- \/ Yoast SEO plugin. -->","yoast_head_json":{"title":"Alain LE BOUCHER - Biography - Galerie Artima","description":"ALAIN LE BOUCHER - Born in 1950 - French sculptor of light - Delicate, transparent constructions of wire, movement and light","robots":{"index":"index","follow":"follow","max-snippet":"max-snippet:-1","max-image-preview":"max-image-preview:large","max-video-preview":"max-video-preview:-1"},"canonical":"https:\/\/galerie-artima.com\/en\/alain-le-boucher-biography","og_locale":"en_US","og_type":"article","og_title":"Alain LE BOUCHER - Biography - Galerie Artima","og_description":"ALAIN LE BOUCHER - Born in 1950 - French sculptor of light - Delicate, transparent constructions of wire, movement and light","og_url":"https:\/\/galerie-artima.com\/en\/alain-le-boucher-biography","og_site_name":"Galerie Artima","article_publisher":"https:\/\/www.facebook.com\/mulevosges","article_modified_time":"2026-02-04T21:12:34+00:00","twitter_card":"summary_large_image","schema":{"@context":"https:\/\/schema.org","@graph":[{"@type":"WebPage","@id":"https:\/\/galerie-artima.com\/en\/alain-le-boucher-biography","url":"https:\/\/galerie-artima.com\/en\/alain-le-boucher-biography","name":"Alain LE BOUCHER - Biography - Galerie Artima","isPartOf":{"@id":"https:\/\/galerie-artima.com\/#website"},"datePublished":"2021-11-16T13:27:33+00:00","dateModified":"2026-02-04T21:12:34+00:00","description":"ALAIN LE BOUCHER - Born in 1950 - French sculptor of light - Delicate, transparent constructions of wire, movement and light","breadcrumb":{"@id":"https:\/\/galerie-artima.com\/en\/alain-le-boucher-biography#breadcrumb"},"inLanguage":"en-US","potentialAction":[{"@type":"ReadAction","target":["https:\/\/galerie-artima.com\/en\/alain-le-boucher-biography"]}]},{"@type":"BreadcrumbList","@id":"https:\/\/galerie-artima.com\/en\/alain-le-boucher-biography#breadcrumb","itemListElement":[{"@type":"ListItem","position":1,"name":"Accueil","item":"https:\/\/galerie-artima.com\/en"},{"@type":"ListItem","position":2,"name":"Alain LE BOUCHER &#8211; Biography"}]},{"@type":"WebSite","@id":"https:\/\/galerie-artima.com\/#website","url":"https:\/\/galerie-artima.com\/","name":"Galerie Artima","description":"Galerie ARTIMA - Paris - Honfleur","publisher":{"@id":"https:\/\/galerie-artima.com\/#organization"},"potentialAction":[{"@type":"SearchAction","target":{"@type":"EntryPoint","urlTemplate":"https:\/\/galerie-artima.com\/?s={search_term_string}"},"query-input":{"@type":"PropertyValueSpecification","valueRequired":true,"valueName":"search_term_string"}}],"inLanguage":"en-US"},{"@type":"Organization","@id":"https:\/\/galerie-artima.com\/#organization","name":"Galerie ARTIMA","url":"https:\/\/galerie-artima.com\/","logo":{"@type":"ImageObject","inLanguage":"en-US","@id":"https:\/\/galerie-artima.com\/#\/schema\/logo\/image\/","url":"https:\/\/galerie-artima.com\/wp-content\/uploads\/2022\/02\/LOGO-2022-copie.jpg","contentUrl":"https:\/\/galerie-artima.com\/wp-content\/uploads\/2022\/02\/LOGO-2022-copie.jpg","width":2362,"height":654,"caption":"Galerie ARTIMA"},"image":{"@id":"https:\/\/galerie-artima.com\/#\/schema\/logo\/image\/"},"sameAs":["https:\/\/www.facebook.com\/mulevosges","https:\/\/www.instagram.com\/galerie_artima\/"]}]}},"_links":{"self":[{"href":"https:\/\/galerie-artima.com\/en\/wp-json\/wp\/v2\/pages\/2355","targetHints":{"allow":["GET"]}}],"collection":[{"href":"https:\/\/galerie-artima.com\/en\/wp-json\/wp\/v2\/pages"}],"about":[{"href":"https:\/\/galerie-artima.com\/en\/wp-json\/wp\/v2\/types\/page"}],"author":[{"embeddable":true,"href":"https:\/\/galerie-artima.com\/en\/wp-json\/wp\/v2\/users\/1"}],"replies":[{"embeddable":true,"href":"https:\/\/galerie-artima.com\/en\/wp-json\/wp\/v2\/comments?post=2355"}],"version-history":[{"count":54,"href":"https:\/\/galerie-artima.com\/en\/wp-json\/wp\/v2\/pages\/2355\/revisions"}],"predecessor-version":[{"id":21394,"href":"https:\/\/galerie-artima.com\/en\/wp-json\/wp\/v2\/pages\/2355\/revisions\/21394"}],"wp:attachment":[{"href":"https:\/\/galerie-artima.com\/en\/wp-json\/wp\/v2\/media?parent=2355"}],"curies":[{"name":"wp","href":"https:\/\/api.w.org\/{rel}","templated":true}]}}