{"id":2494,"date":"2021-11-21T15:55:07","date_gmt":"2021-11-21T14:55:07","guid":{"rendered":"http:\/\/galerieartima.fr\/nolvenn-le-goff-biography"},"modified":"2024-05-07T17:45:12","modified_gmt":"2024-05-07T15:45:12","slug":"nolvenn-le-goff-biography","status":"publish","type":"page","link":"https:\/\/galerie-artima.com\/en\/nolvenn-le-goff-biography","title":{"rendered":"Nolvenn LE GOFF &#8211; Biography"},"content":{"rendered":"<p><div class=\"fusion-fullwidth fullwidth-box fusion-builder-row-1 fusion-flex-container nonhundred-percent-fullwidth non-hundred-percent-height-scrolling\" style=\"--awb-border-radius-top-left:0px;--awb-border-radius-top-right:0px;--awb-border-radius-bottom-right:0px;--awb-border-radius-bottom-left:0px;--awb-padding-left:22px;--awb-padding-left-medium:0px;--awb-flex-wrap:wrap;\" ><div class=\"fusion-builder-row fusion-row fusion-flex-align-items-flex-start fusion-flex-content-wrap\" style=\"max-width:1248px;margin-left: calc(-4% \/ 2 );margin-right: calc(-4% \/ 2 );\"><div class=\"fusion-layout-column fusion_builder_column fusion-builder-column-0 fusion-flex-column\" style=\"--awb-bg-size:cover;--awb-width-large:auto;--awb-margin-top-large:0px;--awb-spacing-right-large:25px;--awb-margin-bottom-large:0px;--awb-spacing-left-large:2%;--awb-width-medium:auto;--awb-order-medium:0;--awb-spacing-right-medium:25px;--awb-spacing-left-medium:2%;--awb-width-small:auto;--awb-order-small:0;--awb-spacing-right-small:25px;--awb-spacing-left-small:2%;\"><div class=\"fusion-column-wrapper fusion-column-has-shadow fusion-flex-justify-content-center fusion-content-layout-column\"><div style=\"text-align:left;\"><a class=\"fusion-button button-flat button-medium button-custom fusion-button-default button-1 fusion-button-span-no fusion-has-button-gradient\" style=\"--button_accent_color:#607d8b;--button_border_color:#607d8b;--button_accent_hover_color:#000000;--button_border_hover_color:#000000;--button_border_width-top:1px;--button_border_width-right:1px;--button_border_width-bottom:1px;--button_border_width-left:1px;--button_gradient_top_color:rgba(0,0,0,0.03);--button_gradient_bottom_color:rgba(0,0,0,0);--button_gradient_top_color_hover:rgba(0,0,0,0);--button_gradient_bottom_color_hover:rgba(0,0,0,0);\" target=\"_self\" href=\"nolvenn-le-goff-works\"><span class=\"fusion-button-text awb-button__text awb-button__text--default\">Works<\/span><\/a><\/div><\/div><\/div><div class=\"fusion-layout-column fusion_builder_column fusion-builder-column-1 fusion-flex-column\" style=\"--awb-bg-size:cover;--awb-width-large:auto;--awb-margin-top-large:0px;--awb-spacing-right-large:2%;--awb-margin-bottom-large:0px;--awb-spacing-left-large:2%;--awb-width-medium:auto;--awb-order-medium:0;--awb-spacing-right-medium:2%;--awb-spacing-left-medium:2%;--awb-width-small:auto;--awb-order-small:0;--awb-spacing-right-small:2%;--awb-spacing-left-small:2%;\"><div class=\"fusion-column-wrapper fusion-column-has-shadow fusion-flex-justify-content-center fusion-content-layout-column\"><div style=\"text-align:left;\"><a class=\"fusion-button button-flat button-medium button-custom fusion-button-default button-2 fusion-button-span-no fusion-has-button-gradient\" style=\"--button_accent_color:#000000;--button_border_color:#000000;--button_accent_hover_color:#000000;--button_border_hover_color:#000000;--button_border_width-top:1px;--button_border_width-right:1px;--button_border_width-bottom:1px;--button_border_width-left:1px;--button_gradient_top_color:rgba(0,0,0,0.03);--button_gradient_bottom_color:rgba(0,0,0,0);--button_gradient_top_color_hover:rgba(0,0,0,0);--button_gradient_bottom_color_hover:rgba(0,0,0,0);\" target=\"_self\" href=\"#\"><span class=\"fusion-button-text awb-button__text awb-button__text--default\">Biography<\/span><\/a><\/div><\/div><\/div><\/div><\/div><div class=\"fusion-fullwidth fullwidth-box fusion-builder-row-2 fusion-flex-container nonhundred-percent-fullwidth non-hundred-percent-height-scrolling\" style=\"--awb-border-radius-top-left:0px;--awb-border-radius-top-right:0px;--awb-border-radius-bottom-right:0px;--awb-border-radius-bottom-left:0px;--awb-margin-bottom:25px;--awb-flex-wrap:wrap;\" ><div class=\"fusion-builder-row fusion-row fusion-flex-align-items-flex-start fusion-flex-content-wrap\" style=\"max-width:1248px;margin-left: calc(-4% \/ 2 );margin-right: calc(-4% \/ 2 );\"><div class=\"fusion-layout-column fusion_builder_column fusion-builder-column-2 fusion_builder_column_1_1 1_1 fusion-flex-column fusion-flex-align-self-center\" style=\"--awb-bg-size:cover;--awb-width-large:100%;--awb-margin-top-large:10px;--awb-spacing-right-large:1.92%;--awb-margin-bottom-large:10px;--awb-spacing-left-large:1.92%;--awb-width-medium:50%;--awb-order-medium:0;--awb-spacing-right-medium:3.84%;--awb-spacing-left-medium:3.84%;--awb-width-small:100%;--awb-order-small:0;--awb-spacing-right-small:1.92%;--awb-spacing-left-small:1.92%;\"><div class=\"fusion-column-wrapper fusion-column-has-shadow fusion-flex-justify-content-center fusion-content-layout-column\"><div class=\"fusion-separator fusion-full-width-sep\" style=\"align-self: center;margin-left: auto;margin-right: auto;width:100%;\"><div class=\"fusion-separator-border sep-single sep-solid\" style=\"--awb-height:20px;--awb-amount:20px;border-color:#e0dede;border-top-width:1px;\"><\/div><\/div><\/div><\/div><\/div><\/div><div class=\"fusion-fullwidth fullwidth-box fusion-builder-row-3 fusion-flex-container nonhundred-percent-fullwidth non-hundred-percent-height-scrolling\" style=\"--awb-border-radius-top-left:0px;--awb-border-radius-top-right:0px;--awb-border-radius-bottom-right:0px;--awb-border-radius-bottom-left:0px;--awb-flex-wrap:wrap;\" ><div class=\"fusion-builder-row fusion-row fusion-flex-align-items-flex-start fusion-flex-content-wrap\" style=\"max-width:1248px;margin-left: calc(-4% \/ 2 );margin-right: calc(-4% \/ 2 );\"><div class=\"fusion-layout-column fusion_builder_column fusion-builder-column-3 fusion_builder_column_1_6 1_6 fusion-flex-column\" style=\"--awb-bg-size:cover;--awb-width-large:16.666666666667%;--awb-margin-top-large:0px;--awb-spacing-right-large:11.52%;--awb-margin-bottom-large:0px;--awb-spacing-left-large:11.52%;--awb-width-medium:16.666666666667%;--awb-order-medium:0;--awb-spacing-right-medium:11.52%;--awb-spacing-left-medium:11.52%;--awb-width-small:16.666666666667%;--awb-order-small:0;--awb-spacing-right-small:11.52%;--awb-spacing-left-small:11.52%;\"><div class=\"fusion-column-wrapper fusion-column-has-shadow fusion-flex-justify-content-flex-start fusion-content-layout-column\"><div class=\"fusion-image-element \" style=\"text-align:center;--awb-max-width:300px;--awb-caption-title-font-family:var(--h2_typography-font-family);--awb-caption-title-font-weight:var(--h2_typography-font-weight);--awb-caption-title-font-style:var(--h2_typography-font-style);--awb-caption-title-size:var(--h2_typography-font-size);--awb-caption-title-transform:var(--h2_typography-text-transform);--awb-caption-title-line-height:var(--h2_typography-line-height);--awb-caption-title-letter-spacing:var(--h2_typography-letter-spacing);\"><span class=\" fusion-imageframe imageframe-none imageframe-1 hover-type-none\"><img decoding=\"async\" width=\"565\" height=\"800\" title=\"Portrait Nolvenn Le Goff\" src=\"https:\/\/galerie-artima.com\/wp-content\/uploads\/2021\/08\/Portrait-Nolvenn-Le-Goff.jpg\" data-orig-src=\"https:\/\/galerie-artima.com\/wp-content\/uploads\/2021\/08\/Portrait-Nolvenn-Le-Goff.jpg\" alt class=\"lazyload img-responsive wp-image-2047\" srcset=\"data:image\/svg+xml,%3Csvg%20xmlns%3D%27http%3A%2F%2Fwww.w3.org%2F2000%2Fsvg%27%20width%3D%27565%27%20height%3D%27800%27%20viewBox%3D%270%200%20565%20800%27%3E%3Crect%20width%3D%27565%27%20height%3D%27800%27%20fill-opacity%3D%220%22%2F%3E%3C%2Fsvg%3E\" data-srcset=\"https:\/\/galerie-artima.com\/wp-content\/uploads\/2021\/08\/Portrait-Nolvenn-Le-Goff-200x283.jpg 200w, https:\/\/galerie-artima.com\/wp-content\/uploads\/2021\/08\/Portrait-Nolvenn-Le-Goff-400x566.jpg 400w, https:\/\/galerie-artima.com\/wp-content\/uploads\/2021\/08\/Portrait-Nolvenn-Le-Goff.jpg 565w\" data-sizes=\"auto\" data-orig-sizes=\"200px\" \/><\/span><\/div><\/div><\/div><div class=\"fusion-layout-column fusion_builder_column fusion-builder-column-4 fusion_builder_column_5_6 5_6 fusion-flex-column\" style=\"--awb-bg-size:cover;--awb-width-large:83.333333333333%;--awb-margin-top-large:0px;--awb-spacing-right-large:2.304%;--awb-margin-bottom-large:0px;--awb-spacing-left-large:2.304%;--awb-width-medium:83.333333333333%;--awb-order-medium:0;--awb-spacing-right-medium:2.304%;--awb-spacing-left-medium:2.304%;--awb-width-small:83.333333333333%;--awb-order-small:0;--awb-spacing-right-small:2.304%;--awb-spacing-left-small:2.304%;\"><div class=\"fusion-column-wrapper fusion-column-has-shadow fusion-flex-justify-content-flex-start fusion-content-layout-column\"><div class=\"fusion-text fusion-text-1\" style=\"--awb-text-color:#222222;\"><p style=\"text-align: justify;\"><strong>Born in Mexico City in 1975. Lives and works in Paysac (FR). Graduated in graphic design, advertising and marketing, she has been entirely dedicated to creation since 2014 and exhibits her work since 2012. <\/strong><\/p>\n<p style=\"text-align: justify;\">Nolvenn Le Goff enters the art world in 2010. It was at the International Contemporary Art Competition in Barcelona that his astonishing work was honoured for the first time. It reflects both his concern for environmental issues but also a philosophy of life and values such as empathy, solidarity and responsibility, a quest for harmony within us, between us and with the world around us.<\/p>\n<p style=\"text-align: justify;\">Between art and design, she has created three series entitled Paper Cities, Harmonious Sets and Wings, which have the singularity of using paper as a raw material. Wishing to restore the dignity of this noble material, which has gradually depreciated over the centuries, she takes her creations to their limits through patience, precision and meticulousness.<\/p>\n<p style=\"text-align: justify;\">In 2014, she founded Talent Lab, a small gallery and studio in Barcelona, a meeting point between artists and the public and a source of inspiration. This is how she was introduced to the world of sacred geometry, which led to the birth of Harmonious Sets. This purely geometric series will make him realize that we share a common origin and that our actions affect not only ourselves but the whole.<\/p>\n<p style=\"text-align: justify;\">Her thoughts and her personal development will lead her to her last work, probably the most intimate: The Wing. Those of angels, birds, Pegasus who represent for Nolvenn his desire for purity, harmony, balance and resistance to the consumer society, selfishness and individualism. Heir to the mysticism of Mexican culture on the one hand and Celtic culture on the other, the artist impregnates each of his pieces with a halo of magic, fantasy and sincerity. With this series of maturity, she takes off to conquer new dreams.<\/p>\n<p style=\"text-align: justify;\">She has been exhibited in Spain, France, Mexico &#8230; and at the Galerie Artima since 2019.<\/p>\n<p><strong>Exhibitions :<\/strong><\/p>\n<p>2023<br \/>Salon Art en Capital &#8211; Grand Palais Eph\u00e9m\u00e8re &#8211; Paris<br \/>Galer\u00eda Luc\u00eda Due\u00f1as &#8211; Oviedo<br \/>\u00a0<\/p>\n<p>2022<br \/>The Wisdom of One &#8211; Ch\u00e2teau d&#8217;Excideuil<br \/>Noir &amp; Blanc &#8211; Group show &#8211; Galerie Artima &#8211; Paris<br \/>Salon FIG Bilbao &#8211; International Engraving Fair &#8211; Bilbao<br \/>Galer\u00eda Rub\u00e9n Torres &#8211; Barcelona<br \/>Galer\u00eda Luc\u00eda Due\u00f1as &#8211; Oviedo<br \/>Galer\u00eda Artevistas &#8211; Barcelona<br \/>Salon Art en Capital &#8211; Grand Palais Eph\u00e9m\u00e8re &#8211; Paris<br \/>\u00a0<\/p>\n<p>2021<br \/>Mujeres del papel &#8211; Galer\u00eda Luc\u00eda Due\u00f1as &#8211; Oviedo<br \/>Salon FIG Bilbao &#8211; International Engraving Fair &#8211; Bilbao<br \/>Galer\u00eda Rub\u00e9n Torres &#8211; Barcelona<br \/>Galer\u00eda Artevistas &#8211; Barcelona<br \/>Galerie Bettina &#8211; Paris<br \/>\u00a0<\/p>\n<p>2020<br \/>Mundos de celulosa &#8211; Opera lounge &#8211; Barcelona<br \/>Conjuntos armoniosos &#8211; Galeria Stendhal &#8211; Barcelona<br \/>Galer\u00eda Luc\u00eda Due\u00f1as &#8211; Oviedo<br \/>Group show &#8211; L&#8217;Explorateur &#8211; Barcelona<br \/>Salon Art en Capital &#8211; Grand Palais &#8211; Paris<br \/>\u00a0<\/p>\n<p>2019<br \/>Design &#8211; Group show &#8211; Galerie Artima &#8211; Paris<br \/>Galerie Bettina &#8211; Paris<br \/>Galer\u00eda Artevistas &#8211; Barcelona<br \/>\u00a0<\/p>\n<p>2020<br \/>Mundos de celulosa &#8211; Opera lounge &#8211; Barcelona<br \/>Conjuntos armoniosos &#8211; Galeria Stendhal &#8211; Barcelona<br \/>Salon Art en Capital &#8211; Grand Palais &#8211; Paris<br \/>\u00a0<\/p>\n<p>2019<br \/>Design &#8211; Group show &#8211; Galerie Artima &#8211; Paris<br \/>Galerie Bettina \u2013 Paris<br \/>\u00a0<\/p>\n<p>2018<br \/>Group show &#8211; Galerie Bettina &#8211; Paris<br \/>Group show &#8211; L&#8217;Explorateur &#8211; Barcelona<br \/>LOOM Festival &#8211; Festival art\u00edstico multidisciplinar &#8211; Barcelona<br \/>Don&#8217;t Amputate me &#8211; Barcelona<\/p>\n<p>\u00a0<\/p>\n<p>2017<br \/>Mundos de Celulosa &#8211; solo show &#8211; Consulado de M\u00e9xico &#8211; Barcelona<\/p>\n<p>\u00a0<\/p>\n<p>2016<br \/>Exhibition S\u00edntesi 90minuts &#8211; Museo Disseny Hub &#8211; Barcelona<\/p>\n<p>\u00a0<\/p>\n<p>2015<br \/>Exhibition S\u00edntesi 90minuts &#8211; Museo Disseny Hub &#8211; Barcelona<\/p>\n<p>\u00a0<\/p>\n<p>2014<br \/>Urban People &#8211; Galeria Mitte &#8211; Barcelona<\/p>\n<p>\u00a0<\/p>\n<p>2013<br \/>GMAC &#8211; Paris<br \/>Mundos de Celulosa &#8211; L&#8217;Indiscret &#8211; Barcelona<br \/>??? Qu\u00e8, On, Quan &#8211; Galer\u00eda Untitled &#8211; Barcelona<\/p>\n<p>\u00a0<\/p>\n<p>2012<br \/>Salon Art en Capital &#8211; Grand Palais &#8211; Paris<\/p>\n<p>\u00a0<\/p>\n<p>2010<br \/>Drop-Art &#8211; Festival Internacional de Reciclaje Artisitico de Catalunya<br \/>Espai Merc\u00e9 Sala &#8211; Rambla Catalunya\/Rossell\u00f3 &#8212; Barcelona<\/p>\n<p>\u00a0<\/p>\n<p>2008<br \/>Nobodinoz, Kid Art Design Store, Seneca 9<\/p>\n<p>\u00a0<\/p>\n<p><strong>Residency:<\/strong><br \/>2012 &#8211; 2 monts at the Eco-Mus\u00e9e Papeterie de Vaux, Paysac<\/p>\n<p>\u00a0<\/p>\n<p><strong>Education:<\/strong><br \/>Master in Marketing &#8211; Barcelona<br \/>Diploma in Graphic Design &#8211; School of Design of the National Institute of Fine Arts of Mexico<br \/>Specialization in multimedia and advertising &#8211; School of Design of the National Institute of Fine Arts of Mexico<br \/>Specialization in Editorial Design &#8211; School of Design of the National Institute of Fine Arts of Mexico<\/p>\n<p>\u00a0<\/p>\n<p><strong>Awards and Distinctions:<\/strong><br \/>2022 &#8211; Finalist in the Ateliers D&#8217;Art de France competition<br \/>2022 &#8211; Participation in the Homo Faber biennial &#8211; Venice &#8211; Italy &#8211; Celebrating the best of European and Japanese craftsmanship &#8211; Michelangelo Foundation &#8211; Fondazione Giorgio Cini<br \/>2020 &#8211; Maxime Juan Prize &#8211; Taylor Foundation &#8211; Paris<br \/>2010 &#8211; International Contemporary Art Competition organised by bARTcelona &#8211; Third prize<\/p>\n<\/div><\/div><\/div><\/div><\/div><\/p>\n","protected":false},"excerpt":{"rendered":"","protected":false},"author":1,"featured_media":0,"parent":0,"menu_order":95,"comment_status":"closed","ping_status":"closed","template":"","meta":{"footnotes":""},"class_list":["post-2494","page","type-page","status-publish","hentry"],"yoast_head":"<!-- This site is optimized with the Yoast SEO plugin v27.2 - https:\/\/yoast.com\/product\/yoast-seo-wordpress\/ -->\n<title>Nolvenn LE GOFF - Biography - Galerie Artima<\/title>\n<meta name=\"description\" content=\"Nolvenn le GOFF - Franco-Mexican artist born in 1975 in Mexico - Lives in Dordogne - Paper work - Les Ailes - Harmonious Sets - Paper cities - Poetry and delicacy\" \/>\n<meta name=\"robots\" content=\"index, follow, max-snippet:-1, max-image-preview:large, max-video-preview:-1\" \/>\n<link rel=\"canonical\" href=\"https:\/\/galerie-artima.com\/en\/nolvenn-le-goff-biography\" \/>\n<meta property=\"og:locale\" content=\"en_US\" \/>\n<meta property=\"og:type\" content=\"article\" \/>\n<meta property=\"og:title\" content=\"Nolvenn LE GOFF - Biography - Galerie Artima\" \/>\n<meta property=\"og:description\" content=\"Nolvenn le GOFF - Franco-Mexican artist born in 1975 in Mexico - Lives in Dordogne - Paper work - Les Ailes - Harmonious Sets - Paper cities - Poetry and delicacy\" \/>\n<meta property=\"og:url\" content=\"https:\/\/galerie-artima.com\/en\/nolvenn-le-goff-biography\" \/>\n<meta property=\"og:site_name\" content=\"Galerie Artima\" \/>\n<meta property=\"article:publisher\" content=\"https:\/\/www.facebook.com\/mulevosges\" \/>\n<meta property=\"article:modified_time\" content=\"2024-05-07T15:45:12+00:00\" \/>\n<meta name=\"twitter:card\" content=\"summary_large_image\" \/>\n<script type=\"application\/ld+json\" class=\"yoast-schema-graph\">{\"@context\":\"https:\/\/schema.org\",\"@graph\":[{\"@type\":\"WebPage\",\"@id\":\"https:\/\/galerie-artima.com\/en\/nolvenn-le-goff-biography\",\"url\":\"https:\/\/galerie-artima.com\/en\/nolvenn-le-goff-biography\",\"name\":\"Nolvenn LE GOFF - Biography - Galerie Artima\",\"isPartOf\":{\"@id\":\"https:\/\/galerie-artima.com\/#website\"},\"datePublished\":\"2021-11-21T14:55:07+00:00\",\"dateModified\":\"2024-05-07T15:45:12+00:00\",\"description\":\"Nolvenn le GOFF - Franco-Mexican artist born in 1975 in Mexico - Lives in Dordogne - Paper work - Les Ailes - Harmonious Sets - Paper cities - Poetry and delicacy\",\"breadcrumb\":{\"@id\":\"https:\/\/galerie-artima.com\/en\/nolvenn-le-goff-biography#breadcrumb\"},\"inLanguage\":\"en-US\",\"potentialAction\":[{\"@type\":\"ReadAction\",\"target\":[\"https:\/\/galerie-artima.com\/en\/nolvenn-le-goff-biography\"]}]},{\"@type\":\"BreadcrumbList\",\"@id\":\"https:\/\/galerie-artima.com\/en\/nolvenn-le-goff-biography#breadcrumb\",\"itemListElement\":[{\"@type\":\"ListItem\",\"position\":1,\"name\":\"Accueil\",\"item\":\"https:\/\/galerie-artima.com\/en\"},{\"@type\":\"ListItem\",\"position\":2,\"name\":\"Nolvenn LE GOFF &#8211; Biography\"}]},{\"@type\":\"WebSite\",\"@id\":\"https:\/\/galerie-artima.com\/#website\",\"url\":\"https:\/\/galerie-artima.com\/\",\"name\":\"Galerie Artima\",\"description\":\"Galerie ARTIMA - Paris - Honfleur\",\"publisher\":{\"@id\":\"https:\/\/galerie-artima.com\/#organization\"},\"potentialAction\":[{\"@type\":\"SearchAction\",\"target\":{\"@type\":\"EntryPoint\",\"urlTemplate\":\"https:\/\/galerie-artima.com\/?s={search_term_string}\"},\"query-input\":{\"@type\":\"PropertyValueSpecification\",\"valueRequired\":true,\"valueName\":\"search_term_string\"}}],\"inLanguage\":\"en-US\"},{\"@type\":\"Organization\",\"@id\":\"https:\/\/galerie-artima.com\/#organization\",\"name\":\"Galerie ARTIMA\",\"url\":\"https:\/\/galerie-artima.com\/\",\"logo\":{\"@type\":\"ImageObject\",\"inLanguage\":\"en-US\",\"@id\":\"https:\/\/galerie-artima.com\/#\/schema\/logo\/image\/\",\"url\":\"https:\/\/galerie-artima.com\/wp-content\/uploads\/2022\/02\/LOGO-2022-copie.jpg\",\"contentUrl\":\"https:\/\/galerie-artima.com\/wp-content\/uploads\/2022\/02\/LOGO-2022-copie.jpg\",\"width\":2362,\"height\":654,\"caption\":\"Galerie ARTIMA\"},\"image\":{\"@id\":\"https:\/\/galerie-artima.com\/#\/schema\/logo\/image\/\"},\"sameAs\":[\"https:\/\/www.facebook.com\/mulevosges\",\"https:\/\/www.instagram.com\/galerie_artima\/\"]}]}<\/script>\n<!-- \/ Yoast SEO plugin. -->","yoast_head_json":{"title":"Nolvenn LE GOFF - Biography - Galerie Artima","description":"Nolvenn le GOFF - Franco-Mexican artist born in 1975 in Mexico - Lives in Dordogne - Paper work - Les Ailes - Harmonious Sets - Paper cities - Poetry and delicacy","robots":{"index":"index","follow":"follow","max-snippet":"max-snippet:-1","max-image-preview":"max-image-preview:large","max-video-preview":"max-video-preview:-1"},"canonical":"https:\/\/galerie-artima.com\/en\/nolvenn-le-goff-biography","og_locale":"en_US","og_type":"article","og_title":"Nolvenn LE GOFF - Biography - Galerie Artima","og_description":"Nolvenn le GOFF - Franco-Mexican artist born in 1975 in Mexico - Lives in Dordogne - Paper work - Les Ailes - Harmonious Sets - Paper cities - Poetry and delicacy","og_url":"https:\/\/galerie-artima.com\/en\/nolvenn-le-goff-biography","og_site_name":"Galerie Artima","article_publisher":"https:\/\/www.facebook.com\/mulevosges","article_modified_time":"2024-05-07T15:45:12+00:00","twitter_card":"summary_large_image","schema":{"@context":"https:\/\/schema.org","@graph":[{"@type":"WebPage","@id":"https:\/\/galerie-artima.com\/en\/nolvenn-le-goff-biography","url":"https:\/\/galerie-artima.com\/en\/nolvenn-le-goff-biography","name":"Nolvenn LE GOFF - Biography - Galerie Artima","isPartOf":{"@id":"https:\/\/galerie-artima.com\/#website"},"datePublished":"2021-11-21T14:55:07+00:00","dateModified":"2024-05-07T15:45:12+00:00","description":"Nolvenn le GOFF - Franco-Mexican artist born in 1975 in Mexico - Lives in Dordogne - Paper work - Les Ailes - Harmonious Sets - Paper cities - Poetry and delicacy","breadcrumb":{"@id":"https:\/\/galerie-artima.com\/en\/nolvenn-le-goff-biography#breadcrumb"},"inLanguage":"en-US","potentialAction":[{"@type":"ReadAction","target":["https:\/\/galerie-artima.com\/en\/nolvenn-le-goff-biography"]}]},{"@type":"BreadcrumbList","@id":"https:\/\/galerie-artima.com\/en\/nolvenn-le-goff-biography#breadcrumb","itemListElement":[{"@type":"ListItem","position":1,"name":"Accueil","item":"https:\/\/galerie-artima.com\/en"},{"@type":"ListItem","position":2,"name":"Nolvenn LE GOFF &#8211; Biography"}]},{"@type":"WebSite","@id":"https:\/\/galerie-artima.com\/#website","url":"https:\/\/galerie-artima.com\/","name":"Galerie Artima","description":"Galerie ARTIMA - Paris - Honfleur","publisher":{"@id":"https:\/\/galerie-artima.com\/#organization"},"potentialAction":[{"@type":"SearchAction","target":{"@type":"EntryPoint","urlTemplate":"https:\/\/galerie-artima.com\/?s={search_term_string}"},"query-input":{"@type":"PropertyValueSpecification","valueRequired":true,"valueName":"search_term_string"}}],"inLanguage":"en-US"},{"@type":"Organization","@id":"https:\/\/galerie-artima.com\/#organization","name":"Galerie ARTIMA","url":"https:\/\/galerie-artima.com\/","logo":{"@type":"ImageObject","inLanguage":"en-US","@id":"https:\/\/galerie-artima.com\/#\/schema\/logo\/image\/","url":"https:\/\/galerie-artima.com\/wp-content\/uploads\/2022\/02\/LOGO-2022-copie.jpg","contentUrl":"https:\/\/galerie-artima.com\/wp-content\/uploads\/2022\/02\/LOGO-2022-copie.jpg","width":2362,"height":654,"caption":"Galerie ARTIMA"},"image":{"@id":"https:\/\/galerie-artima.com\/#\/schema\/logo\/image\/"},"sameAs":["https:\/\/www.facebook.com\/mulevosges","https:\/\/www.instagram.com\/galerie_artima\/"]}]}},"_links":{"self":[{"href":"https:\/\/galerie-artima.com\/en\/wp-json\/wp\/v2\/pages\/2494","targetHints":{"allow":["GET"]}}],"collection":[{"href":"https:\/\/galerie-artima.com\/en\/wp-json\/wp\/v2\/pages"}],"about":[{"href":"https:\/\/galerie-artima.com\/en\/wp-json\/wp\/v2\/types\/page"}],"author":[{"embeddable":true,"href":"https:\/\/galerie-artima.com\/en\/wp-json\/wp\/v2\/users\/1"}],"replies":[{"embeddable":true,"href":"https:\/\/galerie-artima.com\/en\/wp-json\/wp\/v2\/comments?post=2494"}],"version-history":[{"count":10,"href":"https:\/\/galerie-artima.com\/en\/wp-json\/wp\/v2\/pages\/2494\/revisions"}],"predecessor-version":[{"id":11775,"href":"https:\/\/galerie-artima.com\/en\/wp-json\/wp\/v2\/pages\/2494\/revisions\/11775"}],"wp:attachment":[{"href":"https:\/\/galerie-artima.com\/en\/wp-json\/wp\/v2\/media?parent=2494"}],"curies":[{"name":"wp","href":"https:\/\/api.w.org\/{rel}","templated":true}]}}