{"id":2648,"date":"2021-11-27T18:25:38","date_gmt":"2021-11-27T17:25:38","guid":{"rendered":"http:\/\/galerieartima.fr\/julien-graizely-biography"},"modified":"2025-10-18T19:10:11","modified_gmt":"2025-10-18T17:10:11","slug":"julien-graizely-biography","status":"publish","type":"page","link":"https:\/\/galerie-artima.com\/en\/julien-graizely-biography","title":{"rendered":"Julien GRAIZELY &#8211; Biography"},"content":{"rendered":"<p><div class=\"fusion-fullwidth fullwidth-box fusion-builder-row-1 fusion-flex-container nonhundred-percent-fullwidth non-hundred-percent-height-scrolling\" style=\"--awb-border-radius-top-left:0px;--awb-border-radius-top-right:0px;--awb-border-radius-bottom-right:0px;--awb-border-radius-bottom-left:0px;--awb-padding-left:22px;--awb-padding-left-medium:0px;--awb-flex-wrap:wrap;\" ><div class=\"fusion-builder-row fusion-row fusion-flex-align-items-flex-start fusion-flex-content-wrap\" style=\"max-width:1248px;margin-left: calc(-4% \/ 2 );margin-right: calc(-4% \/ 2 );\"><div class=\"fusion-layout-column fusion_builder_column fusion-builder-column-0 fusion-flex-column\" style=\"--awb-bg-size:cover;--awb-width-large:auto;--awb-margin-top-large:0px;--awb-spacing-right-large:25px;--awb-margin-bottom-large:0px;--awb-spacing-left-large:2%;--awb-width-medium:auto;--awb-order-medium:0;--awb-spacing-right-medium:25px;--awb-spacing-left-medium:2%;--awb-width-small:auto;--awb-order-small:0;--awb-spacing-right-small:25px;--awb-spacing-left-small:2%;\"><div class=\"fusion-column-wrapper fusion-column-has-shadow fusion-flex-justify-content-center fusion-content-layout-column\"><div style=\"text-align:left;\"><a class=\"fusion-button button-flat button-medium button-custom fusion-button-default button-1 fusion-button-span-no fusion-has-button-gradient\" style=\"--button_accent_color:#607d8b;--button_border_color:#607d8b;--button_accent_hover_color:#000000;--button_border_hover_color:#000000;--button_border_width-top:1px;--button_border_width-right:1px;--button_border_width-bottom:1px;--button_border_width-left:1px;--button_gradient_top_color:rgba(0,0,0,0.03);--button_gradient_bottom_color:rgba(0,0,0,0);--button_gradient_top_color_hover:rgba(0,0,0,0);--button_gradient_bottom_color_hover:rgba(0,0,0,0);\" target=\"_self\" href=\"julien-graizely-works\"><span class=\"fusion-button-text awb-button__text awb-button__text--default\">Works<\/span><\/a><\/div><\/div><\/div><div class=\"fusion-layout-column fusion_builder_column fusion-builder-column-1 fusion-flex-column\" style=\"--awb-bg-size:cover;--awb-width-large:auto;--awb-margin-top-large:0px;--awb-spacing-right-large:2%;--awb-margin-bottom-large:0px;--awb-spacing-left-large:2%;--awb-width-medium:auto;--awb-order-medium:0;--awb-spacing-right-medium:2%;--awb-spacing-left-medium:2%;--awb-width-small:auto;--awb-order-small:0;--awb-spacing-right-small:2%;--awb-spacing-left-small:2%;\"><div class=\"fusion-column-wrapper fusion-column-has-shadow fusion-flex-justify-content-center fusion-content-layout-column\"><div style=\"text-align:left;\"><a class=\"fusion-button button-flat button-medium button-custom fusion-button-default button-2 fusion-button-span-no fusion-has-button-gradient\" style=\"--button_accent_color:#000000;--button_border_color:#000000;--button_accent_hover_color:#000000;--button_border_hover_color:#000000;--button_border_width-top:1px;--button_border_width-right:1px;--button_border_width-bottom:1px;--button_border_width-left:1px;--button_gradient_top_color:rgba(0,0,0,0.03);--button_gradient_bottom_color:rgba(0,0,0,0);--button_gradient_top_color_hover:rgba(0,0,0,0);--button_gradient_bottom_color_hover:rgba(0,0,0,0);\" target=\"_self\" href=\"#\"><span class=\"fusion-button-text awb-button__text awb-button__text--default\">Biography<\/span><\/a><\/div><\/div><\/div><\/div><\/div><div class=\"fusion-fullwidth fullwidth-box fusion-builder-row-2 fusion-flex-container nonhundred-percent-fullwidth non-hundred-percent-height-scrolling\" style=\"--awb-border-radius-top-left:0px;--awb-border-radius-top-right:0px;--awb-border-radius-bottom-right:0px;--awb-border-radius-bottom-left:0px;--awb-margin-bottom:25px;--awb-flex-wrap:wrap;\" ><div class=\"fusion-builder-row fusion-row fusion-flex-align-items-flex-start fusion-flex-content-wrap\" style=\"max-width:1248px;margin-left: calc(-4% \/ 2 );margin-right: calc(-4% \/ 2 );\"><div class=\"fusion-layout-column fusion_builder_column fusion-builder-column-2 fusion_builder_column_1_1 1_1 fusion-flex-column fusion-flex-align-self-center\" style=\"--awb-bg-size:cover;--awb-width-large:100%;--awb-margin-top-large:10px;--awb-spacing-right-large:1.92%;--awb-margin-bottom-large:10px;--awb-spacing-left-large:1.92%;--awb-width-medium:50%;--awb-order-medium:0;--awb-spacing-right-medium:3.84%;--awb-spacing-left-medium:3.84%;--awb-width-small:100%;--awb-order-small:0;--awb-spacing-right-small:1.92%;--awb-spacing-left-small:1.92%;\"><div class=\"fusion-column-wrapper fusion-column-has-shadow fusion-flex-justify-content-center fusion-content-layout-column\"><div class=\"fusion-separator fusion-full-width-sep\" style=\"align-self: center;margin-left: auto;margin-right: auto;width:100%;\"><div class=\"fusion-separator-border sep-single sep-solid\" style=\"--awb-height:20px;--awb-amount:20px;border-color:#e0dede;border-top-width:1px;\"><\/div><\/div><\/div><\/div><\/div><\/div><div class=\"fusion-fullwidth fullwidth-box fusion-builder-row-3 fusion-flex-container nonhundred-percent-fullwidth non-hundred-percent-height-scrolling\" style=\"--awb-border-radius-top-left:0px;--awb-border-radius-top-right:0px;--awb-border-radius-bottom-right:0px;--awb-border-radius-bottom-left:0px;--awb-flex-wrap:wrap;\" ><div class=\"fusion-builder-row fusion-row fusion-flex-align-items-flex-start fusion-flex-content-wrap\" style=\"max-width:1248px;margin-left: calc(-4% \/ 2 );margin-right: calc(-4% \/ 2 );\"><div class=\"fusion-layout-column fusion_builder_column fusion-builder-column-3 fusion_builder_column_1_6 1_6 fusion-flex-column\" style=\"--awb-bg-size:cover;--awb-width-large:16.666666666667%;--awb-margin-top-large:0px;--awb-spacing-right-large:11.52%;--awb-margin-bottom-large:0px;--awb-spacing-left-large:11.52%;--awb-width-medium:16.666666666667%;--awb-order-medium:0;--awb-spacing-right-medium:11.52%;--awb-spacing-left-medium:11.52%;--awb-width-small:16.666666666667%;--awb-order-small:0;--awb-spacing-right-small:11.52%;--awb-spacing-left-small:11.52%;\"><div class=\"fusion-column-wrapper fusion-column-has-shadow fusion-flex-justify-content-flex-start fusion-content-layout-column\"><div class=\"fusion-image-element \" style=\"text-align:center;--awb-max-width:300px;--awb-caption-title-font-family:var(--h2_typography-font-family);--awb-caption-title-font-weight:var(--h2_typography-font-weight);--awb-caption-title-font-style:var(--h2_typography-font-style);--awb-caption-title-size:var(--h2_typography-font-size);--awb-caption-title-transform:var(--h2_typography-text-transform);--awb-caption-title-line-height:var(--h2_typography-line-height);--awb-caption-title-letter-spacing:var(--h2_typography-letter-spacing);\"><span class=\" fusion-imageframe imageframe-none imageframe-1 hover-type-none\"><img decoding=\"async\" width=\"2232\" height=\"2560\" title=\"Portrait Julien Graizely\" src=\"https:\/\/galerie-artima.com\/wp-content\/uploads\/2021\/08\/Portrait-Julien-Graizely-scaled.jpg\" data-orig-src=\"https:\/\/galerie-artima.com\/wp-content\/uploads\/2021\/08\/Portrait-Julien-Graizely-scaled.jpg\" alt class=\"lazyload img-responsive wp-image-2074\" srcset=\"data:image\/svg+xml,%3Csvg%20xmlns%3D%27http%3A%2F%2Fwww.w3.org%2F2000%2Fsvg%27%20width%3D%272232%27%20height%3D%272560%27%20viewBox%3D%270%200%202232%202560%27%3E%3Crect%20width%3D%272232%27%20height%3D%272560%27%20fill-opacity%3D%220%22%2F%3E%3C%2Fsvg%3E\" data-srcset=\"https:\/\/galerie-artima.com\/wp-content\/uploads\/2021\/08\/Portrait-Julien-Graizely-200x229.jpg 200w, https:\/\/galerie-artima.com\/wp-content\/uploads\/2021\/08\/Portrait-Julien-Graizely-400x459.jpg 400w, https:\/\/galerie-artima.com\/wp-content\/uploads\/2021\/08\/Portrait-Julien-Graizely-scaled-600x688.jpg 600w, https:\/\/galerie-artima.com\/wp-content\/uploads\/2021\/08\/Portrait-Julien-Graizely-800x918.jpg 800w, https:\/\/galerie-artima.com\/wp-content\/uploads\/2021\/08\/Portrait-Julien-Graizely-1200x1376.jpg 1200w, https:\/\/galerie-artima.com\/wp-content\/uploads\/2021\/08\/Portrait-Julien-Graizely-scaled.jpg 2232w\" data-sizes=\"auto\" data-orig-sizes=\"200px\" \/><\/span><\/div><\/div><\/div><div class=\"fusion-layout-column fusion_builder_column fusion-builder-column-4 fusion_builder_column_5_6 5_6 fusion-flex-column\" style=\"--awb-bg-size:cover;--awb-width-large:83.333333333333%;--awb-margin-top-large:0px;--awb-spacing-right-large:2.304%;--awb-margin-bottom-large:0px;--awb-spacing-left-large:2.304%;--awb-width-medium:83.333333333333%;--awb-order-medium:0;--awb-spacing-right-medium:2.304%;--awb-spacing-left-medium:2.304%;--awb-width-small:83.333333333333%;--awb-order-small:0;--awb-spacing-right-small:2.304%;--awb-spacing-left-small:2.304%;\"><div class=\"fusion-column-wrapper fusion-column-has-shadow fusion-flex-justify-content-flex-start fusion-content-layout-column\"><div class=\"fusion-text fusion-text-1\" style=\"--awb-text-transform:none;--awb-text-color:#222222;\"><p style=\"text-align: justify;\">Installed near Royan, the spectacle of the seaside during the summer remains an inexhaustible source of inspiration. Characters, sketch with a fast gesture and without concern of the detail, devote themselves to the joys of the beach overcame by the heat. Thus was born this series entitled <em>Overexposure<\/em>, which he continues to complete.<\/p>\n<p style=\"text-align: justify;\">Julien Graizely works on paper or canvas. He explores and plays with space, time and knowledges which he masters and diverts by a lively and free gesture. From its paintings to its delicate drawings with infinite lines remains the contrast, the light and the vibration. Contrast of the lines. A graphic line, sure, empty but vibrating silhouettes outlined with graphite, superimposed moments. And then, the impulse of the gesture: the scrawl which erases, the scratch which hides or fills, this thick and powerful black line which replaces a head who think.<\/p>\n<p style=\"text-align: justify;\">Julien Graizely, born in the Ardennes in 1980, furrowed much the French cities throughout his formations (art metalwork in Avignon, visual communication in Royan, Ecole Boulle in Paris after having obtained the \u201cPrix du Travail et des Apprentis\u201d in 2001). It is in Paris that the inspiration comes to him. He lives and works in Charente Maritime.<\/p>\n<p><strong>\u00a0<\/strong><\/p>\n<p><strong>Exhibitions and fairs:<\/strong><br \/>\n&nbsp;<\/p>\n<p>2025<br \/>\nModerne Art Fair &#8211; Galerie Artima &#8211; Paris<br \/>\nPlessis des Arts &#8211; Domaine du Plessis &#8211; Chaniers<br \/>\nR\u00e9sidence &#8211; Minoterie de Mauz\u00e9<br \/>\n&nbsp;<\/p>\n<p>2023<br \/>\nPersonal exhibition &#8211; Abbaye de Fontdouce<br \/>\nPersonal exhibition &#8211; Galeria Jana Koniarka &#8211; Slovaquie<br \/>\n&nbsp;<\/p>\n<p>2022<br \/>\n<em>Quelque part aussi beau qu\u2019avant<\/em> &#8211; Personal exhibition &#8211; Galerie Oli\u00advier Waltman &#8211; Paris<br \/>\nWaltman Ortega Fine Art &#8211; Miami<br \/>\n&nbsp;<\/p>\n<p>2021<br \/>\n<em>En attendant<\/em> &#8211; Personal exhibition &#8211; Galerie Artima &#8211; Paris<br \/>\n<em>En attendant<\/em> &#8211; Personal exhibition &#8211; Galerie Olivier Waltman &#8211; Paris<br \/>\nDDessin 21 &#8211; Le Moli\u00e8re &#8211; Paris<br \/>\n&nbsp;<\/p>\n<p>2020<br \/>\nDdessin &#8211; Atelier Richelieu &#8211; Paris<br \/>\n&nbsp;<\/p>\n<p>2019<br \/>\n<em>Overexposure <\/em>&#8211; Personal exhibition &#8211; Waltman Ortega Fine Art \u2013 Miami<br \/>\nColl\u00e8ge des Remparts &#8211; Rozay en Brie<br \/>\n&nbsp;<\/p>\n<p>2018<br \/>\n<em>Surexposition<\/em> &#8211; Personal exhibition &#8211; Galerie Olivier Waltman &#8211; Paris<br \/>\n<em>Spring Equinox<\/em> &#8211; Waltman Ortega Fine Art &#8211; Miami<br \/>\n<em>Winter show<\/em> &#8211; Galerie Artima &#8211; London<br \/>\n&nbsp;<\/p>\n<p>2017<br \/>\n<em>Sous les pav\u00e9s, la plage<\/em> &#8211; Galerie Artima &#8211; Paris<br \/>\nGalerie Olivier Waltman &#8211; Paris<br \/>\n<em>Collection Particuli\u00e8re<\/em> &#8211; Galerie Artima &#8211; Paris<br \/>\nWaltman Ortega Fine Art &#8211; Miami<br \/>\n&nbsp;<\/p>\n<p>2016<br \/>\n<em>Vous reprendrez bien une chaise<\/em> &#8211; Abbaye de Trizay &#8211; Rochefort<br \/>\n<em>Recent works<\/em> &#8211; Personal exhibition &#8211; Galerie Olivier Waltman &#8211;\u00a0Paris<br \/>\n<em>New York <\/em>&#8211; Personal exhibition &#8211; Galerie Artima &#8211; Paris<br \/>\nAffordable Art Fair &#8211; Bruxelles &#8211; Galerie Artima<br \/>\n&nbsp;<\/p>\n<p>2015<br \/>\nAbbaye de Trizay<br \/>\n<em>Surexposition #2<\/em> &#8211; Personal exhibition &#8211; Galerie Artima &#8211; Paris<br \/>\n&nbsp;<\/p>\n<p>2014<br \/>\nV\u00e9ronique Fontaine &#8211; Personal exhibition &#8211; La Rochelle<br \/>\nPersonal exhibition &#8211; Galerie Mati\u00e8re Premi\u00e8re &#8211; Surg\u00e8res<br \/>\nPersonal exhibition &#8211; La M\u00e9langerie &#8211; Saint Sauvant<br \/>\nGalerie itin\u00e9rante &#8211; La Rochelle<br \/>\n&nbsp;<\/p>\n<p>2012<br \/>\nArt Atlantic &#8211; La Rochelle<br \/>\n&nbsp;<\/p>\n<p>2010<br \/>\nPersonal exhibition &#8211; Galerie Etre et Conna\u00eetre &#8211; La Rochelle<br \/>\nArt Atlantic &#8211; La Rochelle<br \/>\n&nbsp;<\/p>\n<p>2007<br \/>\nGalerie Pourquoi Pas &#8211; Saint Jean d\u2019Angely<br \/>\nGalerie Esprit Art &#8211; la Baule<br \/>\nArt London &#8211; Galerie Olivier Waltman &#8211; London<br \/>\nBridge Art Fair &#8211; Galerie Olivier Waltman &#8211; Miami<br \/>\nSt\u2019Art &#8211; Foire d\u2019art contemporain de Strasbourg &#8211; Galerie Artima &#8211; Paris<br \/>\n&nbsp;<\/p>\n<p>2006 &#8211; 2009<br \/>\nGalerie Artima &#8211; Paris<br \/>\nGalerie Etre et Conna\u00eetre &#8211; La Rochelle<br \/>\n&nbsp;<\/p>\n<p>2006<br \/>\nLa Coupole &#8211; Bordeaux<br \/>\nGalerie Artima &#8211; Paris<br \/>\n&nbsp;<\/p>\n<p>2005<br \/>\nG\u00e9raldine Zberro \u2013 Paris<br \/>\nGalerie W &#8211; Paris<br \/>\n&nbsp;<\/p>\n<p>2002 \u2013 2005<br \/>\nGalerie Art Up D\u00e9co<br \/>\n&nbsp;<\/p>\n<p><strong>Others projects:<\/strong><\/p>\n<p>2019<br \/>\nArtist residency in Miami<\/p>\n<p>2014 &#8211; 2016<br \/>\nR\u00e9my Cointreau\u00a0project: 80 drawings of cocktails and portraits of bartenders for the Group of Artists 1806 &#8211; New York &#8211; USA<\/p>\n<p>Stand-in of the hands of G\u00e9ricault for the film The Raft of Medusa &#8211; Grand angle Production for Arte<\/p>\n<\/div><\/div><\/div><\/div><\/div><div class=\"fusion-fullwidth fullwidth-box fusion-builder-row-4 fusion-flex-container nonhundred-percent-fullwidth non-hundred-percent-height-scrolling\" style=\"--awb-border-radius-top-left:0px;--awb-border-radius-top-right:0px;--awb-border-radius-bottom-right:0px;--awb-border-radius-bottom-left:0px;--awb-flex-wrap:wrap;\" ><div class=\"fusion-builder-row fusion-row fusion-flex-align-items-flex-start fusion-flex-content-wrap\" style=\"max-width:1248px;margin-left: calc(-4% \/ 2 );margin-right: calc(-4% \/ 2 );\"><\/div><\/div><\/p>\n","protected":false},"excerpt":{"rendered":"","protected":false},"author":1,"featured_media":0,"parent":0,"menu_order":112,"comment_status":"closed","ping_status":"closed","template":"","meta":{"footnotes":""},"class_list":["post-2648","page","type-page","status-publish","hentry"],"yoast_head":"<!-- This site is optimized with the Yoast SEO plugin v27.2 - https:\/\/yoast.com\/product\/yoast-seo-wordpress\/ -->\n<title>Julien GRAIZELY - Biography - Galerie Artima<\/title>\n<meta name=\"description\" content=\"JULIEN GRAIZELY - French artist born in 1980 - Exhibited at the ARTIMA gallery since 2006 - Painting and drawing - Questions the passing of time - Plays with the superposition of shapes, of a moment of life. Acute sense of light - Sensuality\" \/>\n<meta name=\"robots\" content=\"index, follow, max-snippet:-1, max-image-preview:large, max-video-preview:-1\" \/>\n<link rel=\"canonical\" href=\"https:\/\/galerie-artima.com\/en\/julien-graizely-biography\" \/>\n<meta property=\"og:locale\" content=\"en_US\" \/>\n<meta property=\"og:type\" content=\"article\" \/>\n<meta property=\"og:title\" content=\"Julien GRAIZELY - Biography - Galerie Artima\" \/>\n<meta property=\"og:description\" content=\"JULIEN GRAIZELY - French artist born in 1980 - Exhibited at the ARTIMA gallery since 2006 - Painting and drawing - Questions the passing of time - Plays with the superposition of shapes, of a moment of life. Acute sense of light - Sensuality\" \/>\n<meta property=\"og:url\" content=\"https:\/\/galerie-artima.com\/en\/julien-graizely-biography\" \/>\n<meta property=\"og:site_name\" content=\"Galerie Artima\" \/>\n<meta property=\"article:publisher\" content=\"https:\/\/www.facebook.com\/mulevosges\" \/>\n<meta property=\"article:modified_time\" content=\"2025-10-18T17:10:11+00:00\" \/>\n<meta name=\"twitter:card\" content=\"summary_large_image\" \/>\n<script type=\"application\/ld+json\" class=\"yoast-schema-graph\">{\"@context\":\"https:\/\/schema.org\",\"@graph\":[{\"@type\":\"WebPage\",\"@id\":\"https:\/\/galerie-artima.com\/en\/julien-graizely-biography\",\"url\":\"https:\/\/galerie-artima.com\/en\/julien-graizely-biography\",\"name\":\"Julien GRAIZELY - Biography - Galerie Artima\",\"isPartOf\":{\"@id\":\"https:\/\/galerie-artima.com\/#website\"},\"datePublished\":\"2021-11-27T17:25:38+00:00\",\"dateModified\":\"2025-10-18T17:10:11+00:00\",\"description\":\"JULIEN GRAIZELY - French artist born in 1980 - Exhibited at the ARTIMA gallery since 2006 - Painting and drawing - Questions the passing of time - Plays with the superposition of shapes, of a moment of life. Acute sense of light - Sensuality\",\"breadcrumb\":{\"@id\":\"https:\/\/galerie-artima.com\/en\/julien-graizely-biography#breadcrumb\"},\"inLanguage\":\"en-US\",\"potentialAction\":[{\"@type\":\"ReadAction\",\"target\":[\"https:\/\/galerie-artima.com\/en\/julien-graizely-biography\"]}]},{\"@type\":\"BreadcrumbList\",\"@id\":\"https:\/\/galerie-artima.com\/en\/julien-graizely-biography#breadcrumb\",\"itemListElement\":[{\"@type\":\"ListItem\",\"position\":1,\"name\":\"Accueil\",\"item\":\"https:\/\/galerie-artima.com\/en\"},{\"@type\":\"ListItem\",\"position\":2,\"name\":\"Julien GRAIZELY &#8211; Biography\"}]},{\"@type\":\"WebSite\",\"@id\":\"https:\/\/galerie-artima.com\/#website\",\"url\":\"https:\/\/galerie-artima.com\/\",\"name\":\"Galerie Artima\",\"description\":\"Galerie ARTIMA - Paris - Honfleur\",\"publisher\":{\"@id\":\"https:\/\/galerie-artima.com\/#organization\"},\"potentialAction\":[{\"@type\":\"SearchAction\",\"target\":{\"@type\":\"EntryPoint\",\"urlTemplate\":\"https:\/\/galerie-artima.com\/?s={search_term_string}\"},\"query-input\":{\"@type\":\"PropertyValueSpecification\",\"valueRequired\":true,\"valueName\":\"search_term_string\"}}],\"inLanguage\":\"en-US\"},{\"@type\":\"Organization\",\"@id\":\"https:\/\/galerie-artima.com\/#organization\",\"name\":\"Galerie ARTIMA\",\"url\":\"https:\/\/galerie-artima.com\/\",\"logo\":{\"@type\":\"ImageObject\",\"inLanguage\":\"en-US\",\"@id\":\"https:\/\/galerie-artima.com\/#\/schema\/logo\/image\/\",\"url\":\"https:\/\/galerie-artima.com\/wp-content\/uploads\/2022\/02\/LOGO-2022-copie.jpg\",\"contentUrl\":\"https:\/\/galerie-artima.com\/wp-content\/uploads\/2022\/02\/LOGO-2022-copie.jpg\",\"width\":2362,\"height\":654,\"caption\":\"Galerie ARTIMA\"},\"image\":{\"@id\":\"https:\/\/galerie-artima.com\/#\/schema\/logo\/image\/\"},\"sameAs\":[\"https:\/\/www.facebook.com\/mulevosges\",\"https:\/\/www.instagram.com\/galerie_artima\/\"]}]}<\/script>\n<!-- \/ Yoast SEO plugin. -->","yoast_head_json":{"title":"Julien GRAIZELY - Biography - Galerie Artima","description":"JULIEN GRAIZELY - French artist born in 1980 - Exhibited at the ARTIMA gallery since 2006 - Painting and drawing - Questions the passing of time - Plays with the superposition of shapes, of a moment of life. Acute sense of light - Sensuality","robots":{"index":"index","follow":"follow","max-snippet":"max-snippet:-1","max-image-preview":"max-image-preview:large","max-video-preview":"max-video-preview:-1"},"canonical":"https:\/\/galerie-artima.com\/en\/julien-graizely-biography","og_locale":"en_US","og_type":"article","og_title":"Julien GRAIZELY - Biography - Galerie Artima","og_description":"JULIEN GRAIZELY - French artist born in 1980 - Exhibited at the ARTIMA gallery since 2006 - Painting and drawing - Questions the passing of time - Plays with the superposition of shapes, of a moment of life. Acute sense of light - Sensuality","og_url":"https:\/\/galerie-artima.com\/en\/julien-graizely-biography","og_site_name":"Galerie Artima","article_publisher":"https:\/\/www.facebook.com\/mulevosges","article_modified_time":"2025-10-18T17:10:11+00:00","twitter_card":"summary_large_image","schema":{"@context":"https:\/\/schema.org","@graph":[{"@type":"WebPage","@id":"https:\/\/galerie-artima.com\/en\/julien-graizely-biography","url":"https:\/\/galerie-artima.com\/en\/julien-graizely-biography","name":"Julien GRAIZELY - Biography - Galerie Artima","isPartOf":{"@id":"https:\/\/galerie-artima.com\/#website"},"datePublished":"2021-11-27T17:25:38+00:00","dateModified":"2025-10-18T17:10:11+00:00","description":"JULIEN GRAIZELY - French artist born in 1980 - Exhibited at the ARTIMA gallery since 2006 - Painting and drawing - Questions the passing of time - Plays with the superposition of shapes, of a moment of life. Acute sense of light - Sensuality","breadcrumb":{"@id":"https:\/\/galerie-artima.com\/en\/julien-graizely-biography#breadcrumb"},"inLanguage":"en-US","potentialAction":[{"@type":"ReadAction","target":["https:\/\/galerie-artima.com\/en\/julien-graizely-biography"]}]},{"@type":"BreadcrumbList","@id":"https:\/\/galerie-artima.com\/en\/julien-graizely-biography#breadcrumb","itemListElement":[{"@type":"ListItem","position":1,"name":"Accueil","item":"https:\/\/galerie-artima.com\/en"},{"@type":"ListItem","position":2,"name":"Julien GRAIZELY &#8211; Biography"}]},{"@type":"WebSite","@id":"https:\/\/galerie-artima.com\/#website","url":"https:\/\/galerie-artima.com\/","name":"Galerie Artima","description":"Galerie ARTIMA - Paris - Honfleur","publisher":{"@id":"https:\/\/galerie-artima.com\/#organization"},"potentialAction":[{"@type":"SearchAction","target":{"@type":"EntryPoint","urlTemplate":"https:\/\/galerie-artima.com\/?s={search_term_string}"},"query-input":{"@type":"PropertyValueSpecification","valueRequired":true,"valueName":"search_term_string"}}],"inLanguage":"en-US"},{"@type":"Organization","@id":"https:\/\/galerie-artima.com\/#organization","name":"Galerie ARTIMA","url":"https:\/\/galerie-artima.com\/","logo":{"@type":"ImageObject","inLanguage":"en-US","@id":"https:\/\/galerie-artima.com\/#\/schema\/logo\/image\/","url":"https:\/\/galerie-artima.com\/wp-content\/uploads\/2022\/02\/LOGO-2022-copie.jpg","contentUrl":"https:\/\/galerie-artima.com\/wp-content\/uploads\/2022\/02\/LOGO-2022-copie.jpg","width":2362,"height":654,"caption":"Galerie ARTIMA"},"image":{"@id":"https:\/\/galerie-artima.com\/#\/schema\/logo\/image\/"},"sameAs":["https:\/\/www.facebook.com\/mulevosges","https:\/\/www.instagram.com\/galerie_artima\/"]}]}},"_links":{"self":[{"href":"https:\/\/galerie-artima.com\/en\/wp-json\/wp\/v2\/pages\/2648","targetHints":{"allow":["GET"]}}],"collection":[{"href":"https:\/\/galerie-artima.com\/en\/wp-json\/wp\/v2\/pages"}],"about":[{"href":"https:\/\/galerie-artima.com\/en\/wp-json\/wp\/v2\/types\/page"}],"author":[{"embeddable":true,"href":"https:\/\/galerie-artima.com\/en\/wp-json\/wp\/v2\/users\/1"}],"replies":[{"embeddable":true,"href":"https:\/\/galerie-artima.com\/en\/wp-json\/wp\/v2\/comments?post=2648"}],"version-history":[{"count":11,"href":"https:\/\/galerie-artima.com\/en\/wp-json\/wp\/v2\/pages\/2648\/revisions"}],"predecessor-version":[{"id":20122,"href":"https:\/\/galerie-artima.com\/en\/wp-json\/wp\/v2\/pages\/2648\/revisions\/20122"}],"wp:attachment":[{"href":"https:\/\/galerie-artima.com\/en\/wp-json\/wp\/v2\/media?parent=2648"}],"curies":[{"name":"wp","href":"https:\/\/api.w.org\/{rel}","templated":true}]}}