{"id":9097,"date":"2022-07-06T17:13:30","date_gmt":"2022-07-06T15:13:30","guid":{"rendered":"https:\/\/galerie-artima.com\/diego-beneitez-biography"},"modified":"2025-10-07T18:05:49","modified_gmt":"2025-10-07T16:05:49","slug":"diego-beneitez-biography","status":"publish","type":"page","link":"https:\/\/galerie-artima.com\/en\/diego-beneitez-biography","title":{"rendered":"Diego BENEITEZ &#8211; Biography"},"content":{"rendered":"<p><div class=\"fusion-fullwidth fullwidth-box fusion-builder-row-1 fusion-flex-container nonhundred-percent-fullwidth non-hundred-percent-height-scrolling\" style=\"--awb-border-radius-top-left:0px;--awb-border-radius-top-right:0px;--awb-border-radius-bottom-right:0px;--awb-border-radius-bottom-left:0px;--awb-padding-left:22px;--awb-padding-left-medium:0px;--awb-flex-wrap:wrap;\" ><div class=\"fusion-builder-row fusion-row fusion-flex-align-items-flex-start fusion-flex-content-wrap\" style=\"max-width:1248px;margin-left: calc(-4% \/ 2 );margin-right: calc(-4% \/ 2 );\"><div class=\"fusion-layout-column fusion_builder_column fusion-builder-column-0 fusion-flex-column\" style=\"--awb-bg-size:cover;--awb-width-large:auto;--awb-margin-top-large:0px;--awb-spacing-right-large:25px;--awb-margin-bottom-large:0px;--awb-spacing-left-large:2%;--awb-width-medium:auto;--awb-order-medium:0;--awb-spacing-right-medium:25px;--awb-spacing-left-medium:2%;--awb-width-small:auto;--awb-order-small:0;--awb-spacing-right-small:25px;--awb-spacing-left-small:2%;\"><div class=\"fusion-column-wrapper fusion-column-has-shadow fusion-flex-justify-content-center fusion-content-layout-column\"><div style=\"text-align:left;\"><a class=\"fusion-button button-flat button-medium button-custom fusion-button-default button-1 fusion-button-span-no fusion-has-button-gradient\" style=\"--button_accent_color:#607d8b;--button_border_color:#607d8b;--button_accent_hover_color:#000000;--button_border_hover_color:#000000;--button_border_width-top:1px;--button_border_width-right:1px;--button_border_width-bottom:1px;--button_border_width-left:1px;--button_gradient_top_color:rgba(0,0,0,0.03);--button_gradient_bottom_color:rgba(0,0,0,0);--button_gradient_top_color_hover:rgba(0,0,0,0);--button_gradient_bottom_color_hover:rgba(0,0,0,0);\" target=\"_self\" href=\"https:\/\/galerie-artima.com\/en\/diego-beneitez-oeuvres\"><span class=\"fusion-button-text awb-button__text awb-button__text--default\">Works<\/span><\/a><\/div><\/div><\/div><div class=\"fusion-layout-column fusion_builder_column fusion-builder-column-1 fusion-flex-column\" style=\"--awb-bg-size:cover;--awb-width-large:auto;--awb-margin-top-large:0px;--awb-spacing-right-large:2%;--awb-margin-bottom-large:0px;--awb-spacing-left-large:2%;--awb-width-medium:auto;--awb-order-medium:0;--awb-spacing-right-medium:2%;--awb-spacing-left-medium:2%;--awb-width-small:auto;--awb-order-small:0;--awb-spacing-right-small:2%;--awb-spacing-left-small:2%;\"><div class=\"fusion-column-wrapper fusion-column-has-shadow fusion-flex-justify-content-center fusion-content-layout-column\"><div style=\"text-align:left;\"><a class=\"fusion-button button-flat button-medium button-custom fusion-button-default button-2 fusion-button-span-no fusion-has-button-gradient\" style=\"--button_accent_color:#000000;--button_border_color:#000000;--button_accent_hover_color:#000000;--button_border_hover_color:#000000;--button_border_width-top:1px;--button_border_width-right:1px;--button_border_width-bottom:1px;--button_border_width-left:1px;--button_gradient_top_color:rgba(0,0,0,0.03);--button_gradient_bottom_color:rgba(0,0,0,0);--button_gradient_top_color_hover:rgba(0,0,0,0);--button_gradient_bottom_color_hover:rgba(0,0,0,0);\" target=\"_self\" href=\"#\"><span class=\"fusion-button-text awb-button__text awb-button__text--default\">Biography<\/span><\/a><\/div><\/div><\/div><\/div><\/div><div class=\"fusion-fullwidth fullwidth-box fusion-builder-row-2 fusion-flex-container nonhundred-percent-fullwidth non-hundred-percent-height-scrolling\" style=\"--awb-border-radius-top-left:0px;--awb-border-radius-top-right:0px;--awb-border-radius-bottom-right:0px;--awb-border-radius-bottom-left:0px;--awb-margin-bottom:25px;--awb-flex-wrap:wrap;\" ><div class=\"fusion-builder-row fusion-row fusion-flex-align-items-flex-start fusion-flex-content-wrap\" style=\"max-width:1248px;margin-left: calc(-4% \/ 2 );margin-right: calc(-4% \/ 2 );\"><div class=\"fusion-layout-column fusion_builder_column fusion-builder-column-2 fusion_builder_column_1_1 1_1 fusion-flex-column fusion-flex-align-self-center\" style=\"--awb-bg-size:cover;--awb-width-large:100%;--awb-margin-top-large:10px;--awb-spacing-right-large:1.92%;--awb-margin-bottom-large:10px;--awb-spacing-left-large:1.92%;--awb-width-medium:50%;--awb-order-medium:0;--awb-spacing-right-medium:3.84%;--awb-spacing-left-medium:3.84%;--awb-width-small:100%;--awb-order-small:0;--awb-spacing-right-small:1.92%;--awb-spacing-left-small:1.92%;\"><div class=\"fusion-column-wrapper fusion-column-has-shadow fusion-flex-justify-content-center fusion-content-layout-column\"><div class=\"fusion-separator fusion-full-width-sep\" style=\"align-self: center;margin-left: auto;margin-right: auto;width:100%;\"><div class=\"fusion-separator-border sep-single sep-solid\" style=\"--awb-height:20px;--awb-amount:20px;border-color:#e0dede;border-top-width:1px;\"><\/div><\/div><\/div><\/div><\/div><\/div><div class=\"fusion-fullwidth fullwidth-box fusion-builder-row-3 fusion-flex-container nonhundred-percent-fullwidth non-hundred-percent-height-scrolling\" style=\"--awb-border-radius-top-left:0px;--awb-border-radius-top-right:0px;--awb-border-radius-bottom-right:0px;--awb-border-radius-bottom-left:0px;--awb-flex-wrap:wrap;\" ><div class=\"fusion-builder-row fusion-row fusion-flex-align-items-flex-start fusion-flex-content-wrap\" style=\"max-width:1248px;margin-left: calc(-4% \/ 2 );margin-right: calc(-4% \/ 2 );\"><div class=\"fusion-layout-column fusion_builder_column fusion-builder-column-3 fusion_builder_column_1_6 1_6 fusion-flex-column\" style=\"--awb-bg-size:cover;--awb-width-large:16.666666666667%;--awb-margin-top-large:0px;--awb-spacing-right-large:11.52%;--awb-margin-bottom-large:0px;--awb-spacing-left-large:11.52%;--awb-width-medium:16.666666666667%;--awb-order-medium:0;--awb-spacing-right-medium:11.52%;--awb-spacing-left-medium:11.52%;--awb-width-small:16.666666666667%;--awb-order-small:0;--awb-spacing-right-small:11.52%;--awb-spacing-left-small:11.52%;\"><div class=\"fusion-column-wrapper fusion-column-has-shadow fusion-flex-justify-content-flex-start fusion-content-layout-column\"><div class=\"fusion-image-element \" style=\"--awb-caption-title-font-family:var(--h2_typography-font-family);--awb-caption-title-font-weight:var(--h2_typography-font-weight);--awb-caption-title-font-style:var(--h2_typography-font-style);--awb-caption-title-size:var(--h2_typography-font-size);--awb-caption-title-transform:var(--h2_typography-text-transform);--awb-caption-title-line-height:var(--h2_typography-line-height);--awb-caption-title-letter-spacing:var(--h2_typography-letter-spacing);\"><span class=\" fusion-imageframe imageframe-none imageframe-1 hover-type-none\"><img decoding=\"async\" width=\"2255\" height=\"2269\" title=\"Portrait Diego Beneitez\" src=\"https:\/\/galerie-artima.com\/wp-content\/uploads\/2022\/07\/Portrait-Diego-Beneitez.jpg\" data-orig-src=\"https:\/\/galerie-artima.com\/wp-content\/uploads\/2022\/07\/Portrait-Diego-Beneitez.jpg\" alt class=\"lazyload img-responsive wp-image-9091\" srcset=\"data:image\/svg+xml,%3Csvg%20xmlns%3D%27http%3A%2F%2Fwww.w3.org%2F2000%2Fsvg%27%20width%3D%272255%27%20height%3D%272269%27%20viewBox%3D%270%200%202255%202269%27%3E%3Crect%20width%3D%272255%27%20height%3D%272269%27%20fill-opacity%3D%220%22%2F%3E%3C%2Fsvg%3E\" data-srcset=\"https:\/\/galerie-artima.com\/wp-content\/uploads\/2022\/07\/Portrait-Diego-Beneitez-200x201.jpg 200w, https:\/\/galerie-artima.com\/wp-content\/uploads\/2022\/07\/Portrait-Diego-Beneitez-400x402.jpg 400w, https:\/\/galerie-artima.com\/wp-content\/uploads\/2022\/07\/Portrait-Diego-Beneitez-600x604.jpg 600w, https:\/\/galerie-artima.com\/wp-content\/uploads\/2022\/07\/Portrait-Diego-Beneitez-800x805.jpg 800w, https:\/\/galerie-artima.com\/wp-content\/uploads\/2022\/07\/Portrait-Diego-Beneitez-1200x1207.jpg 1200w, https:\/\/galerie-artima.com\/wp-content\/uploads\/2022\/07\/Portrait-Diego-Beneitez.jpg 2255w\" data-sizes=\"auto\" data-orig-sizes=\"200px\" \/><\/span><\/div><\/div><\/div><div class=\"fusion-layout-column fusion_builder_column fusion-builder-column-4 fusion_builder_column_5_6 5_6 fusion-flex-column\" style=\"--awb-bg-size:cover;--awb-width-large:83.333333333333%;--awb-margin-top-large:0px;--awb-spacing-right-large:2.304%;--awb-margin-bottom-large:0px;--awb-spacing-left-large:2.304%;--awb-width-medium:83.333333333333%;--awb-order-medium:0;--awb-spacing-right-medium:2.304%;--awb-spacing-left-medium:2.304%;--awb-width-small:83.333333333333%;--awb-order-small:0;--awb-spacing-right-small:2.304%;--awb-spacing-left-small:2.304%;\"><div class=\"fusion-column-wrapper fusion-column-has-shadow fusion-flex-justify-content-flex-start fusion-content-layout-column\"><div class=\"fusion-text fusion-text-1\" style=\"--awb-text-color:#222222;\"><p><strong>Born in 1986 in Zamora (Spain) <\/strong><strong>where he still lives and works.<\/strong><\/p>\n<p style=\"text-align: justify;\"><strong>\u00a0<\/strong><\/p>\n<p style=\"text-align: justify;\">Diego Ben\u00e9itez began his career in the world of urban art. He pursued an artistic education and, since 2010, focuses on painting, exhibiting widely at national and international level.<\/p>\n<p style=\"text-align: justify;\">His painting is a dialogue that borders on abstraction if not an ever-present horizon. His work is characterized by soft, muted colours and fine lines that create soothing atmospheres. Centered on a vibrant streak of light and broad bands of contrasting colours, Ben\u00e9itez&#8217;s works are first painted in oil to achieve rich tones and chromatisms, which he then complements with glazes and halftones in acrylic.<\/p>\n<p style=\"text-align: justify;\">The artist emphasizes the simplicity of everyday life: the silence of the countryside, the clear sky, the blue of the morning or the grey of a cloudy day.\u00a0 He paints moments that seem unimportant but whose singular beauty generates an important memory. Far from being abstract and empty of meaning, his landscapes, sometimes rural, sometimes urban, have an existential depth.\u00a0 They awaken the imagination and encourage contemplation.<\/p>\n<p style=\"text-align: justify;\">&#8220;What impresses me the most about the landscape is the changing atmosphere, its light, time; that attractive uncertainty of the rhythm of the natural&#8221;.<\/p>\n<p style=\"text-align: justify;\">Diego Ben\u00e9itez creates silent and fertile pictorial spaces where the viewer can rest or escape and where harmony is possible.<\/p>\n<p><strong>Selected solo shows: <\/strong><br \/>\n2025<br \/>\nEmbajada Espa\u0148ola en M\u00e9xico &#8211; MX<br \/>\n<em>El comienzo de une vida <\/em>&#8211; Solo exhibition &#8211; M Fine Arts Galerie \u2013 Boston &#8211; USA<br \/>\n<em>Donde el coraz\u00f3n te lleve<\/em> &#8211; Galer\u00eda Bea Villamar\u00edn &#8211; Gij\u00f3n &#8211; ES<br \/>\nGefen Gallery &#8211; San Francisco &#8211; USA<br \/>\n<em>La paz que busqu\u00e9 <\/em>&#8211; Galerie Artima &#8211; Paris &#8211; FR<\/p>\n<p>2024<br \/>\n<em>La libertad y el paisaje <\/em>&#8211; Galerie Artima &#8211; Paris &#8211; FR<br \/>\nThomas gallery Fine Arts &#8211; Antwerpen &#8211; NL<\/p>\n<p>2023<br \/>\n<em>Donde el coraz\u00f3n te lleve &#8211;<\/em> Galeria Bea Villamar\u00edn &#8211; Gij\u00f3n &#8211; ES<br \/>\n<em>En busca del dorado<\/em> &#8211; Galerie Artima &#8211; Paris &#8211; FR<br \/>\nExposicion Temporal &#8211; Museo Etnografico de Castilla y Leon &#8211; ES<br \/>\n<em>Skyline<\/em> &#8211; Pigment gallery &#8211; Paris &#8211; FR<\/p>\n<p>2022<br \/>\n<em>Le voyage<\/em> &#8211; Galerie Art &amp; Emotion &#8211; CH<\/p>\n<p>2021<br \/>\n<em>Origen<\/em> &#8211; Galer\u00eda Moret art &#8211; Coru\u00f1a &#8211; ES<br \/>\n<em>Calm<\/em> &#8211;\u00a0Hugo Galerie &#8211; New York &#8211; USA<br \/>\n<em>Juego de equilibrio &#8211; <\/em>Galer\u00eda Bea Villamar\u00edn &#8211; Gij\u00f3n &#8211; ES<\/p>\n<p>2020<br \/>\n<em>Di\u00e1logos X<\/em>: Diego Ben\u00e9itez and Marta S. Luengo &#8211; Galeria Bat Alberto Cornejo &#8211; Madrid &#8211; SP<br \/>\n<em>El Presente del Pasado<\/em> &#8211; Galer\u00eda BAT Alberto Cornejo &#8211; Madrid &#8211; SP<\/p>\n<p>2019<br \/>\n<em>Soberan\u00eda del Vac\u00edo<\/em> &#8211; Galer\u00eda Bea Villamar\u00edn &#8211; Gij\u00f3n &#8211; SP<\/p>\n<p>2017<br \/>\n<em>L\u00ednea de Luz<\/em> &#8211; Galer\u00eda Bea Villamar\u00edn &#8211; Gij\u00f3n &#8211; SP<\/p>\n<p>2016<br \/>\n<em>Compleja Sencillez<\/em> &#8211; A2 Garage &#8211; Madrid &#8211; SP<br \/>\n<em>Horizontes<\/em> &#8211; Pago de los Capellanes &#8211; Burgos &#8211; SP<\/p>\n<p>2015<br \/>\n<em>Skylines<\/em> &#8211; Galer\u00eda Rodrigo Juarranz &#8211; Aranda de Duero &#8211; SP<br \/>\n<em>Evocaciones <\/em>&#8211; Galer\u00eda Arte Mayor 44 &#8211; Palencia &#8211; SP<br \/>\n<em>Lejos del Desorden<\/em> &#8211; Galer\u00eda \u00c1ngel Cantero &#8211; Le\u00f3n &#8211; SP<\/p>\n<p>2014<br \/>\n<em>Paisaje On\u00edrico<\/em> &#8211; Galer\u00eda Mont\u00f3n de Trigo &#8211; Segovia &#8211; SP<br \/>\n<em>La L\u00ednea del Cielo<\/em> &#8211; Galer\u00eda Oct\u00f3gono &#8211; Avil\u00e9s &#8211; SP<\/p>\n<p>2013<br \/>\n<em>Distancia<\/em> &#8211; Diputaci\u00f3n de Zamora &#8211; Zamora &#8211; SP<\/p>\n<p>2012<br \/>\n<em>Kil\u00f3metros en Lienzo <\/em>&#8211; Palacio de la Alh\u00f3ndiga &#8211; Zamora &#8211; SP<\/p>\n<p><strong>Seleted group exhibitions:<\/strong><\/p>\n<p>2025<br \/>\nSeattle Art Fair &#8211; USA<br \/>\nGalerie Artima &#8211; Honfleur &#8211; FR<br \/>\nAAF Austin &#8211; Al Contar del Arte &#8211; USA<br \/>\nAAF London Hampstead &#8211; Al Contar del Arte &#8211; UK<br \/>\nExpo Chicago &#8211; Gefen Gallery &#8211; USA<br \/>\nSan Francisco Art Fair &#8211; Gefen Gallery &#8211; USA<br \/>\nArt Madrid &#8211; Juarranz Art Gallery &#8211; ES<br \/>\nAAF Brussels &#8211; Al Contar del Arte &#8211; B<\/p>\n<p>2024<br \/>\nEstampa &#8211; Feria de Arte Contempor\u00e1neo &#8211; Madrid &#8211; ES<br \/>\nGalerie Artima &#8211; Honfleur &#8211; FR<br \/>\nDiscovery Art Frankfurt &#8211; Aria Gallery &#8211; Corea del sur &#8211; D<\/p>\n<p>2023<br \/>\nLondon Hampstead &#8211; Galer\u00eda Rodrigo Juarranz &#8211; London &#8211; UK<br \/>\nEstampa &#8211; Feria de Arte Contempor\u00e1neo &#8211; Madrid &#8211; ES<br \/>\n<em>Ahora &amp; siempre<\/em> &#8211; Galer\u00eda BAT Alberto Cornejo &#8211; Madrid &#8211; ES<br \/>\nArt Karlsruhe &#8211; Galer\u00eda Rodrigo Juarranz &#8211; D<br \/>\nM Fine Arts Gallery &#8211; Boston &#8211; US<\/p>\n<p>2022<br \/>\n<em>Noir &amp; Blanc<\/em> &#8211; Galerie Artima &#8211; Paris &#8211; FR<br \/>\nGaler\u00eda Rodrigo Juarranz &#8211; Burgos &#8211; ES<br \/>\n<em>Summer show<\/em> &#8211; Galerie Artima &#8211; Paris &#8211; FR<\/p>\n<p>2021<br \/>\n<em>Winter Collective II<\/em> &#8211; Hugo Galerie &#8211; New York &#8211; USA<\/p>\n<p>2020<br \/>\nArt Show L.A &#8211; Galer\u00eda Bea Villamar\u00edn &#8211; Los Angeles &#8211; USA<br \/>\nArt Karlsruhe &#8211; Galer\u00eda Rodrigo Juarranz &#8211; D<\/p>\n<p>2019<br \/>\nOff Basel &#8211; Design Hunters &#8211; Miami \u2013 USA<br \/>\nExposici\u00f3n Subasta &#8211; Museo Thyssen-Bornemizsa &#8211; Madrid &#8211; SP<br \/>\nOr\u00edgenes &#8211; Galer\u00eda BAT Alberto Cornejo &#8211; Madrid &#8211; SP<br \/>\nEstampa &#8211; Galer\u00eda Rodrigo Juarranz &#8211; Madrid &#8211; SP<br \/>\nLondon Hampstead &#8211; Galer\u00eda Rodrigo Juarranz &#8211; London &#8211; UK<br \/>\nArt Karlsruhe &#8211; Galer\u00eda Rodrigo Juarranz &#8211; D<br \/>\nArt Madrid\u201918 &#8211; Galer\u00eda Rodrigo Juarranz &#8211; Madrid &#8211; SP<\/p>\n<p>2018<br \/>\nCielo y Tierra &#8211; Museo de Santa Cruz &#8211; Toledo &#8211; SP<br \/>\nHamburg Art Fair &#8211; Galer\u00eda Rodrigo Juarranz &#8211; D<br \/>\nArt Paris &#8211; Paris &#8211; FR<br \/>\nLondon Hampstead &#8211; Galeria Rodrigo Juarranz &#8211; London &#8211; UK<br \/>\nLausanne Art Fair &#8211; CH<\/p>\n<p>2016<br \/>\nArt Medell\u00edn &#8211; Galer\u00eda Casa Cuadrada &#8211; Bogot\u00e1 &#8211; CO<\/p>\n<p>2015<br \/>\nExposici\u00f3n Premio BMW de pintura &#8211; Casa de Vacas &#8211; Madrid &#8211; SP<br \/>\nBienal de pintura Torres Garc\u00eda\u2013Ciudad de Matar\u00f3 &#8211; Barcelona &#8211; SP<\/p>\n<p>2014<br \/>\nBienal de Cerveira &#8211; PT<\/p>\n<p>2013<br \/>\nCertamen J\u00f3venes Pintores de la Fundaci\u00f3n Gaceta &#8211; Salamanca &#8211; SP<\/p>\n<p>2008<br \/>\n21 Emergen &#8211; Palacio de la Alh\u00f3ndiga &#8211; Zamora &#8211; SP<\/p>\n<p><strong>Selected awards:<\/strong><br \/>\nPrize Artemisia Contest of the District of Moncloa-Aravaca &#8211; Madrid &#8211; SP<br \/>\nAcquisition Award Bienal de Arte no Morrazo &#8211; Pontevedra &#8211; SP<br \/>\nAcquisition Award XV Virgen de las Vi\u00f1as Contest &#8211; Ciudad Real &#8211; SP<br \/>\nHonourable Mention XLVII award Ciudad de Alcal\u00e1 de Henares &#8211; Madrid &#8211; SP<br \/>\nFinalist Young Creators contest Madrid City Council &#8211; Madrid &#8211; SP<br \/>\nSelection Queen Sofia Prize for Painting and Sculpture &#8211; Madrid &#8211; SP<br \/>\nFinalist BMW Painting Prize &#8211; Madrid &#8211; SP<br \/>\n1st Painting Prize Ministry of Agriculture &#8211; Madrid &#8211; SP<br \/>\n1st Painting Prize International Painting Contest Alcaudete &#8211; Ja\u00e9n &#8211; Spain &#8211; SP<br \/>\n1st Painting Prize Certamen Ciudad de Meco &#8211; Madrid &#8211; SP<br \/>\n1st Prize of Painting Juan Almagro &#8211; Pegalajar &#8211; Ja\u00e9n &#8211; SP<br \/>\n1st Painting Prize Climent Muncunill Roca &#8211; Manresa &#8211; SP<br \/>\n1st Prize Painting Ministry of Agriculture &#8211; Madrid &#8211; SP<br \/>\n1st Prize III Biennial &#8220;Crom\u00e1tica&#8221; Cum Laude Foundation &#8211; Ourense &#8211; SP<br \/>\n1st Prize Painting Contest City of \u00c1vila &#8211; \u00c1vila &#8211; SP<br \/>\n1st Prize Painting Contest Alcal\u00e1 de Henares &#8211; Madrid &#8211; SP<br \/>\n1st Prize Juan Jos\u00e9 Fern\u00e1ndez Leicega Painting Contest &#8211; A Coru\u00f1a &#8211; SP<br \/>\n1st Prize Painting Contest Real sitio del Pardo &#8211; Madrid &#8211; SP<\/p>\n<p><strong>Principal collections:\u00a0 <\/strong><br \/>\nComplutense University &#8211; Madrid &#8211; SP<br \/>\nMinistry of Agriculture &#8211; Madrid &#8211; SP<br \/>\nAutonomous Deputation of La Rioja &#8211; SP<br \/>\nMunicipal District &#8211; Moncloa-Aravaca &#8211; Madrid &#8211; SP<br \/>\nVillanueva University Centre &#8211; Madrid &#8211; SP<br \/>\nDistrict of Fuencarral-El Pardo &#8211; Madrid &#8211; SP<br \/>\nCity Council of Alcal\u00e1 de Henares &#8211; Madrid &#8211; SP<br \/>\nDistrict of Arganzuela &#8211; Madrid &#8211; SP<br \/>\nMuseum of Manresa &#8211; Barcelona &#8211; SP<br \/>\nOurense Provincial Council &#8211; SP<br \/>\nCity Council of Zamora &#8211; SP<br \/>\nGranada City Council &#8211; SP<br \/>\n\u00c1vila City Council &#8211; SP<br \/>\nCaja Espa\u00f1a Foundation &#8211; SP<br \/>\nCruzcampo Foundation &#8211; SP<br \/>\nBancaja Foundation &#8211; SP<\/p>\n<p><strong>\u00a0<\/strong><\/p>\n<\/div><\/div><\/div><\/div><\/div><\/p>\n","protected":false},"excerpt":{"rendered":"","protected":false},"author":1,"featured_media":0,"parent":0,"menu_order":57,"comment_status":"closed","ping_status":"closed","template":"","meta":{"footnotes":""},"class_list":["post-9097","page","type-page","status-publish","hentry"],"yoast_head":"<!-- This site is optimized with the Yoast SEO plugin v27.2 - https:\/\/yoast.com\/product\/yoast-seo-wordpress\/ -->\n<title>Diego BENEITEZ - Biography - Galerie Artima<\/title>\n<meta name=\"description\" content=\"DIEGO BENEITEZ - Spanish painter - Oil on canvas - Landscapes - Light\" \/>\n<meta name=\"robots\" content=\"index, follow, max-snippet:-1, max-image-preview:large, max-video-preview:-1\" \/>\n<link rel=\"canonical\" href=\"https:\/\/galerie-artima.com\/en\/diego-beneitez-biography\" \/>\n<meta property=\"og:locale\" content=\"en_US\" \/>\n<meta property=\"og:type\" content=\"article\" \/>\n<meta property=\"og:title\" content=\"Diego BENEITEZ - Biography - Galerie Artima\" \/>\n<meta property=\"og:description\" content=\"DIEGO BENEITEZ - Spanish painter - Oil on canvas - Landscapes - Light\" \/>\n<meta property=\"og:url\" content=\"https:\/\/galerie-artima.com\/en\/diego-beneitez-biography\" \/>\n<meta property=\"og:site_name\" content=\"Galerie Artima\" \/>\n<meta property=\"article:publisher\" content=\"https:\/\/www.facebook.com\/mulevosges\" \/>\n<meta property=\"article:modified_time\" content=\"2025-10-07T16:05:49+00:00\" \/>\n<meta name=\"twitter:card\" content=\"summary_large_image\" \/>\n<script type=\"application\/ld+json\" class=\"yoast-schema-graph\">{\"@context\":\"https:\/\/schema.org\",\"@graph\":[{\"@type\":\"WebPage\",\"@id\":\"https:\/\/galerie-artima.com\/en\/diego-beneitez-biography\",\"url\":\"https:\/\/galerie-artima.com\/en\/diego-beneitez-biography\",\"name\":\"Diego BENEITEZ - Biography - Galerie Artima\",\"isPartOf\":{\"@id\":\"https:\/\/galerie-artima.com\/#website\"},\"datePublished\":\"2022-07-06T15:13:30+00:00\",\"dateModified\":\"2025-10-07T16:05:49+00:00\",\"description\":\"DIEGO BENEITEZ - Spanish painter - Oil on canvas - Landscapes - Light\",\"breadcrumb\":{\"@id\":\"https:\/\/galerie-artima.com\/en\/diego-beneitez-biography#breadcrumb\"},\"inLanguage\":\"en-US\",\"potentialAction\":[{\"@type\":\"ReadAction\",\"target\":[\"https:\/\/galerie-artima.com\/en\/diego-beneitez-biography\"]}]},{\"@type\":\"BreadcrumbList\",\"@id\":\"https:\/\/galerie-artima.com\/en\/diego-beneitez-biography#breadcrumb\",\"itemListElement\":[{\"@type\":\"ListItem\",\"position\":1,\"name\":\"Accueil\",\"item\":\"https:\/\/galerie-artima.com\/en\"},{\"@type\":\"ListItem\",\"position\":2,\"name\":\"Diego BENEITEZ &#8211; Biography\"}]},{\"@type\":\"WebSite\",\"@id\":\"https:\/\/galerie-artima.com\/#website\",\"url\":\"https:\/\/galerie-artima.com\/\",\"name\":\"Galerie Artima\",\"description\":\"Galerie ARTIMA - Paris - Honfleur\",\"publisher\":{\"@id\":\"https:\/\/galerie-artima.com\/#organization\"},\"potentialAction\":[{\"@type\":\"SearchAction\",\"target\":{\"@type\":\"EntryPoint\",\"urlTemplate\":\"https:\/\/galerie-artima.com\/?s={search_term_string}\"},\"query-input\":{\"@type\":\"PropertyValueSpecification\",\"valueRequired\":true,\"valueName\":\"search_term_string\"}}],\"inLanguage\":\"en-US\"},{\"@type\":\"Organization\",\"@id\":\"https:\/\/galerie-artima.com\/#organization\",\"name\":\"Galerie ARTIMA\",\"url\":\"https:\/\/galerie-artima.com\/\",\"logo\":{\"@type\":\"ImageObject\",\"inLanguage\":\"en-US\",\"@id\":\"https:\/\/galerie-artima.com\/#\/schema\/logo\/image\/\",\"url\":\"https:\/\/galerie-artima.com\/wp-content\/uploads\/2022\/02\/LOGO-2022-copie.jpg\",\"contentUrl\":\"https:\/\/galerie-artima.com\/wp-content\/uploads\/2022\/02\/LOGO-2022-copie.jpg\",\"width\":2362,\"height\":654,\"caption\":\"Galerie ARTIMA\"},\"image\":{\"@id\":\"https:\/\/galerie-artima.com\/#\/schema\/logo\/image\/\"},\"sameAs\":[\"https:\/\/www.facebook.com\/mulevosges\",\"https:\/\/www.instagram.com\/galerie_artima\/\"]}]}<\/script>\n<!-- \/ Yoast SEO plugin. -->","yoast_head_json":{"title":"Diego BENEITEZ - Biography - Galerie Artima","description":"DIEGO BENEITEZ - Spanish painter - Oil on canvas - Landscapes - Light","robots":{"index":"index","follow":"follow","max-snippet":"max-snippet:-1","max-image-preview":"max-image-preview:large","max-video-preview":"max-video-preview:-1"},"canonical":"https:\/\/galerie-artima.com\/en\/diego-beneitez-biography","og_locale":"en_US","og_type":"article","og_title":"Diego BENEITEZ - Biography - Galerie Artima","og_description":"DIEGO BENEITEZ - Spanish painter - Oil on canvas - Landscapes - Light","og_url":"https:\/\/galerie-artima.com\/en\/diego-beneitez-biography","og_site_name":"Galerie Artima","article_publisher":"https:\/\/www.facebook.com\/mulevosges","article_modified_time":"2025-10-07T16:05:49+00:00","twitter_card":"summary_large_image","schema":{"@context":"https:\/\/schema.org","@graph":[{"@type":"WebPage","@id":"https:\/\/galerie-artima.com\/en\/diego-beneitez-biography","url":"https:\/\/galerie-artima.com\/en\/diego-beneitez-biography","name":"Diego BENEITEZ - Biography - Galerie Artima","isPartOf":{"@id":"https:\/\/galerie-artima.com\/#website"},"datePublished":"2022-07-06T15:13:30+00:00","dateModified":"2025-10-07T16:05:49+00:00","description":"DIEGO BENEITEZ - Spanish painter - Oil on canvas - Landscapes - Light","breadcrumb":{"@id":"https:\/\/galerie-artima.com\/en\/diego-beneitez-biography#breadcrumb"},"inLanguage":"en-US","potentialAction":[{"@type":"ReadAction","target":["https:\/\/galerie-artima.com\/en\/diego-beneitez-biography"]}]},{"@type":"BreadcrumbList","@id":"https:\/\/galerie-artima.com\/en\/diego-beneitez-biography#breadcrumb","itemListElement":[{"@type":"ListItem","position":1,"name":"Accueil","item":"https:\/\/galerie-artima.com\/en"},{"@type":"ListItem","position":2,"name":"Diego BENEITEZ &#8211; Biography"}]},{"@type":"WebSite","@id":"https:\/\/galerie-artima.com\/#website","url":"https:\/\/galerie-artima.com\/","name":"Galerie Artima","description":"Galerie ARTIMA - Paris - Honfleur","publisher":{"@id":"https:\/\/galerie-artima.com\/#organization"},"potentialAction":[{"@type":"SearchAction","target":{"@type":"EntryPoint","urlTemplate":"https:\/\/galerie-artima.com\/?s={search_term_string}"},"query-input":{"@type":"PropertyValueSpecification","valueRequired":true,"valueName":"search_term_string"}}],"inLanguage":"en-US"},{"@type":"Organization","@id":"https:\/\/galerie-artima.com\/#organization","name":"Galerie ARTIMA","url":"https:\/\/galerie-artima.com\/","logo":{"@type":"ImageObject","inLanguage":"en-US","@id":"https:\/\/galerie-artima.com\/#\/schema\/logo\/image\/","url":"https:\/\/galerie-artima.com\/wp-content\/uploads\/2022\/02\/LOGO-2022-copie.jpg","contentUrl":"https:\/\/galerie-artima.com\/wp-content\/uploads\/2022\/02\/LOGO-2022-copie.jpg","width":2362,"height":654,"caption":"Galerie ARTIMA"},"image":{"@id":"https:\/\/galerie-artima.com\/#\/schema\/logo\/image\/"},"sameAs":["https:\/\/www.facebook.com\/mulevosges","https:\/\/www.instagram.com\/galerie_artima\/"]}]}},"_links":{"self":[{"href":"https:\/\/galerie-artima.com\/en\/wp-json\/wp\/v2\/pages\/9097","targetHints":{"allow":["GET"]}}],"collection":[{"href":"https:\/\/galerie-artima.com\/en\/wp-json\/wp\/v2\/pages"}],"about":[{"href":"https:\/\/galerie-artima.com\/en\/wp-json\/wp\/v2\/types\/page"}],"author":[{"embeddable":true,"href":"https:\/\/galerie-artima.com\/en\/wp-json\/wp\/v2\/users\/1"}],"replies":[{"embeddable":true,"href":"https:\/\/galerie-artima.com\/en\/wp-json\/wp\/v2\/comments?post=9097"}],"version-history":[{"count":35,"href":"https:\/\/galerie-artima.com\/en\/wp-json\/wp\/v2\/pages\/9097\/revisions"}],"predecessor-version":[{"id":19907,"href":"https:\/\/galerie-artima.com\/en\/wp-json\/wp\/v2\/pages\/9097\/revisions\/19907"}],"wp:attachment":[{"href":"https:\/\/galerie-artima.com\/en\/wp-json\/wp\/v2\/media?parent=9097"}],"curies":[{"name":"wp","href":"https:\/\/api.w.org\/{rel}","templated":true}]}}